{"id":15938,"date":"2019-11-01T17:41:08","date_gmt":"2019-11-01T16:41:08","guid":{"rendered":"https:\/\/www.taubenmarktkassel.de\/inscricao\/pigeonregistration\/"},"modified":"2019-11-01T18:21:36","modified_gmt":"2019-11-01T17:21:36","slug":"inscricaopombos","status":"publish","type":"page","link":"https:\/\/www.taubenmarkt-kassel.de\/pt-pt\/inscricao\/inscricaopombos\/","title":{"rendered":"Inscri\u00e7\u00e3oPombos"},"content":{"rendered":"\t<section class=\"section dark has-mask mask-arrow\" id=\"section_966058564\">\n\t\t<div class=\"bg section-bg fill bg-fill  \" >\n\n\t\t\t\n\t\t\t<div class=\"section-bg-overlay absolute fill\"><\/div>\n\t\t\t\n\t<div class=\"is-border\"\n\t\tstyle=\"border-color:rgb(235, 235, 235);border-width:1px 0px 0px 0px;\">\n\t<\/div>\n\n\t\t<\/div>\n\n\t\t\n\n\t\t<div class=\"section-content relative\">\n\t\t\t\n<div class=\"row\"  id=\"row-230682114\">\n\n\t<div id=\"col-1230463418\" class=\"col small-12 large-12\"  >\n\t\t\t\t<div class=\"col-inner\"  >\n\t\t\t\n\t\t\t\n<div class=\"row\"  id=\"row-2086930664\">\n\n\t<div id=\"col-839880327\" class=\"col medium-3 small-12 large-3\"  >\n\t\t\t\t<div class=\"col-inner\"  >\n\t\t\t\n\t\t\t\n\n\t\t<div class=\"icon-box featured-box icon-box-center text-center\"  >\n\t\t\t\t\t<div class=\"icon-box-img\" style=\"width: 60px\">\n\t\t\t\t<div class=\"icon\">\n\t\t\t\t\t<div class=\"icon-inner\" style=\"color:rgb(255, 255, 255);\">\n\t\t\t\t\t\t<?xml version=\"1.0\" encoding=\"iso-8859-1\"?>\n<!-- Generator: Adobe Illustrator 16.0.0, SVG Export Plug-In . SVG Version: 6.00 Build 0)  -->\n<!DOCTYPE svg PUBLIC \"-\/\/W3C\/\/DTD SVG 1.1\/\/EN\" \"http:\/\/www.w3.org\/Graphics\/SVG\/1.1\/DTD\/svg11.dtd\">\n<svg version=\"1.1\" id=\"Capa_1\" xmlns=\"http:\/\/www.w3.org\/2000\/svg\" xmlns:xlink=\"http:\/\/www.w3.org\/1999\/xlink\" x=\"0px\" y=\"0px\"\n\t width=\"475.078px\" height=\"475.077px\" viewBox=\"0 0 475.078 475.077\" style=\"enable-background:new 0 0 475.078 475.077;\"\n\t xml:space=\"preserve\">\n<g>\n\t<g>\n\t\t<path d=\"M467.083,318.627c-5.324-5.328-11.8-7.994-19.41-7.994H315.195l-38.828,38.827c-11.04,10.657-23.982,15.988-38.828,15.988\n\t\t\tc-14.843,0-27.789-5.324-38.828-15.988l-38.543-38.827H27.408c-7.612,0-14.083,2.669-19.414,7.994\n\t\t\tC2.664,323.955,0,330.427,0,338.044v91.358c0,7.614,2.664,14.085,7.994,19.414c5.33,5.328,11.801,7.99,19.414,7.99h420.266\n\t\t\tc7.61,0,14.086-2.662,19.41-7.99c5.332-5.329,7.994-11.8,7.994-19.414v-91.358C475.078,330.427,472.416,323.955,467.083,318.627z\n\t\t\t M360.025,414.841c-3.621,3.617-7.905,5.424-12.854,5.424s-9.227-1.807-12.847-5.424c-3.614-3.617-5.421-7.898-5.421-12.844\n\t\t\tc0-4.948,1.807-9.236,5.421-12.847c3.62-3.62,7.898-5.431,12.847-5.431s9.232,1.811,12.854,5.431\n\t\t\tc3.613,3.61,5.421,7.898,5.421,12.847C365.446,406.942,363.638,411.224,360.025,414.841z M433.109,414.841\n\t\t\tc-3.614,3.617-7.898,5.424-12.848,5.424c-4.948,0-9.229-1.807-12.847-5.424c-3.613-3.617-5.42-7.898-5.42-12.844\n\t\t\tc0-4.948,1.807-9.236,5.42-12.847c3.617-3.62,7.898-5.431,12.847-5.431c4.949,0,9.233,1.811,12.848,5.431\n\t\t\tc3.617,3.61,5.427,7.898,5.427,12.847C438.536,406.942,436.729,411.224,433.109,414.841z\"\/>\n\t\t<path d=\"M224.692,323.479c3.428,3.613,7.71,5.421,12.847,5.421c5.141,0,9.418-1.808,12.847-5.421l127.907-127.908\n\t\t\tc5.899-5.519,7.234-12.182,3.997-19.986c-3.23-7.421-8.847-11.132-16.844-11.136h-73.091V36.543c0-4.948-1.811-9.231-5.421-12.847\n\t\t\tc-3.62-3.617-7.901-5.426-12.847-5.426h-73.096c-4.946,0-9.229,1.809-12.847,5.426c-3.615,3.616-5.424,7.898-5.424,12.847V164.45\n\t\t\th-73.089c-7.998,0-13.61,3.715-16.846,11.136c-3.234,7.801-1.903,14.467,3.999,19.986L224.692,323.479z\"\/>\n\t<\/g>\n<\/g>\n<g>\n<\/g>\n<g>\n<\/g>\n<g>\n<\/g>\n<g>\n<\/g>\n<g>\n<\/g>\n<g>\n<\/g>\n<g>\n<\/g>\n<g>\n<\/g>\n<g>\n<\/g>\n<g>\n<\/g>\n<g>\n<\/g>\n<g>\n<\/g>\n<g>\n<\/g>\n<g>\n<\/g>\n<g>\n<\/g>\n<\/svg>\n\t\t\t\t\t<\/div>\n\t\t\t\t<\/div>\n\t\t\t<\/div>\n\t\t\t\t<div class=\"icon-box-text last-reset\">\n\t\t\t\t\t\t\t\t\t\n<h4>Condi\u00e7\u00f5es de<br \/>\nparticipa\u00e7\u00e3o<\/h4>\n<div class=\"text-center\"><div class=\"is-divider divider clearfix\" style=\"background-color:rgba(255, 255, 255, 0.5);\"><\/div><\/div>\n<a rel=\"noopener noreferrer\" href=\"https:\/\/www.taubenmarkt-kassel.de\/wp-content\/uploads\/2019\/10\/03Messebedingen_GB.pdf\" target=\"_blank\" class=\"button primary lowercase\"  style=\"border-radius:10px;\">\n    <span>Baixar<\/span>\n  <\/a>\n\n\t<div id=\"gap-958600436\" class=\"gap-element clearfix\" style=\"display:block; height:auto;\">\n\t\t\n<style>\n#gap-958600436 {\n  padding-top: 10px;\n}\n<\/style>\n\t<\/div>\n\t\n\t\t<\/div>\n\t<\/div>\n\t\n\t\n\t\t<\/div>\n\t\t\t\t\t<\/div>\n\n\t\n\n\t<div id=\"col-873065097\" class=\"col medium-3 small-12 large-3\"  >\n\t\t\t\t<div class=\"col-inner\"  >\n\t\t\t\n\t\t\t\n\n\t\t<div class=\"icon-box featured-box icon-box-center text-center\"  >\n\t\t\t\t\t<div class=\"icon-box-img\" style=\"width: 60px\">\n\t\t\t\t<div class=\"icon\">\n\t\t\t\t\t<div class=\"icon-inner\" style=\"color:rgb(255, 255, 255);\">\n\t\t\t\t\t\t<?xml version=\"1.0\" encoding=\"iso-8859-1\"?>\n<!-- Generator: Adobe Illustrator 16.0.0, SVG Export Plug-In . SVG Version: 6.00 Build 0)  -->\n<!DOCTYPE svg PUBLIC \"-\/\/W3C\/\/DTD SVG 1.1\/\/EN\" \"http:\/\/www.w3.org\/Graphics\/SVG\/1.1\/DTD\/svg11.dtd\">\n<svg version=\"1.1\" id=\"Capa_1\" xmlns=\"http:\/\/www.w3.org\/2000\/svg\" xmlns:xlink=\"http:\/\/www.w3.org\/1999\/xlink\" x=\"0px\" y=\"0px\"\n\t width=\"475.078px\" height=\"475.077px\" viewBox=\"0 0 475.078 475.077\" style=\"enable-background:new 0 0 475.078 475.077;\"\n\t xml:space=\"preserve\">\n<g>\n\t<g>\n\t\t<path d=\"M467.083,318.627c-5.324-5.328-11.8-7.994-19.41-7.994H315.195l-38.828,38.827c-11.04,10.657-23.982,15.988-38.828,15.988\n\t\t\tc-14.843,0-27.789-5.324-38.828-15.988l-38.543-38.827H27.408c-7.612,0-14.083,2.669-19.414,7.994\n\t\t\tC2.664,323.955,0,330.427,0,338.044v91.358c0,7.614,2.664,14.085,7.994,19.414c5.33,5.328,11.801,7.99,19.414,7.99h420.266\n\t\t\tc7.61,0,14.086-2.662,19.41-7.99c5.332-5.329,7.994-11.8,7.994-19.414v-91.358C475.078,330.427,472.416,323.955,467.083,318.627z\n\t\t\t M360.025,414.841c-3.621,3.617-7.905,5.424-12.854,5.424s-9.227-1.807-12.847-5.424c-3.614-3.617-5.421-7.898-5.421-12.844\n\t\t\tc0-4.948,1.807-9.236,5.421-12.847c3.62-3.62,7.898-5.431,12.847-5.431s9.232,1.811,12.854,5.431\n\t\t\tc3.613,3.61,5.421,7.898,5.421,12.847C365.446,406.942,363.638,411.224,360.025,414.841z M433.109,414.841\n\t\t\tc-3.614,3.617-7.898,5.424-12.848,5.424c-4.948,0-9.229-1.807-12.847-5.424c-3.613-3.617-5.42-7.898-5.42-12.844\n\t\t\tc0-4.948,1.807-9.236,5.42-12.847c3.617-3.62,7.898-5.431,12.847-5.431c4.949,0,9.233,1.811,12.848,5.431\n\t\t\tc3.617,3.61,5.427,7.898,5.427,12.847C438.536,406.942,436.729,411.224,433.109,414.841z\"\/>\n\t\t<path d=\"M224.692,323.479c3.428,3.613,7.71,5.421,12.847,5.421c5.141,0,9.418-1.808,12.847-5.421l127.907-127.908\n\t\t\tc5.899-5.519,7.234-12.182,3.997-19.986c-3.23-7.421-8.847-11.132-16.844-11.136h-73.091V36.543c0-4.948-1.811-9.231-5.421-12.847\n\t\t\tc-3.62-3.617-7.901-5.426-12.847-5.426h-73.096c-4.946,0-9.229,1.809-12.847,5.426c-3.615,3.616-5.424,7.898-5.424,12.847V164.45\n\t\t\th-73.089c-7.998,0-13.61,3.715-16.846,11.136c-3.234,7.801-1.903,14.467,3.999,19.986L224.692,323.479z\"\/>\n\t<\/g>\n<\/g>\n<g>\n<\/g>\n<g>\n<\/g>\n<g>\n<\/g>\n<g>\n<\/g>\n<g>\n<\/g>\n<g>\n<\/g>\n<g>\n<\/g>\n<g>\n<\/g>\n<g>\n<\/g>\n<g>\n<\/g>\n<g>\n<\/g>\n<g>\n<\/g>\n<g>\n<\/g>\n<g>\n<\/g>\n<g>\n<\/g>\n<\/svg>\n\t\t\t\t\t<\/div>\n\t\t\t\t<\/div>\n\t\t\t<\/div>\n\t\t\t\t<div class=\"icon-box-text last-reset\">\n\t\t\t\t\t\t\t\t\t\n<h4>Formul\u00e1rio<br \/>\nde inscri\u00e7\u00e3o<\/h4>\n<div class=\"text-center\"><div class=\"is-divider divider clearfix\" style=\"background-color:rgba(255, 255, 255, 0.5);\"><\/div><\/div>\n<a rel=\"noopener noreferrer\" href=\"https:\/\/www.taubenmarkt-kassel.de\/wp-content\/uploads\/2019\/10\/04Anmeldung-Tauben_GB.pdf\" target=\"_blank\" class=\"button primary lowercase\"  style=\"border-radius:10px;\">\n    <span>Baixar<\/span>\n  <\/a>\n\n\t<div id=\"gap-1476344834\" class=\"gap-element clearfix\" style=\"display:block; height:auto;\">\n\t\t\n<style>\n#gap-1476344834 {\n  padding-top: 10px;\n}\n<\/style>\n\t<\/div>\n\t\n\t\t<\/div>\n\t<\/div>\n\t\n\t\n\t\t<\/div>\n\t\t\t\t\t<\/div>\n\n\t\n\n\t<div id=\"col-449229153\" class=\"col medium-3 small-12 large-3\"  >\n\t\t\t\t<div class=\"col-inner\"  >\n\t\t\t\n\t\t\t\n\n\t\t<div class=\"icon-box featured-box icon-box-center text-center\"  >\n\t\t\t\t\t<div class=\"icon-box-img\" style=\"width: 60px\">\n\t\t\t\t<div class=\"icon\">\n\t\t\t\t\t<div class=\"icon-inner\" style=\"color:rgb(255, 255, 255);\">\n\t\t\t\t\t\t<?xml version=\"1.0\" encoding=\"iso-8859-1\"?>\n<!-- Generator: Adobe Illustrator 16.0.0, SVG Export Plug-In . SVG Version: 6.00 Build 0)  -->\n<!DOCTYPE svg PUBLIC \"-\/\/W3C\/\/DTD SVG 1.1\/\/EN\" \"http:\/\/www.w3.org\/Graphics\/SVG\/1.1\/DTD\/svg11.dtd\">\n<svg version=\"1.1\" id=\"Capa_1\" xmlns=\"http:\/\/www.w3.org\/2000\/svg\" xmlns:xlink=\"http:\/\/www.w3.org\/1999\/xlink\" x=\"0px\" y=\"0px\"\n\t width=\"475.078px\" height=\"475.077px\" viewBox=\"0 0 475.078 475.077\" style=\"enable-background:new 0 0 475.078 475.077;\"\n\t xml:space=\"preserve\">\n<g>\n\t<g>\n\t\t<path d=\"M467.083,318.627c-5.324-5.328-11.8-7.994-19.41-7.994H315.195l-38.828,38.827c-11.04,10.657-23.982,15.988-38.828,15.988\n\t\t\tc-14.843,0-27.789-5.324-38.828-15.988l-38.543-38.827H27.408c-7.612,0-14.083,2.669-19.414,7.994\n\t\t\tC2.664,323.955,0,330.427,0,338.044v91.358c0,7.614,2.664,14.085,7.994,19.414c5.33,5.328,11.801,7.99,19.414,7.99h420.266\n\t\t\tc7.61,0,14.086-2.662,19.41-7.99c5.332-5.329,7.994-11.8,7.994-19.414v-91.358C475.078,330.427,472.416,323.955,467.083,318.627z\n\t\t\t M360.025,414.841c-3.621,3.617-7.905,5.424-12.854,5.424s-9.227-1.807-12.847-5.424c-3.614-3.617-5.421-7.898-5.421-12.844\n\t\t\tc0-4.948,1.807-9.236,5.421-12.847c3.62-3.62,7.898-5.431,12.847-5.431s9.232,1.811,12.854,5.431\n\t\t\tc3.613,3.61,5.421,7.898,5.421,12.847C365.446,406.942,363.638,411.224,360.025,414.841z M433.109,414.841\n\t\t\tc-3.614,3.617-7.898,5.424-12.848,5.424c-4.948,0-9.229-1.807-12.847-5.424c-3.613-3.617-5.42-7.898-5.42-12.844\n\t\t\tc0-4.948,1.807-9.236,5.42-12.847c3.617-3.62,7.898-5.431,12.847-5.431c4.949,0,9.233,1.811,12.848,5.431\n\t\t\tc3.617,3.61,5.427,7.898,5.427,12.847C438.536,406.942,436.729,411.224,433.109,414.841z\"\/>\n\t\t<path d=\"M224.692,323.479c3.428,3.613,7.71,5.421,12.847,5.421c5.141,0,9.418-1.808,12.847-5.421l127.907-127.908\n\t\t\tc5.899-5.519,7.234-12.182,3.997-19.986c-3.23-7.421-8.847-11.132-16.844-11.136h-73.091V36.543c0-4.948-1.811-9.231-5.421-12.847\n\t\t\tc-3.62-3.617-7.901-5.426-12.847-5.426h-73.096c-4.946,0-9.229,1.809-12.847,5.426c-3.615,3.616-5.424,7.898-5.424,12.847V164.45\n\t\t\th-73.089c-7.998,0-13.61,3.715-16.846,11.136c-3.234,7.801-1.903,14.467,3.999,19.986L224.692,323.479z\"\/>\n\t<\/g>\n<\/g>\n<g>\n<\/g>\n<g>\n<\/g>\n<g>\n<\/g>\n<g>\n<\/g>\n<g>\n<\/g>\n<g>\n<\/g>\n<g>\n<\/g>\n<g>\n<\/g>\n<g>\n<\/g>\n<g>\n<\/g>\n<g>\n<\/g>\n<g>\n<\/g>\n<g>\n<\/g>\n<g>\n<\/g>\n<g>\n<\/g>\n<\/svg>\n\t\t\t\t\t<\/div>\n\t\t\t\t<\/div>\n\t\t\t<\/div>\n\t\t\t\t<div class=\"icon-box-text last-reset\">\n\t\t\t\t\t\t\t\t\t\n<h4>Diretivas para<br \/>\na exposi\u00e7\u00e3o<\/h4>\n<div class=\"text-center\"><div class=\"is-divider divider clearfix\" style=\"background-color:rgba(255, 255, 255, 0.5);\"><\/div><\/div>\n<a rel=\"noopener noreferrer\" href=\"https:\/\/www.taubenmarkt-kassel.de\/wp-content\/uploads\/2019\/10\/06_Richtlinien_GB.pdf\" target=\"_blank\" class=\"button primary lowercase\"  style=\"border-radius:10px;\">\n    <span>Baixar<\/span>\n  <\/a>\n\n\t<div id=\"gap-1217244509\" class=\"gap-element clearfix\" style=\"display:block; height:auto;\">\n\t\t\n<style>\n#gap-1217244509 {\n  padding-top: 10px;\n}\n<\/style>\n\t<\/div>\n\t\n\t\t<\/div>\n\t<\/div>\n\t\n\t\n\t\t<\/div>\n\t\t\t\t\t<\/div>\n\n\t\n\n\t<div id=\"col-1855028685\" class=\"col medium-3 small-12 large-3\"  >\n\t\t\t\t<div class=\"col-inner\"  >\n\t\t\t\n\t\t\t\n\n\t\t<div class=\"icon-box featured-box icon-box-center text-center\"  >\n\t\t\t\t\t<div class=\"icon-box-img\" style=\"width: 60px\">\n\t\t\t\t<div class=\"icon\">\n\t\t\t\t\t<div class=\"icon-inner\" style=\"color:rgb(255, 255, 255);\">\n\t\t\t\t\t\t<?xml version=\"1.0\" encoding=\"iso-8859-1\"?>\n<!-- Generator: Adobe Illustrator 16.0.0, SVG Export Plug-In . SVG Version: 6.00 Build 0)  -->\n<!DOCTYPE svg PUBLIC \"-\/\/W3C\/\/DTD SVG 1.1\/\/EN\" \"http:\/\/www.w3.org\/Graphics\/SVG\/1.1\/DTD\/svg11.dtd\">\n<svg version=\"1.1\" id=\"Capa_1\" xmlns=\"http:\/\/www.w3.org\/2000\/svg\" xmlns:xlink=\"http:\/\/www.w3.org\/1999\/xlink\" x=\"0px\" y=\"0px\"\n\t width=\"475.078px\" height=\"475.077px\" viewBox=\"0 0 475.078 475.077\" style=\"enable-background:new 0 0 475.078 475.077;\"\n\t xml:space=\"preserve\">\n<g>\n\t<g>\n\t\t<path d=\"M467.083,318.627c-5.324-5.328-11.8-7.994-19.41-7.994H315.195l-38.828,38.827c-11.04,10.657-23.982,15.988-38.828,15.988\n\t\t\tc-14.843,0-27.789-5.324-38.828-15.988l-38.543-38.827H27.408c-7.612,0-14.083,2.669-19.414,7.994\n\t\t\tC2.664,323.955,0,330.427,0,338.044v91.358c0,7.614,2.664,14.085,7.994,19.414c5.33,5.328,11.801,7.99,19.414,7.99h420.266\n\t\t\tc7.61,0,14.086-2.662,19.41-7.99c5.332-5.329,7.994-11.8,7.994-19.414v-91.358C475.078,330.427,472.416,323.955,467.083,318.627z\n\t\t\t M360.025,414.841c-3.621,3.617-7.905,5.424-12.854,5.424s-9.227-1.807-12.847-5.424c-3.614-3.617-5.421-7.898-5.421-12.844\n\t\t\tc0-4.948,1.807-9.236,5.421-12.847c3.62-3.62,7.898-5.431,12.847-5.431s9.232,1.811,12.854,5.431\n\t\t\tc3.613,3.61,5.421,7.898,5.421,12.847C365.446,406.942,363.638,411.224,360.025,414.841z M433.109,414.841\n\t\t\tc-3.614,3.617-7.898,5.424-12.848,5.424c-4.948,0-9.229-1.807-12.847-5.424c-3.613-3.617-5.42-7.898-5.42-12.844\n\t\t\tc0-4.948,1.807-9.236,5.42-12.847c3.617-3.62,7.898-5.431,12.847-5.431c4.949,0,9.233,1.811,12.848,5.431\n\t\t\tc3.617,3.61,5.427,7.898,5.427,12.847C438.536,406.942,436.729,411.224,433.109,414.841z\"\/>\n\t\t<path d=\"M224.692,323.479c3.428,3.613,7.71,5.421,12.847,5.421c5.141,0,9.418-1.808,12.847-5.421l127.907-127.908\n\t\t\tc5.899-5.519,7.234-12.182,3.997-19.986c-3.23-7.421-8.847-11.132-16.844-11.136h-73.091V36.543c0-4.948-1.811-9.231-5.421-12.847\n\t\t\tc-3.62-3.617-7.901-5.426-12.847-5.426h-73.096c-4.946,0-9.229,1.809-12.847,5.426c-3.615,3.616-5.424,7.898-5.424,12.847V164.45\n\t\t\th-73.089c-7.998,0-13.61,3.715-16.846,11.136c-3.234,7.801-1.903,14.467,3.999,19.986L224.692,323.479z\"\/>\n\t<\/g>\n<\/g>\n<g>\n<\/g>\n<g>\n<\/g>\n<g>\n<\/g>\n<g>\n<\/g>\n<g>\n<\/g>\n<g>\n<\/g>\n<g>\n<\/g>\n<g>\n<\/g>\n<g>\n<\/g>\n<g>\n<\/g>\n<g>\n<\/g>\n<g>\n<\/g>\n<g>\n<\/g>\n<g>\n<\/g>\n<g>\n<\/g>\n<\/svg>\n\t\t\t\t\t<\/div>\n\t\t\t\t<\/div>\n\t\t\t<\/div>\n\t\t\t\t<div class=\"icon-box-text last-reset\">\n\t\t\t\t\t\t\t\t\t\n<h4>Vacina<br \/>\nprotetora<\/h4>\n<div class=\"text-center\"><div class=\"is-divider divider clearfix\" style=\"background-color:rgba(255, 255, 255, 0.5);\"><\/div><\/div>\n<a rel=\"noopener noreferrer\" href=\"https:\/\/www.taubenmarkt-kassel.de\/wp-content\/uploads\/2019\/10\/05Schutzimpfung_GB.pdf\" target=\"_blank\" class=\"button primary lowercase\"  style=\"border-radius:10px;\">\n    <span>Baixar<\/span>\n  <\/a>\n\n\t<div id=\"gap-693724225\" class=\"gap-element clearfix\" style=\"display:block; height:auto;\">\n\t\t\n<style>\n#gap-693724225 {\n  padding-top: 10px;\n}\n<\/style>\n\t<\/div>\n\t\n\t\t<\/div>\n\t<\/div>\n\t\n\t\n\t\t<\/div>\n\t\t\t\t\t<\/div>\n\n\t\n<\/div>\n\t\t<\/div>\n\t\t\t\t\t<\/div>\n\n\t\n<\/div>\n\t\t<\/div>\n\n\t\t\n<style>\n#section_966058564 {\n  padding-top: 59px;\n  padding-bottom: 59px;\n  min-height: 300px;\n  background-color: rgb(255, 255, 255);\n}\n#section_966058564 .section-bg-overlay {\n  background-color: rgba(0, 0, 0, 0.5);\n}\n#section_966058564 .section-bg.bg-loaded {\n  background-image: url(https:\/\/www.taubenmarkt-kassel.de\/wp-content\/uploads\/2017\/11\/ITM_VERBINDET2.png);\n}\n#section_966058564 .section-bg {\n  background-position: 48% 39%;\n}\n#section_966058564 .ux-shape-divider--top svg {\n  height: 150px;\n  --divider-top-width: 100%;\n}\n#section_966058564 .ux-shape-divider--bottom svg {\n  height: 150px;\n  --divider-width: 100%;\n}\n<\/style>\n\t<\/section>\n\t\n\t<section class=\"section has-mask mask-arrow\" id=\"section_925649207\">\n\t\t<div class=\"bg section-bg fill bg-fill  bg-loaded\" >\n\n\t\t\t\n\t\t\t\n\t\t\t\n\t<div class=\"is-border\"\n\t\tstyle=\"border-color:rgb(235, 235, 235);border-width:1px 0px 0px 0px;\">\n\t<\/div>\n\n\t\t<\/div>\n\n\t\t\n\n\t\t<div class=\"section-content relative\">\n\t\t\t\n<div class=\"row\"  id=\"row-70842315\">\n\n\t<div id=\"col-1087604585\" class=\"col medium-4 small-12 large-4\"  >\n\t\t\t\t<div class=\"col-inner\"  >\n\t\t\t\n\t\t\t\n\t\t<\/div>\n\t\t\t\t\t<\/div>\n\n\t\n\n\t<div id=\"col-1210964756\" class=\"col medium-4 small-12 large-4\"  >\n\t\t\t\t<div class=\"col-inner\"  >\n\t\t\t\n\t\t\t\n\t<div class=\"img has-hover x md-x lg-x y md-y lg-y\" id=\"image_1002003446\">\n\t\t\t\t\t\t\t\t<div class=\"img-inner dark\" >\n\t\t\t<img loading=\"lazy\" decoding=\"async\" width=\"990\" height=\"325\" src=\"https:\/\/www.taubenmarkt-kassel.de\/wp-content\/uploads\/2017\/12\/pt-2.png\" class=\"attachment-large size-large\" alt=\"\" srcset=\"https:\/\/www.taubenmarkt-kassel.de\/wp-content\/uploads\/2017\/12\/pt-2.png 990w, https:\/\/www.taubenmarkt-kassel.de\/wp-content\/uploads\/2017\/12\/pt-2-300x98.png 300w, https:\/\/www.taubenmarkt-kassel.de\/wp-content\/uploads\/2017\/12\/pt-2-768x252.png 768w\" sizes=\"auto, (max-width: 990px) 100vw, 990px\" \/>\t\t\t\t\t\t\n\t\t\t\t\t<\/div>\n\t\t\t\t\t\t\t\t\n<style>\n#image_1002003446 {\n  width: 100%;\n}\n<\/style>\n\t<\/div>\n\t\n\t\t<\/div>\n\t\t\t\t\t<\/div>\n\n\t\n\n\t<div id=\"col-940515705\" class=\"col medium-4 small-12 large-4\"  >\n\t\t\t\t<div class=\"col-inner\"  >\n\t\t\t\n\t\t\t\n\t\t<\/div>\n\t\t\t\t\t<\/div>\n\n\t\n<\/div>\n<div class=\"row\"  id=\"row-1557478973\">\n\n\t<div id=\"col-576698474\" class=\"col medium-6 small-12 large-6\"  >\n\t\t\t\t<div class=\"col-inner\"  >\n\t\t\t\n\t\t\t\n<div class=\"container section-title-container\" ><h3 class=\"section-title section-title-center\"><b><\/b><span class=\"section-title-main\" >Pre\u00e7os &amp; prazo de inscri\u00e7\u00e3o<\/span><b><\/b><\/h3><\/div>\n<p>Na 31\u00aa Feira Internacional de Columbofilia oferecemos novamente<br \/>\numa quantidade limitada de gaiolas para a venda particular. Para um funcionamento adequado alugamos tamb\u00e9m neste ano blocos de<br \/>\ngaiolas prontos para a venda.<\/p>\n<p>O bloco consiste em 12 gaiolas.<\/p>\n<p>O pre\u00e7o de loca\u00e7\u00e3o \u00e9 EUR 200<br \/>\ninclusive IVA para dois dias.<\/p>\n<p>Segundo os regulamentos da Dire\u00e7\u00e3o do Bem-estar do Animal e Veterin\u00e1ria, cada expositor de pombos tem a obriga\u00e7\u00e3o de garantir uma vacina protetora anual contra paramyxo (pelo menos tr\u00eas semanas antes e pelo m\u00e1ximo onze meses antes da exposi\u00e7\u00e3o). O original tem que ser entregue para o organizador at\u00e9 o dia <span style=\"color: #000080;\"><strong>15 de outubro de 2020<\/strong><\/span>.<\/p>\n<p>Cada expositor garante em interesse da prote\u00e7\u00e3o do animal, colocar<br \/>\npor gaiola somente um pombo. Caso n\u00e3o respeitar, a diretoria fechar\u00e1 imediatamente o stand.<\/p>\n<p>Debaixo das gaiolas \u00e9 permitido guardar cestos de transporte para \u201creposi\u00e7\u00e3o\u201d.<\/p>\n<p>Por causa da quantidade limitada das gaiolas para alugar, somente podem ser aceitas as inscri\u00e7\u00f5es na ordem de chegada (pelo correio<br \/>\nou e-mail).<\/p>\n\t\t<\/div>\n\t\t\t\t\t<\/div>\n\n\t\n\n\t<div id=\"col-1724559765\" class=\"col medium-6 small-12 large-6\"  >\n\t\t\t\t<div class=\"col-inner\"  >\n\t\t\t\n\t\t\t\n<div class=\"container section-title-container\" ><h3 class=\"section-title section-title-center\"><b><\/b><span class=\"section-title-main\" >Formul\u00e1rio de inscri\u00e7\u00e3o<\/span><b><\/b><\/h3><\/div>\n<p class=\"wpcf7-contact-form-not-found\"><strong>Erro:<\/strong> Formul\u00e1rio de contacto n\u00e3o encontrado.<\/p>\n\t\t<\/div>\n\t\t\t\t\t<\/div>\n\n\t\n<\/div>\n\t\t<\/div>\n\n\t\t\n<style>\n#section_925649207 {\n  padding-top: 59px;\n  padding-bottom: 59px;\n  min-height: 300px;\n  background-color: rgb(228, 228, 228);\n}\n#section_925649207 .ux-shape-divider--top svg {\n  height: 150px;\n  --divider-top-width: 100%;\n}\n#section_925649207 .ux-shape-divider--bottom svg {\n  height: 150px;\n  --divider-width: 100%;\n}\n<\/style>\n\t<\/section>\n\t\n","protected":false},"excerpt":{"rendered":"","protected":false},"author":5,"featured_media":0,"parent":1020,"menu_order":0,"comment_status":"closed","ping_status":"closed","template":"page-blank.php","meta":{"footnotes":""},"class_list":["post-15938","page","type-page","status-publish","hentry"],"_links":{"self":[{"href":"https:\/\/www.taubenmarkt-kassel.de\/pt-pt\/wp-json\/wp\/v2\/pages\/15938","targetHints":{"allow":["GET"]}}],"collection":[{"href":"https:\/\/www.taubenmarkt-kassel.de\/pt-pt\/wp-json\/wp\/v2\/pages"}],"about":[{"href":"https:\/\/www.taubenmarkt-kassel.de\/pt-pt\/wp-json\/wp\/v2\/types\/page"}],"author":[{"embeddable":true,"href":"https:\/\/www.taubenmarkt-kassel.de\/pt-pt\/wp-json\/wp\/v2\/users\/5"}],"replies":[{"embeddable":true,"href":"https:\/\/www.taubenmarkt-kassel.de\/pt-pt\/wp-json\/wp\/v2\/comments?post=15938"}],"version-history":[{"count":2,"href":"https:\/\/www.taubenmarkt-kassel.de\/pt-pt\/wp-json\/wp\/v2\/pages\/15938\/revisions"}],"predecessor-version":[{"id":15942,"href":"https:\/\/www.taubenmarkt-kassel.de\/pt-pt\/wp-json\/wp\/v2\/pages\/15938\/revisions\/15942"}],"up":[{"embeddable":true,"href":"https:\/\/www.taubenmarkt-kassel.de\/pt-pt\/wp-json\/wp\/v2\/pages\/1020"}],"wp:attachment":[{"href":"https:\/\/www.taubenmarkt-kassel.de\/pt-pt\/wp-json\/wp\/v2\/media?parent=15938"}],"curies":[{"name":"wp","href":"https:\/\/api.w.org\/{rel}","templated":true}]}}