{"id":1032,"date":"2017-12-05T17:08:07","date_gmt":"2017-12-05T16:08:07","guid":{"rendered":"http:\/\/6.myplusone.de\/?page_id=1032"},"modified":"2026-01-08T18:47:37","modified_gmt":"2026-01-08T17:47:37","slug":"localizacao","status":"publish","type":"page","link":"https:\/\/www.taubenmarkt-kassel.de\/pt-pt\/localizacao\/","title":{"rendered":"Localiza\u00e7\u00e3o"},"content":{"rendered":"\n\n  <div class=\"banner has-hover\" id=\"banner-134819680\">\n          <div class=\"banner-inner fill\">\n        <div class=\"banner-bg fill\" >\n            <div class=\"bg fill bg-fill \"><\/div>\n                                    \n                    <\/div>\n\t\t\n        <div class=\"banner-layers container\">\n            <div class=\"fill banner-link\"><\/div>            \n\n\t<div class=\"img has-hover x50 md-x50 lg-x50 y20 md-y20 lg-y20\" id=\"image_869893289\">\n\t\t\t\t\t\t\t\t<div class=\"img-inner dark\" >\n\t\t\t<img loading=\"lazy\" decoding=\"async\" width=\"111\" height=\"112\" src=\"https:\/\/www.taubenmarkt-kassel.de\/wp-content\/uploads\/2017\/11\/logo-messe-kassel.png\" class=\"attachment-large size-large\" alt=\"\" \/>\t\t\t\t\t\t\n\t\t\t\t\t<\/div>\n\t\t\t\t\t\t\t\t\n<style>\n#image_869893289 {\n  width: 10%;\n}\n<\/style>\n\t<\/div>\n\t\n\n   <div id=\"text-box-825654323\" class=\"text-box banner-layer x50 md-x50 lg-x50 y85 md-y85 lg-y85 res-text\">\n                                <div class=\"text-box-content text \">\n              \n              <div class=\"text-inner text-center\">\n                  \n\n<h3><strong>Messe Kassel<\/strong><\/h3>\n<h4>Damaschkestrasse 55, 34121 Kassel<\/h4>\n\n              <\/div>\n           <\/div>\n                            \n<style>\n#text-box-825654323 {\n  width: 49%;\n}\n#text-box-825654323 .text-box-content {\n  font-size: 100%;\n}\n<\/style>\n    <\/div>\n \n\n        <\/div>\n      <\/div>\n\n            \n<style>\n#banner-134819680 {\n  padding-top: 350px;\n  background-color: rgb(255,255,255);\n}\n#banner-134819680 .ux-shape-divider--top svg {\n  height: 150px;\n  --divider-top-width: 100%;\n}\n#banner-134819680 .ux-shape-divider--bottom svg {\n  height: 150px;\n  --divider-width: 100%;\n}\n<\/style>\n  <\/div>\n\n\n\n\n <div class=\"brlbs-cmpnt-container brlbs-cmpnt-content-blocker brlbs-cmpnt-with-individual-styles\" data-borlabs-cookie-content-blocker-id=\"google-maps\" data-borlabs-cookie-content=\"CjxkaXYgaWQ9IndyYXBwZXItOWNkMTk5YjljYzU0MTBjZDNiMWFkMjFjYWIyZTU0ZDMiPgo8ZGl2IGlkPSJtYXAtOWNkMTk5YjljYzU0MTBjZDNiMWFkMjFjYWIyZTU0ZDMiPjwvZGl2Pgo8cD48c2NyaXB0PihmdW5jdGlvbiAoKSB7CiAgICAgICAgdmFyIHNldHRpbmcgPSB7ImhlaWdodCI6NDIwLCJ3aWR0aCI6MTkyMCwiem9vbSI6MTAsInF1ZXJ5U3RyaW5nIjoiSW50ZXJuYXRpb25hbGVyIFRhdWJlbk1hcmt0IEthc3NlbCwgRGFtYXNjaGtlc3RyYcOfZSA1NSwgMzQxMjEgS2Fzc2VsLCBHZXJtYW55IiwicGxhY2VfaWQiOiJDaElKZDduQnlHYlJ2a2NSb1YyNjFpbEVKMmciLCJzYXRlbGxpdGUiOmZhbHNlLCJjZW50ZXJDb29yZCI6WzUxLjI4Nzg2ODUxOTgxMzI4LDkuNDk0MDkzMDk5OTk5OTk1XSwiY2lkIjoiMHg2ODI3NDQyOWQ2YmE1ZGExIiwibGFuZyI6ImVuIiwiY2l0eVVybCI6Ii9nZXJtYW55L2thc3NlbC0xODgzMCIsImNpdHlBbmNob3JUZXh0IjoiTWFwIG9mIEthc3NlbCwgSGVzc2UsIEdlcm1hbnkiLCJpZCI6Im1hcC05Y2QxOTliOWNjNTQxMGNkM2IxYWQyMWNhYjJlNTRkMyIsImVtYmVkX2lkIjoiOTIxOTg0In07CiAgICAgICAgdmFyIGQgPSBkb2N1bWVudDsKICAgICAgICB2YXIgcyA9IGQuY3JlYXRlRWxlbWVudCgnc2NyaXB0Jyk7CiAgICAgICAgcy5zcmMgPSAnaHR0cHM6Ly8xbWFwLmNvbS9qcy9zY3JpcHQtZm9yLXVzZXIuanM\/ZW1iZWRfaWQ9OTIxOTg0JzsKICAgICAgICBzLmFzeW5jID0gdHJ1ZTsKICAgICAgICBzLm9ubG9hZCA9IGZ1bmN0aW9uIChlKSB7CiAgICAgICAgICB3aW5kb3cuT25lTWFwLmluaXRNYXAoc2V0dGluZykKICAgICAgICB9OwogICAgICAgIHZhciB0byA9IGQuZ2V0RWxlbWVudHNCeVRhZ05hbWUoJ3NjcmlwdCcpWzBdOwogICAgICAgIHRvLnBhcmVudE5vZGUuaW5zZXJ0QmVmb3JlKHMsIHRvKTsKICAgICAgfSkoKTs8L3NjcmlwdD48YSBocmVmPSJodHRwczovLzFtYXAuY29tL21hcC1lbWJlZCI+MSBNYXA8L2E+PC9kaXY+Cg==\"><div class=\"brlbs-cmpnt-cb-preset-b brlbs-cmpnt-cb-google-maps\"> <div class=\"brlbs-cmpnt-cb-thumbnail\" style=\"background-image: url('https:\/\/www.taubenmarkt-kassel.de\/wp-content\/uploads\/borlabs-cookie\/1\/brlbs-cb-google-maps-main.png')\"><\/div> <div class=\"brlbs-cmpnt-cb-main\"> <div class=\"brlbs-cmpnt-cb-content\"> <p class=\"brlbs-cmpnt-cb-description\">You are currently viewing a placeholder content from <strong>Google Maps<\/strong>. To access the actual content, click the button below. Please note that doing so will share data with third-party providers.<\/p> <a class=\"brlbs-cmpnt-cb-provider-toggle\" href=\"#\" data-borlabs-cookie-show-provider-information role=\"button\">More Information<\/a> <\/div> <div class=\"brlbs-cmpnt-cb-buttons\"> <a class=\"brlbs-cmpnt-cb-btn\" href=\"#\" data-borlabs-cookie-unblock role=\"button\">Unblock content<\/a> <a class=\"brlbs-cmpnt-cb-btn\" href=\"#\" data-borlabs-cookie-accept-service role=\"button\" style=\"display: inherit\">Accept required service and unblock content<\/a> <\/div> <\/div> <\/div><\/div>\n\n\t<div id=\"text-156009899\" class=\"text hidden\">\n\t\t\n\n<div id=\"wrapper-9cd199b9cc5410cd3b1ad21cab2e54d3\">\n<div id=\"map-9cd199b9cc5410cd3b1ad21cab2e54d3\"><\/div>\n<p><script>(function () {\n        var setting = {\"height\":420,\"width\":1920,\"zoom\":10,\"queryString\":\"Internationaler TaubenMarkt Kassel, Damaschkestra\u00dfe 55, 34121 Kassel, Germany\",\"place_id\":\"ChIJd7nByGbRvkcRoV261ilEJ2g\",\"satellite\":false,\"centerCoord\":[51.28786851981328,9.494093099999995],\"cid\":\"0x68274429d6ba5da1\",\"lang\":\"en\",\"cityUrl\":\"\/germany\/kassel-18830\",\"cityAnchorText\":\"Map of Kassel, Hesse, Germany\",\"id\":\"map-9cd199b9cc5410cd3b1ad21cab2e54d3\",\"embed_id\":\"921984\"};\n        var d = document;\n        var s = d.createElement('script');\n        s.src = 'https:\/\/1map.com\/js\/script-for-user.js?embed_id=921984';\n        s.async = true;\n        s.onload = function (e) {\n          window.OneMap.initMap(setting)\n        };\n        var to = d.getElementsByTagName('script')[0];\n        to.parentNode.insertBefore(s, to);\n      })();<\/script><a href=\"https:\/\/1map.com\/map-embed\" target=\"_blank\" rel=\"noopener\">1 Map<\/a><\/div>\n\t\t\t<\/div>\n\t\n<div class=\"row\"  id=\"row-418268574\">\n\n\n\t<div id=\"col-200040740\" class=\"col small-12 large-12\"  >\n\t\t\t\t<div class=\"col-inner\"  >\n\t\t\t\n\t\t\t\n\n\t<div id=\"gap-2092119016\" class=\"gap-element clearfix\" style=\"display:block; height:auto;\">\n\t\t\n<style>\n#gap-2092119016 {\n  padding-top: 30px;\n}\n<\/style>\n\t<\/div>\n\t\n\n<div class=\"container section-title-container\" ><h3 class=\"section-title section-title-center\"><b><\/b><span class=\"section-title-main\" >H\u00e1 v\u00e1rios caminhos at\u00e9 n\u00f3s, encontre o seu<\/span><b><\/b><\/h3><\/div>\n\n\n\t\t<div class=\"tabbed-content\">\n\t\t\t\n\t\t\t<ul class=\"nav nav-line nav-vertical nav-normal nav-size-normal nav-center\" role=\"tablist\"><li id=\"tab-endere\u00e7o-de-ponto-de-chegada\" class=\"tab active has-icon\" role=\"presentation\"><a href=\"#tab_endere\u00e7o-de-ponto-de-chegada\" role=\"tab\" aria-selected=\"true\" aria-controls=\"tab_endere\u00e7o-de-ponto-de-chegada\"><span>endere\u00e7o de ponto de chegada<\/span><\/a><\/li>\n<li id=\"tab-do-norte\" class=\"tab has-icon\" role=\"presentation\"><a href=\"#tab_do-norte\" tabindex=\"-1\" role=\"tab\" aria-selected=\"false\" aria-controls=\"tab_do-norte\"><span>Do norte<\/span><\/a><\/li>\n<li id=\"tab-do-oeste\" class=\"tab has-icon\" role=\"presentation\"><a href=\"#tab_do-oeste\" tabindex=\"-1\" role=\"tab\" aria-selected=\"false\" aria-controls=\"tab_do-oeste\"><span>Do oeste<\/span><\/a><\/li>\n<li id=\"tab-do-sudoeste\" class=\"tab has-icon\" role=\"presentation\"><a href=\"#tab_do-sudoeste\" tabindex=\"-1\" role=\"tab\" aria-selected=\"false\" aria-controls=\"tab_do-sudoeste\"><span>Do sudoeste<\/span><\/a><\/li>\n<li id=\"tab-do-sul\" class=\"tab has-icon\" role=\"presentation\"><a href=\"#tab_do-sul\" tabindex=\"-1\" role=\"tab\" aria-selected=\"false\" aria-controls=\"tab_do-sul\"><span>Do sul<\/span><\/a><\/li>\n<li id=\"tab-do-leste\" class=\"tab has-icon\" role=\"presentation\"><a href=\"#tab_do-leste\" tabindex=\"-1\" role=\"tab\" aria-selected=\"false\" aria-controls=\"tab_do-leste\"><span>Do leste<\/span><\/a><\/li>\n<li id=\"tab-chegando-de-trem\" class=\"tab has-icon\" role=\"presentation\"><a href=\"#tab_chegando-de-trem\" tabindex=\"-1\" role=\"tab\" aria-selected=\"false\" aria-controls=\"tab_chegando-de-trem\"><span>Chegando de trem<\/span><\/a><\/li>\n<li id=\"tab-da-esta\u00e7\u00e3o-principal\" class=\"tab has-icon\" role=\"presentation\"><a href=\"#tab_da-esta\u00e7\u00e3o-principal\" tabindex=\"-1\" role=\"tab\" aria-selected=\"false\" aria-controls=\"tab_da-esta\u00e7\u00e3o-principal\"><span>Da esta\u00e7\u00e3o principal<\/span><\/a><\/li><\/ul><div class=\"tab-panels\"><div id=\"tab_endere\u00e7o-de-ponto-de-chegada\" class=\"panel active entry-content\" role=\"tabpanel\" aria-labelledby=\"tab-endere\u00e7o-de-ponto-de-chegada\">\n\n<p>Coloque o seguinte endere\u00e7o no seu GPS como ponto de chegada:<br \/>\n<strong>34121 Kassel, Damaschkestra\u00dfe 55<\/strong><\/p>\n\n<\/div>\n<div id=\"tab_do-norte\" class=\"panel entry-content\" role=\"tabpanel\" aria-labelledby=\"tab-do-norte\">\n\n<p>Da A 7, tome no &#8220;Kreuz Kassel-Mitte&#8221; a sa\u00edda para a A 49 dire\u00e7\u00e3o Marburg. Tome a sa\u00edda \u201eKassel-Waldau \/ Messehallen\u201c.<\/p>\n\n<\/div>\n<div id=\"tab_do-oeste\" class=\"panel entry-content\" role=\"tabpanel\" aria-labelledby=\"tab-do-oeste\">\n\n<p>Da A 44, tome no &#8220;Kreuz Kassel-West&#8221; a sa\u00edda para a A 49, dire\u00e7\u00e3o &#8220;Kassel-Zentrum&#8221;, depois a sa\u00edda &#8220;Auestadion \/ Messehallen&#8221; e depois de 1.700m vire \u00e0 direita (placas de estacionamento &#8220;Parkplatz Fuldaauen&#8221;).<\/p>\n\n<\/div>\n<div id=\"tab_do-sudoeste\" class=\"panel entry-content\" role=\"tabpanel\" aria-labelledby=\"tab-do-sudoeste\">\n\n<p>Da A 49 pegue a sa\u00edda &#8220;Auestadion \/ Messehallen&#8221; e depois de 1.700 m vire \u00e0 direita (placas estacionamento Parkplatz Fuldaauen).<\/p>\n\n<\/div>\n<div id=\"tab_do-sul\" class=\"panel entry-content\" role=\"tabpanel\" aria-labelledby=\"tab-do-sul\">\n\n<p>Na A 7 no &#8220;Kreuz Kassel-Mitte&#8221; pegue a sa\u00edda para a A 49 dire\u00e7\u00e3o Marburg. Pegue depois a sa\u00edda &#8220;Kassel-Waldau \/ Messehallen&#8221;.<\/p>\n\n<\/div>\n<div id=\"tab_do-leste\" class=\"panel entry-content\" role=\"tabpanel\" aria-labelledby=\"tab-do-leste\">\n\n<p>Na B 7 dire\u00e7\u00e3o Kassel, segue a dire\u00e7\u00e3o &#8220;Kassel-Ost&#8221; e depois na A 7 segue a dire\u00e7\u00e3o Frankfurt \/ W\u00fcrzburg. Da A 7 no &#8220;Kreuz Kassel-Mitte&#8221; pegue a sa\u00edda para a A 49 dire\u00e7\u00e3o Marburg. Sa\u00edda &#8220;Kassel-Waldau \/ Messehallen&#8221;.<\/p>\n\n<\/div>\n<div id=\"tab_chegando-de-trem\" class=\"panel entry-content\" role=\"tabpanel\" aria-labelledby=\"tab-chegando-de-trem\">\n\n<p>Com o bonde da linha 1, 3 ou 7 ir at\u00e9 a parada Kirchweg, fazer baldea\u00e7\u00e3o e pegar o \u00f4nibus linha 25 at\u00e9 a parada Messehallen.<\/p>\n\n<\/div>\n<div id=\"tab_da-esta\u00e7\u00e3o-principal\" class=\"panel entry-content\" role=\"tabpanel\" aria-labelledby=\"tab-da-esta\u00e7\u00e3o-principal\">\n\n<p>Com o RT3 (temporariamente RT5) ir at\u00e9 a parada Auestadion, fazer baldea\u00e7\u00e3o e pegar o \u00f4nibus linha 25 at\u00e9 a parada Messehallen.<\/p>\n<p>&nbsp;<\/p>\n<p><strong>ou<\/strong><\/p>\n<p>&nbsp;<\/p>\n<p>Pegar uma das mencionadas linhas de \u00f4nibus e ir at\u00e9 a parada K\u00f6nigsplatz \/ Mauerstra\u00dfe &#8211; ir \u00e0 p\u00e9 dois minutos at\u00e9 o K\u00f6nigsplatz &#8211; da\u00ed pegar o bonde linha 5, 6 ou 9 e ir at\u00e9 a parada Auestadion, fazer balde\u00e7\u00e3o e pegar o \u00f4nibus linha 25 at\u00e9 a parada Messehallen.<\/p>\n\n<\/div><\/div><\/div>\n\n\t\t<\/div>\n\t\t\t\t\t<\/div>\n\n\t\n\n<\/div>\n\t<div id=\"gap-508016727\" class=\"gap-element clearfix\" style=\"display:block; height:auto;\">\n\t\t\n<style>\n#gap-508016727 {\n  padding-top: 30px;\n}\n<\/style>\n\t<\/div>\n\t\n\n<div class=\"row\"  id=\"row-1378024245\">\n\n\n\t<div id=\"col-853891527\" class=\"col small-12 large-12\"  >\n\t\t\t\t<div class=\"col-inner text-center\"  >\n\t\t\t\n\t\t\t\n\n\t<div class=\"img has-hover x md-x lg-x y md-y lg-y\" id=\"image_1546545584\">\n\t\t\t\t\t\t\t\t<div class=\"img-inner dark\" >\n\t\t\t<img loading=\"lazy\" decoding=\"async\" width=\"990\" height=\"325\" src=\"https:\/\/www.taubenmarkt-kassel.de\/wp-content\/uploads\/2017\/11\/itm_logo-2.png\" class=\"attachment-large size-large\" alt=\"\" srcset=\"https:\/\/www.taubenmarkt-kassel.de\/wp-content\/uploads\/2017\/11\/itm_logo-2.png 990w, https:\/\/www.taubenmarkt-kassel.de\/wp-content\/uploads\/2017\/11\/itm_logo-2-300x98.png 300w, https:\/\/www.taubenmarkt-kassel.de\/wp-content\/uploads\/2017\/11\/itm_logo-2-768x252.png 768w\" sizes=\"auto, (max-width: 990px) 100vw, 990px\" \/>\t\t\t\t\t\t\n\t\t\t\t\t<\/div>\n\t\t\t\t\t\t\t\t\n<style>\n#image_1546545584 {\n  width: 25%;\n}\n<\/style>\n\t<\/div>\n\t\n\n\n\t\t<\/div>\n\t\t\t\t\t<\/div>\n\n\t\n\n<\/div>\n\t<div id=\"gap-1197902615\" class=\"gap-element clearfix\" style=\"display:block; height:auto;\">\n\t\t\n<style>\n#gap-1197902615 {\n  padding-top: 30px;\n}\n<\/style>\n\t<\/div>\n\t\n\n\t<section class=\"section dark\" id=\"section_276770223\">\n\t\t<div class=\"bg section-bg fill bg-fill  bg-loaded\" >\n\n\t\t\t\n\t\t\t\n\t\t\t\n\n\t\t<\/div>\n\n\t\t\n\n\t\t<div class=\"section-content relative\">\n\t\t\t\n\n<h1 style=\"text-align: center;\">Nas redores da \u00e1rea de exposi\u00e7\u00e3o se encontrar\u00e1 vagas de estacionamento suficientes<\/h1>\n\n\t\t<\/div>\n\n\t\t\n<style>\n#section_276770223 {\n  padding-top: 50px;\n  padding-bottom: 50px;\n  background-color: #D22511;\n}\n#section_276770223 .ux-shape-divider--top svg {\n  height: 150px;\n  --divider-top-width: 100%;\n}\n#section_276770223 .ux-shape-divider--bottom svg {\n  height: 150px;\n  --divider-width: 100%;\n}\n<\/style>\n\t<\/section>\n\t\n<div class=\"row row-full-width\"  id=\"row-864360460\">\n\n\n<\/div>\n\t<div id=\"gap-1399424147\" class=\"gap-element clearfix\" style=\"display:block; height:auto;\">\n\t\t\n<style>\n#gap-1399424147 {\n  padding-top: 30px;\n}\n<\/style>\n\t<\/div>\n\t\n\n<div class=\"row\"  id=\"row-259686615\">\n\n\n\t<div id=\"col-947677930\" class=\"col small-12 large-12\"  >\n\t\t\t\t<div class=\"col-inner\"  >\n\t\t\t\n\t\t\t\n\n<div class=\"row\"  id=\"row-314523136\">\n\n\n\t<div id=\"col-872927471\" class=\"col medium-2 small-12 large-2\"  >\n\t\t\t\t<div class=\"col-inner\"  >\n\t\t\t\n\t\t\t\n\n\n\t\t<\/div>\n\t\t\t\t\t<\/div>\n\n\t\n\n\t<div id=\"col-863303480\" class=\"col medium-8 small-12 large-8\"  >\n\t\t\t\t<div class=\"col-inner\"  >\n\t\t\t\n\t\t\t\n\n<p>\u2022 Os \u00f4nibus podem estacionar no estacionamento D bem pr\u00f3ximo da entrada para a feira.<br \/>\n\u2022 \u00d4nibus tomam a sa\u00edda Kassel-Waldau.<br \/>\n\u2022 Caso o estacionamento D estiver cheio, \u00e9 poss\u00edvel estacionar o \u00f4nibus vazio no &#8220;Auedamm&#8221;.<br \/>\n\u2022 \u00c9 proib\u00edda a passagem de quaisquer ve\u00edculos acima de 12 toneladas sobre a ponte do rio Fulda.<\/p>\n\n\t\t<\/div>\n\t\t\t\t\t<\/div>\n\n\t\n\n<\/div>\n<p><center>Aviso: Os autocarros e as associa\u00e7\u00f5es podem encomendar ingressos na venda antecipada. <br \/>\nIsso poupar\u00e1 tempo de espera nas caixas.<\/center><\/p>\n\n\t\t<\/div>\n\t\t\t\t\t<\/div>\n\n\t\n\n\t<div id=\"col-314205906\" class=\"col small-12 large-12\"  >\n\t\t\t\t<div class=\"col-inner text-center\"  >\n\t\t\t\n\t\t\t\n\n<div class=\"row align-center\"  id=\"row-1392227319\">\n\n\n\t<div id=\"col-1409798369\" class=\"col medium-1 small-12 large-1\"  >\n\t\t\t\t<div class=\"col-inner\"  >\n\t\t\t\n\t\t\t\n\n\n\t\t<\/div>\n\t\t\t\t\t<\/div>\n\n\t\n\n\t<div id=\"col-528183059\" class=\"col medium-3 small-12 large-3\"  >\n\t\t\t\t<div class=\"col-inner\"  >\n\t\t\t\n\t\t\t\n\n\t<div id=\"gap-998479359\" class=\"gap-element clearfix\" style=\"display:block; height:auto;\">\n\t\t\n<style>\n#gap-998479359 {\n  padding-top: 40px;\n}\n<\/style>\n\t<\/div>\n\t\n\n<p style=\"text-align: right;\">Estamos \u00e0 sua disposi\u00e7\u00e3o para ajudar no planejamento da sua visita da feira.<\/p>\n\n\t\t<\/div>\n\t\t\t\t\t<\/div>\n\n\t\n\n\t<div id=\"col-112430496\" class=\"col medium-6 small-12 large-6\"  >\n\t\t\t\t<div class=\"col-inner text-center\"  >\n\t\t\t\n\t\t\t\n\n<blockquote>\n<p>\u00a0<\/p>\n<table border=\"0\" width=\"400\" cellspacing=\"1\" cellpadding=\"1\">\n<tbody>\n<tr>\n<td class=\"tabellentext\" width=\"70\">Telefon<\/td>\n<td class=\"tabellentext\" width=\"323\">+49-2268-1591<\/td>\n<\/tr>\n<tr>\n<td class=\"tabellentext\">eMail<\/td>\n<td class=\"tabellentext\">info@taubenmarkt-kassel.de<\/td>\n<\/tr>\n<\/tbody>\n<\/table>\n<p>\u00a0<\/p>\n<\/blockquote>\n\n\n\t\t<\/div>\n\t\t\t\t\t<\/div>\n\n\t\n\n<\/div>\n\n\t\t<\/div>\n\t\t\t\t\t<\/div>\n\n\t\n\n<\/div>\n<div class=\"container section-title-container\" ><h3 class=\"section-title section-title-center\"><b><\/b><span class=\"section-title-main\" >Esperamos encontr\u00e1-lo em breve!<\/span><b><\/b><\/h3><\/div>\n\n\n","protected":false},"excerpt":{"rendered":"","protected":false},"author":5,"featured_media":0,"parent":0,"menu_order":0,"comment_status":"closed","ping_status":"closed","template":"page-blank.php","meta":{"footnotes":""},"class_list":["post-1032","page","type-page","status-publish","hentry"],"_links":{"self":[{"href":"https:\/\/www.taubenmarkt-kassel.de\/pt-pt\/wp-json\/wp\/v2\/pages\/1032","targetHints":{"allow":["GET"]}}],"collection":[{"href":"https:\/\/www.taubenmarkt-kassel.de\/pt-pt\/wp-json\/wp\/v2\/pages"}],"about":[{"href":"https:\/\/www.taubenmarkt-kassel.de\/pt-pt\/wp-json\/wp\/v2\/types\/page"}],"author":[{"embeddable":true,"href":"https:\/\/www.taubenmarkt-kassel.de\/pt-pt\/wp-json\/wp\/v2\/users\/5"}],"replies":[{"embeddable":true,"href":"https:\/\/www.taubenmarkt-kassel.de\/pt-pt\/wp-json\/wp\/v2\/comments?post=1032"}],"version-history":[{"count":6,"href":"https:\/\/www.taubenmarkt-kassel.de\/pt-pt\/wp-json\/wp\/v2\/pages\/1032\/revisions"}],"predecessor-version":[{"id":31852,"href":"https:\/\/www.taubenmarkt-kassel.de\/pt-pt\/wp-json\/wp\/v2\/pages\/1032\/revisions\/31852"}],"wp:attachment":[{"href":"https:\/\/www.taubenmarkt-kassel.de\/pt-pt\/wp-json\/wp\/v2\/media?parent=1032"}],"curies":[{"name":"wp","href":"https:\/\/api.w.org\/{rel}","templated":true}]}}