{"id":1026,"date":"2017-12-05T16:59:38","date_gmt":"2017-12-05T15:59:38","guid":{"rendered":"http:\/\/6.myplusone.de\/?page_id=1026"},"modified":"2024-11-14T21:34:17","modified_gmt":"2024-11-14T20:34:17","slug":"precos-de-anuncios","status":"publish","type":"page","link":"https:\/\/www.taubenmarkt-kassel.de\/pt-pt\/subscription\/precos-de-anuncios\/","title":{"rendered":"Pre\u00e7os de an\u00fancios"},"content":{"rendered":"\t<div id=\"gap-1878805631\" class=\"gap-element clearfix\" style=\"display:block; height:auto;\">\n\t\t\n<style>\n#gap-1878805631 {\n  padding-top: 30px;\n}\n<\/style>\n\t<\/div>\n\t\n<div class=\"row\"  id=\"row-1900141959\">\n\n\t<div id=\"col-802507360\" class=\"col small-12 large-12\"  >\n\t\t\t\t<div class=\"col-inner\"  >\n\t\t\t\n\t\t\t\n<div class=\"container section-title-container\" ><h3 class=\"section-title section-title-center\"><b><\/b><span class=\"section-title-main\" >Revista profissional - TaubenMarkt \/ Die Sporttaube -<\/span><b><\/b><\/h3><\/div>\n\n  <div class=\"banner has-hover\" id=\"banner-1740504377\">\n          <div class=\"banner-inner fill\">\n        <div class=\"banner-bg fill\" >\n            <div class=\"bg fill bg-fill \"><\/div>\n                                    \n                    <\/div>\n\t\t\n        <div class=\"banner-layers container\">\n            <div class=\"fill banner-link\"><\/div>            \n   <div id=\"text-box-1541779785\" class=\"text-box banner-layer x5 md-x5 lg-x5 y10 md-y10 lg-y10 res-text\">\n                                <div class=\"text-box-content text \">\n              \n              <div class=\"text-inner text-left\">\n                  \n<ul>\n<li>Informa\u00e7\u00f5es especializadas e recentes<\/li>\n<li>Contibui\u00e7\u00f5es relevantes de criadores experientes<\/li>\n<li>Reportagens sobre criadores nacionais e internacionais<\/li>\n<li>Motivos de reflex\u00e3o sobre o presente e o futuro da Columbofilia<\/li>\n<li>Informa\u00e7\u00f5es sobre eventos nacionais e internacionais de Columbofilia<\/li>\n<li>Cada edi\u00e7\u00e3o em impress\u00e3o moderna a 4 cores<\/li>\n<\/ul>\n              <\/div>\n           <\/div>\n                            \n<style>\n#text-box-1541779785 {\n  width: 60%;\n}\n#text-box-1541779785 .text-box-content {\n  font-size: 100%;\n}\n<\/style>\n    <\/div>\n \n\t<div class=\"img has-hover x90 md-x90 lg-x90 y10 md-y10 lg-y10\" id=\"image_1461767989\">\n\t\t\t\t\t\t\t\t<div class=\"img-inner dark\" >\n\t\t\t<img loading=\"lazy\" decoding=\"async\" width=\"250\" height=\"354\" src=\"https:\/\/www.taubenmarkt-kassel.de\/wp-content\/uploads\/2024\/11\/Titel.png\" class=\"attachment-large size-large\" alt=\"\" srcset=\"https:\/\/www.taubenmarkt-kassel.de\/wp-content\/uploads\/2024\/11\/Titel.png 250w, https:\/\/www.taubenmarkt-kassel.de\/wp-content\/uploads\/2024\/11\/Titel-212x300.png 212w\" sizes=\"auto, (max-width: 250px) 100vw, 250px\" \/>\t\t\t\t\t\t\n\t\t\t\t\t<\/div>\n\t\t\t\t\t\t\t\t\n<style>\n#image_1461767989 {\n  width: 25%;\n}\n<\/style>\n\t<\/div>\n\t\n        <\/div>\n      <\/div>\n\n            \n<style>\n#banner-1740504377 {\n  padding-top: 500px;\n  background-color: rgb(255,255,255);\n}\n#banner-1740504377 .ux-shape-divider--top svg {\n  height: 150px;\n  --divider-top-width: 100%;\n}\n#banner-1740504377 .ux-shape-divider--bottom svg {\n  height: 150px;\n  --divider-width: 100%;\n}\n<\/style>\n  <\/div>\n\n\n\t\t<\/div>\n\t\t\t\t\t<\/div>\n\n\t\n<\/div>\n\t<section class=\"section\" id=\"section_426019628\">\n\t\t<div class=\"bg section-bg fill bg-fill  bg-loaded\" >\n\n\t\t\t\n\t\t\t\n\t\t\t\n\n\t\t<\/div>\n\n\t\t\n\n\t\t<div class=\"section-content relative\">\n\t\t\t\n\t\t<\/div>\n\n\t\t\n<style>\n#section_426019628 {\n  padding-top: 5px;\n  padding-bottom: 5px;\n  background-color: #D22511;\n}\n#section_426019628 .ux-shape-divider--top svg {\n  height: 150px;\n  --divider-top-width: 100%;\n}\n#section_426019628 .ux-shape-divider--bottom svg {\n  height: 150px;\n  --divider-width: 100%;\n}\n<\/style>\n\t<\/section>\n\t\n\t<div id=\"gap-1596586836\" class=\"gap-element clearfix\" style=\"display:block; height:auto;\">\n\t\t\n<style>\n#gap-1596586836 {\n  padding-top: 25px;\n}\n<\/style>\n\t<\/div>\n\t\n<div class=\"row\"  id=\"row-1161580358\">\n<\/div>\n<div class=\"container section-title-container\" ><h3 class=\"section-title section-title-center\"><b><\/b><span class=\"section-title-main\" >Custos promocionais pela revista - TaubenMarkt \/ Die Sporttaube -<\/span><b><\/b><\/h3><\/div>\n<div class=\"row\"  id=\"row-374687138\">\n\n\t<div id=\"col-720843758\" class=\"col medium-3 small-12 large-3\"  >\n\t\t\t\t<div class=\"col-inner\"  >\n\t\t\t\n\t\t\t\n\n\t\t<div class=\"icon-box featured-box icon-box-center text-center is-small\"  >\n\t\t\t\t\t<div class=\"icon-box-img\" style=\"width: 46px\">\n\t\t\t\t<div class=\"icon\">\n\t\t\t\t\t<div class=\"icon-inner\" >\n\t\t\t\t\t\t<?xml version=\"1.0\" encoding=\"utf-8\"?>\n<!-- Generator: Adobe Illustrator 16.0.0, SVG Export Plug-In . SVG Version: 6.00 Build 0)  -->\n<!DOCTYPE svg PUBLIC \"-\/\/W3C\/\/DTD SVG 1.1\/\/EN\" \"http:\/\/www.w3.org\/Graphics\/SVG\/1.1\/DTD\/svg11.dtd\">\n<svg version=\"1.1\" id=\"Layer_1\" xmlns=\"http:\/\/www.w3.org\/2000\/svg\" xmlns:xlink=\"http:\/\/www.w3.org\/1999\/xlink\" x=\"0px\" y=\"0px\"\n\t width=\"198.43px\" height=\"283.46px\" viewBox=\"0 0 198.43 283.46\" enable-background=\"new 0 0 198.43 283.46\" xml:space=\"preserve\">\n<polygon fill=\"#D22511\" points=\"121.715,96.23 121.715,52.23 29.715,52.23 29.715,230.23 165.715,230.23 165.715,96.23 \"\/>\n<g>\n\t<g>\n\t\t<path fill=\"#3F3F3F\" d=\"M174.966,96.175l-51.765-51.764c-1.229-1.229-2.893-1.896-4.574-1.896H28.039\n\t\t\tc-3.573,0-6.471,2.897-6.471,6.471v185.488c0,3.574,2.897,6.471,6.471,6.471h142.352c3.573,0,6.471-2.896,6.471-6.471V100.75\n\t\t\tC176.861,99.094,176.201,97.409,174.966,96.175z M125.098,64.607c3.144,3.144,26.527,26.527,29.672,29.672h-29.672V64.607\n\t\t\tL125.098,64.607z M163.92,228.003H34.509V55.456h77.647v45.294c0,3.573,2.896,6.471,6.471,6.471h45.293V228.003L163.92,228.003z\"\n\t\t\t\/>\n\t<\/g>\n<\/g>\n<\/svg>\n\t\t\t\t\t<\/div>\n\t\t\t\t<\/div>\n\t\t\t<\/div>\n\t\t\t\t<div class=\"icon-box-text last-reset\">\n\t\t\t\t\t\t\t\t\t\n<h3>EUR 300<\/h3>\n<p>1\/1 p\u00e1gina &#8211; 190 mm largura, 255 mm altura<\/p>\n\t\t<\/div>\n\t<\/div>\n\t\n\t\n\t\t<\/div>\n\t\t\t\t\t<\/div>\n\n\t\n\n\t<div id=\"col-2019064269\" class=\"col medium-3 small-12 large-3\"  >\n\t\t\t\t<div class=\"col-inner\"  >\n\t\t\t\n\t\t\t\n\n\t\t<div class=\"icon-box featured-box icon-box-center text-center is-small\"  >\n\t\t\t\t\t<div class=\"icon-box-img\" style=\"width: 46px\">\n\t\t\t\t<div class=\"icon\">\n\t\t\t\t\t<div class=\"icon-inner\" >\n\t\t\t\t\t\t<?xml version=\"1.0\" encoding=\"utf-8\"?>\n<!-- Generator: Adobe Illustrator 16.0.0, SVG Export Plug-In . SVG Version: 6.00 Build 0)  -->\n<!DOCTYPE svg PUBLIC \"-\/\/W3C\/\/DTD SVG 1.1\/\/EN\" \"http:\/\/www.w3.org\/Graphics\/SVG\/1.1\/DTD\/svg11.dtd\">\n<svg version=\"1.1\" id=\"Layer_1\" xmlns=\"http:\/\/www.w3.org\/2000\/svg\" xmlns:xlink=\"http:\/\/www.w3.org\/1999\/xlink\" x=\"0px\" y=\"0px\"\n\t width=\"198.43px\" height=\"283.46px\" viewBox=\"0 0 198.43 283.46\" enable-background=\"new 0 0 198.43 283.46\" xml:space=\"preserve\">\n<rect x=\"28.715\" y=\"139.73\" fill=\"#D22511\" width=\"140\" height=\"91\"\/>\n<g>\n\t<g>\n\t\t<path fill=\"#3F3F3F\" d=\"M174.966,96.175l-51.765-51.764c-1.229-1.229-2.893-1.896-4.574-1.896H28.039\n\t\t\tc-3.573,0-6.471,2.897-6.471,6.471v185.488c0,3.574,2.897,6.471,6.471,6.471h142.352c3.573,0,6.471-2.896,6.471-6.471V100.75\n\t\t\tC176.861,99.094,176.201,97.409,174.966,96.175z M125.098,64.607c3.144,3.144,26.527,26.527,29.672,29.672h-29.672V64.607\n\t\t\tL125.098,64.607z M163.92,228.003H34.509V55.456h77.647v45.294c0,3.573,2.896,6.471,6.471,6.471h45.293V228.003L163.92,228.003z\"\n\t\t\t\/>\n\t<\/g>\n<\/g>\n<\/svg>\n\t\t\t\t\t<\/div>\n\t\t\t\t<\/div>\n\t\t\t<\/div>\n\t\t\t\t<div class=\"icon-box-text last-reset\">\n\t\t\t\t\t\t\t\t\t\n<h3>EUR 150<\/h3>\n<p>1\/2 p\u00e1gina &#8211; 190 mm largura, 125 mm altura<\/p>\n\t\t<\/div>\n\t<\/div>\n\t\n\t\n\t\t<\/div>\n\t\t\t\t\t<\/div>\n\n\t\n\n\t<div id=\"col-1627648046\" class=\"col medium-3 small-12 large-3\"  >\n\t\t\t\t<div class=\"col-inner\"  >\n\t\t\t\n\t\t\t\n\n\t\t<div class=\"icon-box featured-box icon-box-center text-center is-small\"  >\n\t\t\t\t\t<div class=\"icon-box-img\" style=\"width: 46px\">\n\t\t\t\t<div class=\"icon\">\n\t\t\t\t\t<div class=\"icon-inner\" >\n\t\t\t\t\t\t<?xml version=\"1.0\" encoding=\"utf-8\"?>\n<!-- Generator: Adobe Illustrator 16.0.0, SVG Export Plug-In . SVG Version: 6.00 Build 0)  -->\n<!DOCTYPE svg PUBLIC \"-\/\/W3C\/\/DTD SVG 1.1\/\/EN\" \"http:\/\/www.w3.org\/Graphics\/SVG\/1.1\/DTD\/svg11.dtd\">\n<svg version=\"1.1\" id=\"Layer_1\" xmlns=\"http:\/\/www.w3.org\/2000\/svg\" xmlns:xlink=\"http:\/\/www.w3.org\/1999\/xlink\" x=\"0px\" y=\"0px\"\n\t width=\"198.43px\" height=\"283.46px\" viewBox=\"0 0 198.43 283.46\" enable-background=\"new 0 0 198.43 283.46\" xml:space=\"preserve\">\n<rect x=\"28.715\" y=\"51.73\" fill=\"#D22511\" width=\"72.5\" height=\"179\"\/>\n<g>\n\t<g>\n\t\t<path fill=\"#3F3F3F\" d=\"M174.966,96.175l-51.765-51.764c-1.229-1.229-2.893-1.896-4.574-1.896H28.039\n\t\t\tc-3.573,0-6.471,2.897-6.471,6.471v185.488c0,3.574,2.897,6.471,6.471,6.471h142.352c3.573,0,6.471-2.896,6.471-6.471V100.75\n\t\t\tC176.861,99.094,176.201,97.409,174.966,96.175z M125.098,64.607c3.144,3.144,26.527,26.527,29.672,29.672h-29.672V64.607\n\t\t\tL125.098,64.607z M163.92,228.003H34.509V55.456h77.647v45.294c0,3.573,2.896,6.471,6.471,6.471h45.293V228.003L163.92,228.003z\"\n\t\t\t\/>\n\t<\/g>\n<\/g>\n<\/svg>\n\t\t\t\t\t<\/div>\n\t\t\t\t<\/div>\n\t\t\t<\/div>\n\t\t\t\t<div class=\"icon-box-text last-reset\">\n\t\t\t\t\t\t\t\t\t\n<h3>EUR 150<\/h3>\n<p>1\/2 p\u00e1gina &#8211; 93,5 mm largura, 255 mm altura<\/p>\n\t\t<\/div>\n\t<\/div>\n\t\n\t\n\t\t<\/div>\n\t\t\t\t\t<\/div>\n\n\t\n\n\t<div id=\"col-2085026019\" class=\"col medium-3 small-12 large-3\"  >\n\t\t\t\t<div class=\"col-inner\"  >\n\t\t\t\n\t\t\t\n\n\t\t<div class=\"icon-box featured-box icon-box-center text-center is-small\"  >\n\t\t\t\t\t<div class=\"icon-box-img\" style=\"width: 46px\">\n\t\t\t\t<div class=\"icon\">\n\t\t\t\t\t<div class=\"icon-inner\" >\n\t\t\t\t\t\t<?xml version=\"1.0\" encoding=\"utf-8\"?>\n<!-- Generator: Adobe Illustrator 16.0.0, SVG Export Plug-In . SVG Version: 6.00 Build 0)  -->\n<!DOCTYPE svg PUBLIC \"-\/\/W3C\/\/DTD SVG 1.1\/\/EN\" \"http:\/\/www.w3.org\/Graphics\/SVG\/1.1\/DTD\/svg11.dtd\">\n<svg version=\"1.1\" id=\"Layer_1\" xmlns=\"http:\/\/www.w3.org\/2000\/svg\" xmlns:xlink=\"http:\/\/www.w3.org\/1999\/xlink\" x=\"0px\" y=\"0px\"\n\t width=\"198.43px\" height=\"283.46px\" viewBox=\"0 0 198.43 283.46\" enable-background=\"new 0 0 198.43 283.46\" xml:space=\"preserve\">\n<rect x=\"28.715\" y=\"170.73\" fill=\"#D22511\" width=\"139.5\" height=\"60\"\/>\n<g>\n\t<g>\n\t\t<path fill=\"#3F3F3F\" d=\"M174.966,96.175l-51.765-51.764c-1.229-1.229-2.893-1.896-4.574-1.896H28.039\n\t\t\tc-3.573,0-6.471,2.897-6.471,6.471v185.488c0,3.574,2.897,6.471,6.471,6.471h142.352c3.573,0,6.471-2.896,6.471-6.471V100.75\n\t\t\tC176.861,99.094,176.201,97.409,174.966,96.175z M125.098,64.607c3.144,3.144,26.527,26.527,29.672,29.672h-29.672V64.607\n\t\t\tL125.098,64.607z M163.92,228.003H34.509V55.456h77.647v45.294c0,3.573,2.896,6.471,6.471,6.471h45.293V228.003L163.92,228.003z\"\n\t\t\t\/>\n\t<\/g>\n<\/g>\n<\/svg>\n\t\t\t\t\t<\/div>\n\t\t\t\t<\/div>\n\t\t\t<\/div>\n\t\t\t\t<div class=\"icon-box-text last-reset\">\n\t\t\t\t\t\t\t\t\t\n<h3>EUR 100<\/h3>\n<p>1\/3 p\u00e1gina &#8211; 190 mm largura, 85 mm altura<\/p>\n\t\t<\/div>\n\t<\/div>\n\t\n\t\n\t\t<\/div>\n\t\t\t\t\t<\/div>\n\n\t\n<\/div>\n\t<div id=\"gap-1102993157\" class=\"gap-element clearfix\" style=\"display:block; height:auto;\">\n\t\t\n<style>\n#gap-1102993157 {\n  padding-top: 37px;\n}\n<\/style>\n\t<\/div>\n\t\n<div class=\"row\"  id=\"row-2141518370\">\n\n\t<div id=\"col-769136025\" class=\"col medium-3 small-12 large-3\"  >\n\t\t\t\t<div class=\"col-inner\"  >\n\t\t\t\n\t\t\t\n\n\t\t<div class=\"icon-box featured-box icon-box-center text-center is-small\"  >\n\t\t\t\t\t<div class=\"icon-box-img\" style=\"width: 46px\">\n\t\t\t\t<div class=\"icon\">\n\t\t\t\t\t<div class=\"icon-inner\" >\n\t\t\t\t\t\t<?xml version=\"1.0\" encoding=\"utf-8\"?>\n<!-- Generator: Adobe Illustrator 16.0.0, SVG Export Plug-In . SVG Version: 6.00 Build 0)  -->\n<!DOCTYPE svg PUBLIC \"-\/\/W3C\/\/DTD SVG 1.1\/\/EN\" \"http:\/\/www.w3.org\/Graphics\/SVG\/1.1\/DTD\/svg11.dtd\">\n<svg version=\"1.1\" id=\"Layer_1\" xmlns=\"http:\/\/www.w3.org\/2000\/svg\" xmlns:xlink=\"http:\/\/www.w3.org\/1999\/xlink\" x=\"0px\" y=\"0px\"\n\t width=\"198.43px\" height=\"283.46px\" viewBox=\"0 0 198.43 283.46\" enable-background=\"new 0 0 198.43 283.46\" xml:space=\"preserve\">\n<rect x=\"28.715\" y=\"51.23\" fill=\"#D22511\" width=\"55.5\" height=\"179.5\"\/>\n<g>\n\t<g>\n\t\t<path fill=\"#3F3F3F\" d=\"M174.966,96.175l-51.765-51.764c-1.229-1.229-2.893-1.896-4.574-1.896H28.039\n\t\t\tc-3.573,0-6.471,2.897-6.471,6.471v185.488c0,3.574,2.897,6.471,6.471,6.471h142.352c3.573,0,6.471-2.896,6.471-6.471V100.75\n\t\t\tC176.861,99.094,176.201,97.409,174.966,96.175z M125.098,64.607c3.144,3.144,26.527,26.527,29.672,29.672h-29.672V64.607\n\t\t\tL125.098,64.607z M163.92,228.003H34.509V55.456h77.647v45.294c0,3.573,2.896,6.471,6.471,6.471h45.293V228.003L163.92,228.003z\"\n\t\t\t\/>\n\t<\/g>\n<\/g>\n<\/svg>\n\t\t\t\t\t<\/div>\n\t\t\t\t<\/div>\n\t\t\t<\/div>\n\t\t\t\t<div class=\"icon-box-text last-reset\">\n\t\t\t\t\t\t\t\t\t\n<h3>EUR 100<\/h3>\n<p>1\/3 p\u00e1gina &#8211; 60 mm largura, 255 mm altura<\/p>\n\t\t<\/div>\n\t<\/div>\n\t\n\t\n\t\t<\/div>\n\t\t\t\t\t<\/div>\n\n\t\n\n\t<div id=\"col-1085132447\" class=\"col medium-3 small-12 large-3\"  >\n\t\t\t\t<div class=\"col-inner\"  >\n\t\t\t\n\t\t\t\n\n\t\t<div class=\"icon-box featured-box icon-box-center text-center is-small\"  >\n\t\t\t\t\t<div class=\"icon-box-img\" style=\"width: 46px\">\n\t\t\t\t<div class=\"icon\">\n\t\t\t\t\t<div class=\"icon-inner\" >\n\t\t\t\t\t\t<?xml version=\"1.0\" encoding=\"utf-8\"?>\n<!-- Generator: Adobe Illustrator 16.0.0, SVG Export Plug-In . SVG Version: 6.00 Build 0)  -->\n<!DOCTYPE svg PUBLIC \"-\/\/W3C\/\/DTD SVG 1.1\/\/EN\" \"http:\/\/www.w3.org\/Graphics\/SVG\/1.1\/DTD\/svg11.dtd\">\n<svg version=\"1.1\" id=\"Layer_1\" xmlns=\"http:\/\/www.w3.org\/2000\/svg\" xmlns:xlink=\"http:\/\/www.w3.org\/1999\/xlink\" x=\"0px\" y=\"0px\"\n\t width=\"198.43px\" height=\"283.46px\" viewBox=\"0 0 198.43 283.46\" enable-background=\"new 0 0 198.43 283.46\" xml:space=\"preserve\">\n<rect x=\"28.715\" y=\"143.23\" fill=\"#D22511\" width=\"73\" height=\"87.5\"\/>\n<g>\n\t<g>\n\t\t<path fill=\"#3F3F3F\" d=\"M174.966,96.175l-51.765-51.764c-1.229-1.229-2.893-1.896-4.574-1.896H28.039\n\t\t\tc-3.573,0-6.471,2.897-6.471,6.471v185.488c0,3.574,2.897,6.471,6.471,6.471h142.352c3.573,0,6.471-2.896,6.471-6.471V100.75\n\t\t\tC176.861,99.094,176.201,97.409,174.966,96.175z M125.098,64.607c3.144,3.144,26.527,26.527,29.672,29.672h-29.672V64.607\n\t\t\tL125.098,64.607z M163.92,228.003H34.509V55.456h77.647v45.294c0,3.573,2.896,6.471,6.471,6.471h45.293V228.003L163.92,228.003z\"\n\t\t\t\/>\n\t<\/g>\n<\/g>\n<\/svg>\n\t\t\t\t\t<\/div>\n\t\t\t\t<\/div>\n\t\t\t<\/div>\n\t\t\t\t<div class=\"icon-box-text last-reset\">\n\t\t\t\t\t\t\t\t\t\n<h3>EUR 75<\/h3>\n<p>1\/4 p\u00e1gina &#8211; 93,5 mm largura, 125 mm altura<\/p>\n\t\t<\/div>\n\t<\/div>\n\t\n\t\n\t\t<\/div>\n\t\t\t\t\t<\/div>\n\n\t\n\n\t<div id=\"col-845195793\" class=\"col medium-3 small-12 large-3\"  >\n\t\t\t\t<div class=\"col-inner\"  >\n\t\t\t\n\t\t\t\n\n\t\t<div class=\"icon-box featured-box icon-box-center text-center is-small\"  >\n\t\t\t\t\t<div class=\"icon-box-img\" style=\"width: 46px\">\n\t\t\t\t<div class=\"icon\">\n\t\t\t\t\t<div class=\"icon-inner\" >\n\t\t\t\t\t\t<?xml version=\"1.0\" encoding=\"utf-8\"?>\n<!-- Generator: Adobe Illustrator 16.0.0, SVG Export Plug-In . SVG Version: 6.00 Build 0)  -->\n<!DOCTYPE svg PUBLIC \"-\/\/W3C\/\/DTD SVG 1.1\/\/EN\" \"http:\/\/www.w3.org\/Graphics\/SVG\/1.1\/DTD\/svg11.dtd\">\n<svg version=\"1.1\" id=\"Layer_1\" xmlns=\"http:\/\/www.w3.org\/2000\/svg\" xmlns:xlink=\"http:\/\/www.w3.org\/1999\/xlink\" x=\"0px\" y=\"0px\"\n\t width=\"198.43px\" height=\"283.46px\" viewBox=\"0 0 198.43 283.46\" enable-background=\"new 0 0 198.43 283.46\" xml:space=\"preserve\">\n<rect x=\"28.715\" y=\"182.73\" fill=\"#D22511\" width=\"139.5\" height=\"48\"\/>\n<g>\n\t<g>\n\t\t<path fill=\"#3F3F3F\" d=\"M174.966,96.175l-51.765-51.764c-1.229-1.229-2.893-1.896-4.574-1.896H28.039\n\t\t\tc-3.573,0-6.471,2.897-6.471,6.471v185.488c0,3.574,2.897,6.471,6.471,6.471h142.352c3.573,0,6.471-2.896,6.471-6.471V100.75\n\t\t\tC176.861,99.094,176.201,97.409,174.966,96.175z M125.098,64.607c3.144,3.144,26.527,26.527,29.672,29.672h-29.672V64.607\n\t\t\tL125.098,64.607z M163.92,228.003H34.509V55.456h77.647v45.294c0,3.573,2.896,6.471,6.471,6.471h45.293V228.003L163.92,228.003z\"\n\t\t\t\/>\n\t<\/g>\n<\/g>\n<\/svg>\n\t\t\t\t\t<\/div>\n\t\t\t\t<\/div>\n\t\t\t<\/div>\n\t\t\t\t<div class=\"icon-box-text last-reset\">\n\t\t\t\t\t\t\t\t\t\n<h3>EUR 75<\/h3>\n<p>1\/4 p\u00e1gina &#8211; 190 mm largura, 63 mm altura<\/p>\n\t\t<\/div>\n\t<\/div>\n\t\n\t\n\t\t<\/div>\n\t\t\t\t\t<\/div>\n\n\t\n\n\t<div id=\"col-1421905074\" class=\"col medium-3 small-12 large-3\"  >\n\t\t\t\t<div class=\"col-inner\"  >\n\t\t\t\n\t\t\t\n\n\t\t<div class=\"icon-box featured-box icon-box-center text-center is-small\"  >\n\t\t\t\t\t<div class=\"icon-box-img\" style=\"width: 46px\">\n\t\t\t\t<div class=\"icon\">\n\t\t\t\t\t<div class=\"icon-inner\" >\n\t\t\t\t\t\t<?xml version=\"1.0\" encoding=\"utf-8\"?>\n<!-- Generator: Adobe Illustrator 16.0.0, SVG Export Plug-In . SVG Version: 6.00 Build 0)  -->\n<!DOCTYPE svg PUBLIC \"-\/\/W3C\/\/DTD SVG 1.1\/\/EN\" \"http:\/\/www.w3.org\/Graphics\/SVG\/1.1\/DTD\/svg11.dtd\">\n<svg version=\"1.1\" id=\"Layer_1\" xmlns=\"http:\/\/www.w3.org\/2000\/svg\" xmlns:xlink=\"http:\/\/www.w3.org\/1999\/xlink\" x=\"0px\" y=\"0px\"\n\t width=\"198.43px\" height=\"283.46px\" viewBox=\"0 0 198.43 283.46\" enable-background=\"new 0 0 198.43 283.46\" xml:space=\"preserve\">\n<rect x=\"28.715\" y=\"166.564\" fill=\"#D22511\" width=\"91\" height=\"63.666\"\/>\n<g>\n\t<g>\n\t\t<path fill=\"#3F3F3F\" d=\"M174.966,96.175l-51.765-51.764c-1.229-1.229-2.894-1.896-4.574-1.896H28.039\n\t\t\tc-3.573,0-6.472,2.897-6.472,6.471v185.488c0,3.574,2.897,6.471,6.472,6.471h142.352c3.573,0,6.471-2.896,6.471-6.471V100.75\n\t\t\tC176.861,99.094,176.201,97.409,174.966,96.175z M125.098,64.607c3.145,3.144,26.527,26.527,29.672,29.672h-29.672V64.607\n\t\t\tL125.098,64.607z M163.92,228.003H34.509V55.456h77.647v45.294c0,3.573,2.896,6.471,6.471,6.471h45.293V228.003L163.92,228.003z\"\n\t\t\t\/>\n\t<\/g>\n<\/g>\n<\/svg>\n\t\t\t\t\t<\/div>\n\t\t\t\t<\/div>\n\t\t\t<\/div>\n\t\t\t\t<div class=\"icon-box-text last-reset\">\n\t\t\t\t\t\t\t\t\t\n<h3>EUR 75<\/h3>\n<p>1\/4 p\u00e1gina &#8211; 125 mm largura, 83 mm altura<\/p>\n\t\t<\/div>\n\t<\/div>\n\t\n\t\n\t\t<\/div>\n\t\t\t\t\t<\/div>\n\n\t\n<\/div>\n\t<div id=\"gap-1167478385\" class=\"gap-element clearfix\" style=\"display:block; height:auto;\">\n\t\t\n<style>\n#gap-1167478385 {\n  padding-top: 50px;\n}\n<\/style>\n\t<\/div>\n\t\n\t<section class=\"section dark has-mask mask-arrow\" id=\"section_1698171986\">\n\t\t<div class=\"bg section-bg fill bg-fill  bg-loaded\" >\n\n\t\t\t\n\t\t\t\n\t\t\t\n\n\t\t<\/div>\n\n\t\t\n\n\t\t<div class=\"section-content relative\">\n\t\t\t\n<p style=\"text-align: center;\">corresponde ao pre\u00e7o por mm, coluna \u00fanica EUR 0,90<br \/>\ntodos os pre\u00e7os mais de IVA<\/p>\n<p style=\"text-align: center;\">formato de composi\u00e7\u00e3o: 190 mm largura, 255 mm altura<br \/>\n<span lang=\"pt\" tabindex=\"0\">Layout e conjunto de um an\u00fancio: Pre\u00e7o do an\u00fancio em uma p\u00e1gina de 1\/4 \u00a0+ Sobretaxa de 40% mais de IVA<\/span><\/p>\n<p style=\"text-align: center;\">Por causa dos nossos pre\u00e7os baixos, n\u00e3o podemos oferecer comiss\u00f5es de ag\u00eancias ou descontos por volume.<\/p>\n<div class=\"row\"  id=\"row-570477087\">\n\n\t<div id=\"col-1955161101\" class=\"col medium-1 small-12 large-1\"  >\n\t\t\t\t<div class=\"col-inner\"  >\n\t\t\t\n\t\t\t\n\t\t<\/div>\n\t\t\t\t\t<\/div>\n\n\t\n\n\t<div id=\"col-20562633\" class=\"col medium-10 small-12 large-10\"  >\n\t\t\t\t<div class=\"col-inner text-center\"  >\n\t\t\t\n\t\t\t\n<a rel=\"noopener noreferrer\" href=\"https:\/\/www.taubenmarkt-kassel.de\/wp-content\/uploads\/2020\/02\/Mediadaten_TaubenMarkt_EN.pdf\" target=\"_blank\" class=\"button white is-underline\"  >\n    <span>Download our media data<\/span>\n  <\/a>\n\n\t\t<\/div>\n\t\t\t\t\t<\/div>\n\n\t\n\n\t<div id=\"col-331371404\" class=\"col medium-1 small-12 large-1\"  >\n\t\t\t\t<div class=\"col-inner\"  >\n\t\t\t\n\t\t\t\n\t\t<\/div>\n\t\t\t\t\t<\/div>\n\n\t\n<\/div>\n\t\t<\/div>\n\n\t\t\n<style>\n#section_1698171986 {\n  padding-top: 60px;\n  padding-bottom: 60px;\n  background-color: #D22511;\n}\n#section_1698171986 .ux-shape-divider--top svg {\n  height: 150px;\n  --divider-top-width: 100%;\n}\n#section_1698171986 .ux-shape-divider--bottom svg {\n  height: 150px;\n  --divider-width: 100%;\n}\n<\/style>\n\t<\/section>\n\t\n\t<section class=\"section has-mask mask-arrow\" id=\"section_1080638684\">\n\t\t<div class=\"bg section-bg fill bg-fill  bg-loaded\" >\n\n\t\t\t\n\t\t\t\n\t\t\t\n\t<div class=\"is-border\"\n\t\tstyle=\"border-color:rgb(235, 235, 235);border-width:1px 0px 0px 0px;\">\n\t<\/div>\n\n\t\t<\/div>\n\n\t\t\n\n\t\t<div class=\"section-content relative\">\n\t\t\t\n<div class=\"row row-large align-middle align-center\"  id=\"row-297071099\">\n\n\t<div id=\"col-678815706\" class=\"col medium-5 small-12 large-5\"  >\n\t\t\t\t<div class=\"col-inner box-shadow-2 box-shadow-5-hover\" style=\"background-color:rgb(255, 255, 255);\" >\n\t\t\t\n\t\t\t\n    <div class=\"box has-hover has-hover box-text-bottom\" >\n\n                  <div class=\"box-image \" style=\"width:80%;\">\n           <div class=\"box-image-inner image-cover\" style=\"border-radius:100%;padding-top:100%;\">\n              <img loading=\"lazy\" decoding=\"async\" width=\"1432\" height=\"955\" src=\"https:\/\/www.taubenmarkt-kassel.de\/wp-content\/uploads\/2017\/11\/Schmitter-2.png\" class=\"attachment- size-\" alt=\"\" srcset=\"https:\/\/www.taubenmarkt-kassel.de\/wp-content\/uploads\/2017\/11\/Schmitter-2.png 1432w, https:\/\/www.taubenmarkt-kassel.de\/wp-content\/uploads\/2017\/11\/Schmitter-2-300x200.png 300w, https:\/\/www.taubenmarkt-kassel.de\/wp-content\/uploads\/2017\/11\/Schmitter-2-768x512.png 768w, https:\/\/www.taubenmarkt-kassel.de\/wp-content\/uploads\/2017\/11\/Schmitter-2-1024x683.png 1024w\" sizes=\"auto, (max-width: 1432px) 100vw, 1432px\" \/>                         <\/div>\n          <\/div>\n         \n          <div class=\"box-text text-center\" >\n                <div class=\"box-text-inner\">\n                  <h4 class=\"uppercase\">\n                    <span class=\"person-name\">Daniela Schmitter<\/span><br\/>\n                    <span class=\"person-title is-small thin-font op-7\">\n                                          <\/span>\n                  <\/h4>\n                 <div class=\"social-icons follow-icons\" ><a href=\"mailto:daniela.schmitter@biw-kuerten.de\" data-label=\"E-mail\" rel=\"nofollow\" class=\"icon button circle is-outline  email tooltip\" title=\"Envie-nos um e-mail\" aria-label=\"Envie-nos um e-mail\"><i class=\"icon-envelop\" ><\/i><\/a><\/div>                 \n<p>telefone: +49-2268-1591<br \/>\ncelular: +49-175-6782018<\/p>\n                <\/div>\n          <\/div>\n    <\/div>\n\n    \n    \n\t\t<\/div>\n\t\t\t\t\n<style>\n#col-678815706 > .col-inner {\n  padding: 15px 15px 15px 15px;\n}\n<\/style>\n\t<\/div>\n\n\t\n\n\t<div id=\"col-855961958\" class=\"col medium-6 small-12 large-6\"  >\n\t\t\t\t<div class=\"col-inner text-center\"  >\n\t\t\t\n\t\t\t\n<h2>Estou \u00e0 disposi\u00e7\u00e3o para consultas individuais.<\/h2>\n<p>Como pessoa respons\u00e1vel da nossa revista profissional &#8220;TaubenMarkt\/Die Sporttaube&#8221;, estou pessoalmente \u00e0 sua disposi\u00e7\u00e3o.<\/p>\n\t\t<\/div>\n\t\t\t\t\t<\/div>\n\n\t\n<\/div>\n\t\t<\/div>\n\n\t\t\n<style>\n#section_1080638684 {\n  padding-top: 59px;\n  padding-bottom: 59px;\n  min-height: 300px;\n  background-color: rgb(228, 228, 228);\n}\n#section_1080638684 .ux-shape-divider--top svg {\n  height: 150px;\n  --divider-top-width: 100%;\n}\n#section_1080638684 .ux-shape-divider--bottom svg {\n  height: 150px;\n  --divider-width: 100%;\n}\n<\/style>\n\t<\/section>\n\t\n","protected":false},"excerpt":{"rendered":"","protected":false},"author":5,"featured_media":0,"parent":5715,"menu_order":0,"comment_status":"closed","ping_status":"closed","template":"page-blank.php","meta":{"footnotes":""},"class_list":["post-1026","page","type-page","status-publish","hentry"],"_links":{"self":[{"href":"https:\/\/www.taubenmarkt-kassel.de\/pt-pt\/wp-json\/wp\/v2\/pages\/1026","targetHints":{"allow":["GET"]}}],"collection":[{"href":"https:\/\/www.taubenmarkt-kassel.de\/pt-pt\/wp-json\/wp\/v2\/pages"}],"about":[{"href":"https:\/\/www.taubenmarkt-kassel.de\/pt-pt\/wp-json\/wp\/v2\/types\/page"}],"author":[{"embeddable":true,"href":"https:\/\/www.taubenmarkt-kassel.de\/pt-pt\/wp-json\/wp\/v2\/users\/5"}],"replies":[{"embeddable":true,"href":"https:\/\/www.taubenmarkt-kassel.de\/pt-pt\/wp-json\/wp\/v2\/comments?post=1026"}],"version-history":[{"count":17,"href":"https:\/\/www.taubenmarkt-kassel.de\/pt-pt\/wp-json\/wp\/v2\/pages\/1026\/revisions"}],"predecessor-version":[{"id":25528,"href":"https:\/\/www.taubenmarkt-kassel.de\/pt-pt\/wp-json\/wp\/v2\/pages\/1026\/revisions\/25528"}],"up":[{"embeddable":true,"href":"https:\/\/www.taubenmarkt-kassel.de\/pt-pt\/wp-json\/wp\/v2\/pages\/5715"}],"wp:attachment":[{"href":"https:\/\/www.taubenmarkt-kassel.de\/pt-pt\/wp-json\/wp\/v2\/media?parent=1026"}],"curies":[{"name":"wp","href":"https:\/\/api.w.org\/{rel}","templated":true}]}}