{"id":1014,"date":"2017-12-05T16:40:14","date_gmt":"2017-12-05T15:40:14","guid":{"rendered":"http:\/\/6.myplusone.de\/?page_id=1014"},"modified":"2025-02-25T13:23:53","modified_gmt":"2025-02-25T12:23:53","slug":"galeria-retrospectiva","status":"publish","type":"page","link":"https:\/\/www.taubenmarkt-kassel.de\/pt-pt\/galeria-retrospectiva\/","title":{"rendered":"Galeria \/ Retrospectiva"},"content":{"rendered":"\t<div id=\"gap-1373186115\" class=\"gap-element clearfix\" style=\"display:block; height:auto;\">\n\t\t\n<style>\n#gap-1373186115 {\n  padding-top: 30px;\n}\n<\/style>\n\t<\/div>\n\t\n<div class=\"container section-title-container\" ><h3 class=\"section-title section-title-center\"><b><\/b><span class=\"section-title-main\" >Assim foi a 35\u00aa Feira Internacional de Columbofilia 2024<\/span><b><\/b><\/h3><\/div>\n<p class=\"uppercase\" style=\"text-align: center;\"><span style=\"font-size: 100%;\">A Feira Internacional de Columbofilia, em Kassel, \u00e9, <br \/> a maior feira mundial para criadores de pombos-correio. <\/span><\/p>\n<p style=\"text-align: center;\">H\u00e1 muitos anos, que mais de 300 expositores oferecem com imenso \u00eaxito os seus produtos numa \u00e1rea de 26.000 m\u00b2 durante dois dias.<\/p>\n<p style=\"text-align: center;\">Milhares de visitantes v\u00eam regularmente \u00e0 Feira Internacional de Columbofilia para satisfazerem as suas necessidades.<\/p>\n\t<div id=\"gap-499974376\" class=\"gap-element clearfix\" style=\"display:block; height:auto;\">\n\t\t\n<style>\n#gap-499974376 {\n  padding-top: 15px;\n}\n<\/style>\n\t<\/div>\n\t\n\t<div id=\"gap-2061881973\" class=\"gap-element clearfix\" style=\"display:block; height:auto;\">\n\t\t\n<style>\n#gap-2061881973 {\n  padding-top: 50px;\n}\n<\/style>\n\t<\/div>\n\t\n\t<section class=\"section has-mask mask-angled-large has-parallax\" id=\"section_1040248946\">\n\t\t<div class=\"bg section-bg fill bg-fill  \" data-parallax-container=\".section\" data-parallax-background data-parallax=\"-6\">\n\n\t\t\t\n\t\t\t\n\t\t\t\n\t<div class=\"is-border\"\n\t\tstyle=\"border-color:rgb(210, 37, 17);border-width:0px 0px 3pxx 0px;margin:0px 0px 0 0px;\">\n\t<\/div>\n\n\t\t<\/div>\n\n\t\t\n\n\t\t<div class=\"section-content relative\">\n\t\t\t\n\t\t<\/div>\n\n\t\t\n<style>\n#section_1040248946 {\n  padding-top: 100px;\n  padding-bottom: 100px;\n}\n#section_1040248946 .section-bg.bg-loaded {\n  background-image: url(https:\/\/www.taubenmarkt-kassel.de\/wp-content\/uploads\/2017\/11\/IMG_2374.jpg);\n}\n#section_1040248946 .section-bg {\n  background-position: 47% 65%;\n}\n#section_1040248946 .ux-shape-divider--top svg {\n  height: 150px;\n  --divider-top-width: 100%;\n}\n#section_1040248946 .ux-shape-divider--bottom svg {\n  height: 150px;\n  --divider-width: 100%;\n}\n<\/style>\n\t<\/section>\n\t\n\t<section class=\"section\" id=\"section_1186541148\">\n\t\t<div class=\"bg section-bg fill bg-fill  bg-loaded\" >\n\n\t\t\t\n\t\t\t\n\t\t\t\n\t<div class=\"is-border\"\n\t\tstyle=\"border-color:rgb(210, 37, 17);border-width:0px 0px 3px 0px;margin:0px 0px 0 0px;\">\n\t<\/div>\n\n\t\t<\/div>\n\n\t\t\n\n\t\t<div class=\"section-content relative\">\n\t\t\t\n<div class=\"container section-title-container\" ><h3 class=\"section-title section-title-center\"><b><\/b><span class=\"section-title-main\" >Pa\u00edses participantes - 2024<\/span><b><\/b><\/h3><\/div>\n<div class=\"row align-center\"  id=\"row-1056582936\">\n\n\t<div id=\"col-333279100\" class=\"col medium-10 small-12 large-10\"  >\n\t\t\t\t<div class=\"col-inner text-center\"  >\n\t\t\t\n\t\t\t\n\t<div class=\"img has-hover x md-x lg-x y md-y lg-y\" id=\"image_602785074\">\n\t\t\t\t\t\t\t\t<div class=\"img-inner dark\" >\n\t\t\t<img loading=\"lazy\" decoding=\"async\" width=\"906\" height=\"139\" src=\"https:\/\/www.taubenmarkt-kassel.de\/wp-content\/uploads\/2017\/11\/Flaggen_ITM2017_breit.png\" class=\"attachment-original size-original\" alt=\"\" srcset=\"https:\/\/www.taubenmarkt-kassel.de\/wp-content\/uploads\/2017\/11\/Flaggen_ITM2017_breit.png 906w, https:\/\/www.taubenmarkt-kassel.de\/wp-content\/uploads\/2017\/11\/Flaggen_ITM2017_breit-300x46.png 300w, https:\/\/www.taubenmarkt-kassel.de\/wp-content\/uploads\/2017\/11\/Flaggen_ITM2017_breit-768x118.png 768w\" sizes=\"auto, (max-width: 906px) 100vw, 906px\" \/>\t\t\t\t\t\t\n\t\t\t\t\t<\/div>\n\t\t\t\t\t\t\t\t\n<style>\n#image_602785074 {\n  width: 100%;\n}\n<\/style>\n\t<\/div>\n\t\n\t\t<\/div>\n\t\t\t\t\t<\/div>\n\n\t\n<\/div>\n\t\t<\/div>\n\n\t\t\n<style>\n#section_1186541148 {\n  padding-top: 60px;\n  padding-bottom: 60px;\n  min-height: 300px;\n  background-color: rgb(228, 228, 228);\n}\n#section_1186541148 .ux-shape-divider--top svg {\n  height: 150px;\n  --divider-top-width: 100%;\n}\n#section_1186541148 .ux-shape-divider--bottom svg {\n  height: 150px;\n  --divider-width: 100%;\n}\n<\/style>\n\t<\/section>\n\t\n\t<div id=\"gap-2047238709\" class=\"gap-element clearfix\" style=\"display:block; height:auto;\">\n\t\t\n<style>\n#gap-2047238709 {\n  padding-top: 30px;\n}\n<\/style>\n\t<\/div>\n\t\n\t<div id=\"gap-1930551299\" class=\"gap-element clearfix\" style=\"display:block; height:auto;\">\n\t\t\n<style>\n#gap-1930551299 {\n  padding-top: 30px;\n}\n<\/style>\n\t<\/div>\n\t\n<div class=\"container section-title-container\" ><h3 class=\"section-title section-title-center\"><b><\/b><span class=\"section-title-main\" >Galeria - 2024<\/span><b><\/b><\/h3><\/div>\n<div class=\"row\"  id=\"row-1629987015\">\n\n\t<div id=\"col-1186899272\" class=\"col medium-2 small-12 large-2\"  >\n\t\t\t\t<div class=\"col-inner\"  >\n\t\t\t\n\t\t\t\n\t\t<\/div>\n\t\t\t\t\t<\/div>\n\n\t\n\n\t<div id=\"col-1634996304\" class=\"col medium-8 small-12 large-8\"  >\n\t\t\t\t<div class=\"col-inner\"  >\n\t\t\t\n\t\t\t\n<div class=\"video video-fit mb\" style=\"padding-top:56.25%;\">\n<div class=\"brlbs-cmpnt-container brlbs-cmpnt-content-blocker brlbs-cmpnt-with-individual-styles\" data-borlabs-cookie-content-blocker-id=\"youtube-content-blocker\" data-borlabs-cookie-content=\"PGlmcmFtZSB0aXRsZT0iUsO8Y2tibGljayBJbnRlcm5hdGlvbmFsZXIgVGF1YmVuTWFya3QgS2Fzc2VsIDIwMjQiIHdpZHRoPSIxMDIwIiBoZWlnaHQ9IjU3NCIgc3JjPSJodHRwczovL3d3dy55b3V0dWJlLW5vY29va2llLmNvbS9lbWJlZC9SQnRRSmxJRkthbz9mZWF0dXJlPW9lbWJlZCIgZnJhbWVib3JkZXI9IjAiIGFsbG93PSJhY2NlbGVyb21ldGVyOyBhdXRvcGxheTsgY2xpcGJvYXJkLXdyaXRlOyBlbmNyeXB0ZWQtbWVkaWE7IGd5cm9zY29wZTsgcGljdHVyZS1pbi1waWN0dXJlOyB3ZWItc2hhcmUiIHJlZmVycmVycG9saWN5PSJzdHJpY3Qtb3JpZ2luLXdoZW4tY3Jvc3Mtb3JpZ2luIiBhbGxvd2Z1bGxzY3JlZW4+PC9pZnJhbWU+\">\n<div class=\"brlbs-cmpnt-cb-preset-c brlbs-cmpnt-cb-youtube\">\n<div class=\"brlbs-cmpnt-cb-thumbnail\" style=\"background-image: url('https:\/\/www.taubenmarkt-kassel.de\/wp-content\/uploads\/borlabs-cookie\/1\/yt_RBtQJlIFKao_hqdefault.jpg')\"><\/div>\n<div class=\"brlbs-cmpnt-cb-main\">\n<div class=\"brlbs-cmpnt-cb-play-button\"><\/div>\n<div class=\"brlbs-cmpnt-cb-content\">\n<p class=\"brlbs-cmpnt-cb-description\">You are currently viewing a placeholder content from <strong>YouTube<\/strong>. To access the actual content, click the button below. Please note that doing so will share data with third-party providers.<\/p>\n<p> <a class=\"brlbs-cmpnt-cb-provider-toggle\" href=\"#\" data-borlabs-cookie-show-provider-information role=\"button\">More Information<\/a> <\/div>\n<div class=\"brlbs-cmpnt-cb-buttons\"> <a class=\"brlbs-cmpnt-cb-btn\" href=\"#\" data-borlabs-cookie-unblock role=\"button\">Unblock content<\/a> <a class=\"brlbs-cmpnt-cb-btn\" href=\"#\" data-borlabs-cookie-accept-service role=\"button\" style=\"display: inherit\">Accept required service and unblock content<\/a> <\/div>\n<\/p><\/div>\n<\/p><\/div>\n<\/div>\n<\/div>\n\t\t<\/div>\n\t\t\t\t\t<\/div>\n\n\t\n\n\t<div id=\"col-84223843\" class=\"col medium-2 small-12 large-2\"  >\n\t\t\t\t<div class=\"col-inner\"  >\n\t\t\t\n\t\t\t\n\t\t<\/div>\n\t\t\t\t\t<\/div>\n\n\t\n<\/div>\n\n\t<div id=\"gap-938166390\" class=\"gap-element clearfix\" style=\"display:block; height:auto;\">\n\t\t\n<style>\n#gap-938166390 {\n  padding-top: 50px;\n}\n<\/style>\n\t<\/div>\n\t\n<div class=\"row\"  id=\"row-500489380\">\n\n\t<div id=\"col-1440050698\" class=\"col small-12 large-12\"  >\n\t\t\t\t<div class=\"col-inner text-center\"  >\n\t\t\t\n\t\t\t\n<a href=\"https:\/\/www.taubenmarkt-kassel.de\/pt-pt\/galeria-retrospectiva\/galeria-retrospectiva-2019\/\" target=\"_self\" class=\"button primary\"  >\n    <span>Para a galeria de 2019<\/span>\n  <\/a>\n\n<a href=\"https:\/\/www.taubenmarkt-kassel.de\/pt-pt\/galeria-retrospectiva\/galeria-retrospectiva-2018\/\" target=\"_self\" class=\"button primary\"  >\n    <span>Para a galeria de 2018<\/span>\n  <\/a>\n\n<a href=\"https:\/\/www.taubenmarkt-kassel.de\/pt-pt\/galeria-retrospectiva\/galeria-retrospectiva-2017\/\" target=\"_self\" class=\"button primary\"  >\n    <span>Para a galeria de 2017<\/span>\n  <\/a>\n\n\t\t<\/div>\n\t\t\t\t\t<\/div>\n\n\t\n<\/div>\n\t<div id=\"gap-1916485986\" class=\"gap-element clearfix\" style=\"display:block; height:auto;\">\n\t\t\n<style>\n#gap-1916485986 {\n  padding-top: 50px;\n}\n<\/style>\n\t<\/div>\n\t\n","protected":false},"excerpt":{"rendered":"<p>A Feira Internacional de Columbofilia, em Kassel, \u00e9, a maior feira mundial para criadores de pombos-correio. H\u00e1 muitos anos, que mais de 300 expositores oferecem com imenso \u00eaxito os seus produtos numa \u00e1rea de 26.000 m\u00b2 durante dois dias. Milhares de visitantes v\u00eam regularmente \u00e0 Feira Internacional de Columbofilia para satisfazerem as suas necessidades.<\/p>\n","protected":false},"author":5,"featured_media":0,"parent":0,"menu_order":0,"comment_status":"closed","ping_status":"closed","template":"page-blank.php","meta":{"footnotes":""},"class_list":["post-1014","page","type-page","status-publish","hentry"],"_links":{"self":[{"href":"https:\/\/www.taubenmarkt-kassel.de\/pt-pt\/wp-json\/wp\/v2\/pages\/1014","targetHints":{"allow":["GET"]}}],"collection":[{"href":"https:\/\/www.taubenmarkt-kassel.de\/pt-pt\/wp-json\/wp\/v2\/pages"}],"about":[{"href":"https:\/\/www.taubenmarkt-kassel.de\/pt-pt\/wp-json\/wp\/v2\/types\/page"}],"author":[{"embeddable":true,"href":"https:\/\/www.taubenmarkt-kassel.de\/pt-pt\/wp-json\/wp\/v2\/users\/5"}],"replies":[{"embeddable":true,"href":"https:\/\/www.taubenmarkt-kassel.de\/pt-pt\/wp-json\/wp\/v2\/comments?post=1014"}],"version-history":[{"count":16,"href":"https:\/\/www.taubenmarkt-kassel.de\/pt-pt\/wp-json\/wp\/v2\/pages\/1014\/revisions"}],"predecessor-version":[{"id":27318,"href":"https:\/\/www.taubenmarkt-kassel.de\/pt-pt\/wp-json\/wp\/v2\/pages\/1014\/revisions\/27318"}],"wp:attachment":[{"href":"https:\/\/www.taubenmarkt-kassel.de\/pt-pt\/wp-json\/wp\/v2\/media?parent=1014"}],"curies":[{"name":"wp","href":"https:\/\/api.w.org\/{rel}","templated":true}]}}