{"id":990,"date":"2017-12-05T16:11:57","date_gmt":"2017-12-05T15:11:57","guid":{"rendered":"http:\/\/6.myplusone.de\/?page_id=990"},"modified":"2026-01-08T18:46:41","modified_gmt":"2026-01-08T17:46:41","slug":"dojazd","status":"publish","type":"page","link":"https:\/\/www.taubenmarkt-kassel.de\/pl\/dojazd\/","title":{"rendered":"Dojazd"},"content":{"rendered":"\n\n  <div class=\"banner has-hover\" id=\"banner-1782434296\">\n          <div class=\"banner-inner fill\">\n        <div class=\"banner-bg fill\" >\n            <div class=\"bg fill bg-fill \"><\/div>\n                                    \n                    <\/div>\n\t\t\n        <div class=\"banner-layers container\">\n            <div class=\"fill banner-link\"><\/div>            \n\n\t<div class=\"img has-hover x50 md-x50 lg-x50 y20 md-y20 lg-y20\" id=\"image_1790464569\">\n\t\t\t\t\t\t\t\t<div class=\"img-inner dark\" >\n\t\t\t<img loading=\"lazy\" decoding=\"async\" width=\"111\" height=\"112\" src=\"https:\/\/www.taubenmarkt-kassel.de\/wp-content\/uploads\/2017\/11\/logo-messe-kassel.png\" class=\"attachment-large size-large\" alt=\"\" \/>\t\t\t\t\t\t\n\t\t\t\t\t<\/div>\n\t\t\t\t\t\t\t\t\n<style>\n#image_1790464569 {\n  width: 10%;\n}\n<\/style>\n\t<\/div>\n\t\n\n   <div id=\"text-box-911424591\" class=\"text-box banner-layer x50 md-x50 lg-x50 y85 md-y85 lg-y85 res-text\">\n                                <div class=\"text-box-content text \">\n              \n              <div class=\"text-inner text-center\">\n                  \n\n<h3><strong>Messe Kassel<\/strong><\/h3>\n<h4>Damaschkestrasse 55, 34121 Kassel<\/h4>\n\n              <\/div>\n           <\/div>\n                            \n<style>\n#text-box-911424591 {\n  width: 49%;\n}\n#text-box-911424591 .text-box-content {\n  font-size: 100%;\n}\n<\/style>\n    <\/div>\n \n\n        <\/div>\n      <\/div>\n\n            \n<style>\n#banner-1782434296 {\n  padding-top: 350px;\n  background-color: rgb(255,255,255);\n}\n#banner-1782434296 .ux-shape-divider--top svg {\n  height: 150px;\n  --divider-top-width: 100%;\n}\n#banner-1782434296 .ux-shape-divider--bottom svg {\n  height: 150px;\n  --divider-width: 100%;\n}\n<\/style>\n  <\/div>\n\n\n\n\n <div class=\"brlbs-cmpnt-container brlbs-cmpnt-content-blocker brlbs-cmpnt-with-individual-styles\" data-borlabs-cookie-content-blocker-id=\"google-maps\" data-borlabs-cookie-content=\"CjxkaXYgaWQ9IndyYXBwZXItOWNkMTk5YjljYzU0MTBjZDNiMWFkMjFjYWIyZTU0ZDMiPgo8ZGl2IGlkPSJtYXAtOWNkMTk5YjljYzU0MTBjZDNiMWFkMjFjYWIyZTU0ZDMiPjwvZGl2Pgo8cD48c2NyaXB0PihmdW5jdGlvbiAoKSB7CiAgICAgICAgdmFyIHNldHRpbmcgPSB7ImhlaWdodCI6NDIwLCJ3aWR0aCI6MTkyMCwiem9vbSI6MTAsInF1ZXJ5U3RyaW5nIjoiSW50ZXJuYXRpb25hbGVyIFRhdWJlbk1hcmt0IEthc3NlbCwgRGFtYXNjaGtlc3RyYcOfZSA1NSwgMzQxMjEgS2Fzc2VsLCBHZXJtYW55IiwicGxhY2VfaWQiOiJDaElKZDduQnlHYlJ2a2NSb1YyNjFpbEVKMmciLCJzYXRlbGxpdGUiOmZhbHNlLCJjZW50ZXJDb29yZCI6WzUxLjI4Nzg2ODUxOTgxMzI4LDkuNDk0MDkzMDk5OTk5OTk1XSwiY2lkIjoiMHg2ODI3NDQyOWQ2YmE1ZGExIiwibGFuZyI6ImVuIiwiY2l0eVVybCI6Ii9nZXJtYW55L2thc3NlbC0xODgzMCIsImNpdHlBbmNob3JUZXh0IjoiTWFwIG9mIEthc3NlbCwgSGVzc2UsIEdlcm1hbnkiLCJpZCI6Im1hcC05Y2QxOTliOWNjNTQxMGNkM2IxYWQyMWNhYjJlNTRkMyIsImVtYmVkX2lkIjoiOTIxOTg0In07CiAgICAgICAgdmFyIGQgPSBkb2N1bWVudDsKICAgICAgICB2YXIgcyA9IGQuY3JlYXRlRWxlbWVudCgnc2NyaXB0Jyk7CiAgICAgICAgcy5zcmMgPSAnaHR0cHM6Ly8xbWFwLmNvbS9qcy9zY3JpcHQtZm9yLXVzZXIuanM\/ZW1iZWRfaWQ9OTIxOTg0JzsKICAgICAgICBzLmFzeW5jID0gdHJ1ZTsKICAgICAgICBzLm9ubG9hZCA9IGZ1bmN0aW9uIChlKSB7CiAgICAgICAgICB3aW5kb3cuT25lTWFwLmluaXRNYXAoc2V0dGluZykKICAgICAgICB9OwogICAgICAgIHZhciB0byA9IGQuZ2V0RWxlbWVudHNCeVRhZ05hbWUoJ3NjcmlwdCcpWzBdOwogICAgICAgIHRvLnBhcmVudE5vZGUuaW5zZXJ0QmVmb3JlKHMsIHRvKTsKICAgICAgfSkoKTs8L3NjcmlwdD48YSBocmVmPSJodHRwczovLzFtYXAuY29tL21hcC1lbWJlZCI+MSBNYXA8L2E+PC9kaXY+Cg==\"><div class=\"brlbs-cmpnt-cb-preset-b brlbs-cmpnt-cb-google-maps\"> <div class=\"brlbs-cmpnt-cb-thumbnail\" style=\"background-image: url('https:\/\/www.taubenmarkt-kassel.de\/wp-content\/uploads\/borlabs-cookie\/1\/brlbs-cb-google-maps-main.png')\"><\/div> <div class=\"brlbs-cmpnt-cb-main\"> <div class=\"brlbs-cmpnt-cb-content\"> <p class=\"brlbs-cmpnt-cb-description\">Aktualnie wy\u015bwietlana jest tre\u015b\u0107 zast\u0119pcza z <strong>Google Maps<\/strong>. Aby uzyska\u0107 dost\u0119p do rzeczywistej tre\u015bci, kliknij poni\u017cszy przycisk. Pami\u0119taj, \u017ce spowoduje to udost\u0119pnienie danych zewn\u0119trznym operatorom.<\/p> <a class=\"brlbs-cmpnt-cb-provider-toggle\" href=\"#\" data-borlabs-cookie-show-provider-information role=\"button\">Wi\u0119cej informacji<\/a> <\/div> <div class=\"brlbs-cmpnt-cb-buttons\"> <a class=\"brlbs-cmpnt-cb-btn\" href=\"#\" data-borlabs-cookie-unblock role=\"button\">Odblokuj tre\u015b\u0107<\/a> <a class=\"brlbs-cmpnt-cb-btn\" href=\"#\" data-borlabs-cookie-accept-service role=\"button\" style=\"display: inherit\">Zaakceptuj wymagan\u0105 us\u0142ug\u0119 i odblokuj tre\u015bci<\/a> <\/div> <\/div> <\/div><\/div>\n\n\t<div id=\"text-2087591492\" class=\"text hidden\">\n\t\t\n\n<div id=\"wrapper-9cd199b9cc5410cd3b1ad21cab2e54d3\">\n<div id=\"map-9cd199b9cc5410cd3b1ad21cab2e54d3\"><\/div>\n<p><script>(function () {\n        var setting = {\"height\":420,\"width\":1920,\"zoom\":10,\"queryString\":\"Internationaler TaubenMarkt Kassel, Damaschkestra\u00dfe 55, 34121 Kassel, Germany\",\"place_id\":\"ChIJd7nByGbRvkcRoV261ilEJ2g\",\"satellite\":false,\"centerCoord\":[51.28786851981328,9.494093099999995],\"cid\":\"0x68274429d6ba5da1\",\"lang\":\"en\",\"cityUrl\":\"\/germany\/kassel-18830\",\"cityAnchorText\":\"Map of Kassel, Hesse, Germany\",\"id\":\"map-9cd199b9cc5410cd3b1ad21cab2e54d3\",\"embed_id\":\"921984\"};\n        var d = document;\n        var s = d.createElement('script');\n        s.src = 'https:\/\/1map.com\/js\/script-for-user.js?embed_id=921984';\n        s.async = true;\n        s.onload = function (e) {\n          window.OneMap.initMap(setting)\n        };\n        var to = d.getElementsByTagName('script')[0];\n        to.parentNode.insertBefore(s, to);\n      })();<\/script><a href=\"https:\/\/1map.com\/map-embed\" target=\"_blank\" rel=\"noopener\">1 Map<\/a><\/div>\n\t\t\t<\/div>\n\t\n<div class=\"row\"  id=\"row-387500817\">\n\n\n\t<div id=\"col-50030394\" class=\"col small-12 large-12\"  >\n\t\t\t\t<div class=\"col-inner\"  >\n\t\t\t\n\t\t\t\n\n\t<div id=\"gap-1466226778\" class=\"gap-element clearfix\" style=\"display:block; height:auto;\">\n\t\t\n<style>\n#gap-1466226778 {\n  padding-top: 30px;\n}\n<\/style>\n\t<\/div>\n\t\n\n<div class=\"container section-title-container\" ><h3 class=\"section-title section-title-center\"><b><\/b><span class=\"section-title-main\" >Wiele dr\u00f3g prowadzi do nas, znajd\u017acie w\u0142asn\u0105<\/span><b><\/b><\/h3><\/div>\n\n\n\t\t<div class=\"tabbed-content\">\n\t\t\t\n\t\t\t<ul class=\"nav nav-line nav-vertical nav-normal nav-size-normal nav-center\" role=\"tablist\"><li id=\"tab-adres-docelowy\" class=\"tab active has-icon\" role=\"presentation\"><a href=\"#tab_adres-docelowy\" role=\"tab\" aria-selected=\"true\" aria-controls=\"tab_adres-docelowy\"><span>Adres docelowy<\/span><\/a><\/li>\n<li id=\"tab-z-p\u00f3\u0142nocy\" class=\"tab has-icon\" role=\"presentation\"><a href=\"#tab_z-p\u00f3\u0142nocy\" tabindex=\"-1\" role=\"tab\" aria-selected=\"false\" aria-controls=\"tab_z-p\u00f3\u0142nocy\"><span>z p\u00f3\u0142nocy<\/span><\/a><\/li>\n<li id=\"tab-z-zachodu\" class=\"tab has-icon\" role=\"presentation\"><a href=\"#tab_z-zachodu\" tabindex=\"-1\" role=\"tab\" aria-selected=\"false\" aria-controls=\"tab_z-zachodu\"><span>z zachodu<\/span><\/a><\/li>\n<li id=\"tab-z-po\u0142udniowego-zachodu\" class=\"tab has-icon\" role=\"presentation\"><a href=\"#tab_z-po\u0142udniowego-zachodu\" tabindex=\"-1\" role=\"tab\" aria-selected=\"false\" aria-controls=\"tab_z-po\u0142udniowego-zachodu\"><span>z po\u0142udniowego zachodu<\/span><\/a><\/li>\n<li id=\"tab-z-po\u0142udnia\" class=\"tab has-icon\" role=\"presentation\"><a href=\"#tab_z-po\u0142udnia\" tabindex=\"-1\" role=\"tab\" aria-selected=\"false\" aria-controls=\"tab_z-po\u0142udnia\"><span>z po\u0142udnia<\/span><\/a><\/li>\n<li id=\"tab-ze-wschodu\" class=\"tab has-icon\" role=\"presentation\"><a href=\"#tab_ze-wschodu\" tabindex=\"-1\" role=\"tab\" aria-selected=\"false\" aria-controls=\"tab_ze-wschodu\"><span>ze wschodu<\/span><\/a><\/li>\n<li id=\"tab-dojazd-z-ice\" class=\"tab has-icon\" role=\"presentation\"><a href=\"#tab_dojazd-z-ice\" tabindex=\"-1\" role=\"tab\" aria-selected=\"false\" aria-controls=\"tab_dojazd-z-ice\"><span>Dojazd z ICE<\/span><\/a><\/li>\n<li id=\"tab-z-dworca-g\u0142\u00f3wnego\" class=\"tab has-icon\" role=\"presentation\"><a href=\"#tab_z-dworca-g\u0142\u00f3wnego\" tabindex=\"-1\" role=\"tab\" aria-selected=\"false\" aria-controls=\"tab_z-dworca-g\u0142\u00f3wnego\"><span>z dworca g\u0142\u00f3wnego<\/span><\/a><\/li><\/ul><div class=\"tab-panels\"><div id=\"tab_adres-docelowy\" class=\"panel active entry-content\" role=\"tabpanel\" aria-labelledby=\"tab-adres-docelowy\">\n\n<p>Prosz\u0119 wpisa\u0107 do nawigacji nast\u0119puj\u0105cy adres docelowy:<br \/>\n<strong>34121 Kassel, Damaschkestra\u00dfe 55<\/strong><\/p>\n\n<\/div>\n<div id=\"tab_z-p\u00f3\u0142nocy\" class=\"panel entry-content\" role=\"tabpanel\" aria-labelledby=\"tab-z-p\u00f3\u0142nocy\">\n\n<p>Z A7 ,,Kreuz Kassel-Mitte&#8221; odjecha\u0107 w A 49 w kierunku Marburg. Wyjazd ,,Kassel-Waldau\/ Messehallen&#8221;. <\/p>\n\n<\/div>\n<div id=\"tab_z-zachodu\" class=\"panel entry-content\" role=\"tabpanel\" aria-labelledby=\"tab-z-zachodu\">\n\n<p>Z A 44 ,,Kreuz Kassel-West&#8221; wjechac na A 49 w kierunku Kassel-Zentrum, potem wyjazd ,,Auestadion \/ Messehallen&#8221; i po 1.700 m w prawo ( mi\u0119dzy innymi znak Parkplatz Fuldauen).<\/p>\n\n<\/div>\n<div id=\"tab_z-po\u0142udniowego-zachodu\" class=\"panel entry-content\" role=\"tabpanel\" aria-labelledby=\"tab-z-po\u0142udniowego-zachodu\">\n\n<p>Z A 49 wyjazd ,,Auestadion \/ Messehallen&#8221; oraz po 1.700 m w prawo (mi\u0119dzy innymi znak Parkplatz Fuldaauen). <\/p>\n\n<\/div>\n<div id=\"tab_z-po\u0142udnia\" class=\"panel entry-content\" role=\"tabpanel\" aria-labelledby=\"tab-z-po\u0142udnia\">\n\n<p>Z A 7 ,,Kreuz Kassel-Mitte&#8221; zjecha\u0107 na A 49 w kierunku Marburg. Wyjazd ,,Kassel-Waldau \/ Messehallen&#8221;.<\/p>\n\n<\/div>\n<div id=\"tab_ze-wschodu\" class=\"panel entry-content\" role=\"tabpanel\" aria-labelledby=\"tab-ze-wschodu\">\n\n<p>Z B7 w kierunku Kassel przy wje\u017adzie ,,Kassel-Ost&#8221; wjecha\u0107 na A 7 w kierunku Frankfurt \/ W\u00fcrzburg. Z A 7 na ,,Kreuz Kassel-Mitte&#8221; zjecha\u0107 na A 49 w kierunku Marburg. Wyjazd ,,Kassel-Waldau \/ Messehallen&#8221;.<\/p>\n\n<\/div>\n<div id=\"tab_dojazd-z-ice\" class=\"panel entry-content\" role=\"tabpanel\" aria-labelledby=\"tab-dojazd-z-ice\">\n\n<p>Z tramwajem lini 1, 3 albo 7 jecha\u0107 do przystanku &#8222;Kirchweg&#8221; &#8211; przesi\u0105\u015b\u0107 si\u0119 w bus lini 25 &#8211; wysi\u0105\u015b\u0107 na przystanku &#8222;Messehallen&#8221;.<\/p>\n\n<\/div>\n<div id=\"tab_z-dworca-g\u0142\u00f3wnego\" class=\"panel entry-content\" role=\"tabpanel\" aria-labelledby=\"tab-z-dworca-g\u0142\u00f3wnego\">\n\n<p>Z RT3 (tymczasowo RT5) jecha\u0107 a\u017c do przystanku &#8222;Auestadion&#8221;, potem przesi\u0105\u015b\u0107 si\u0119 w bus linii 25 i jecha\u0107 a\u017c do przystanku &#8222;Messehallen&#8221;.<\/p>\n<p>&nbsp;<\/p>\n<p><strong>albo<\/strong><\/p>\n<p>&nbsp;<\/p>\n<p>z jedn\u0105 z wymienionych linii autobusowych do &#8211; przystanek&#8221; K\u00f6nigsplatz \/ Mauerstra\u00dfe&#8221; &#8211; 2 minuty pieszo do &#8222;K\u00f6nigsplatz&#8221; &#8211; stamt\u0105d tramwajem linii 5, 6 lub 9 do przystanku &#8222;Auestadion&#8221; &#8211; przesi\u0105\u015b\u0107 si\u0119 na lini\u0119 autobusow\u0105 25 &#8211; zatrzyma\u0107 przystanek&#8221; Messehallen&#8221;.<\/p>\n\n<\/div><\/div><\/div>\n\n\t\t<\/div>\n\t\t\t\t\t<\/div>\n\n\t\n\n<\/div>\n\t<div id=\"gap-1654497334\" class=\"gap-element clearfix\" style=\"display:block; height:auto;\">\n\t\t\n<style>\n#gap-1654497334 {\n  padding-top: 30px;\n}\n<\/style>\n\t<\/div>\n\t\n\n<div class=\"row\"  id=\"row-1258827203\">\n\n\n\t<div id=\"col-1392869974\" class=\"col small-12 large-12\"  >\n\t\t\t\t<div class=\"col-inner text-center\"  >\n\t\t\t\n\t\t\t\n\n\t<div class=\"img has-hover x md-x lg-x y md-y lg-y\" id=\"image_1156137784\">\n\t\t\t\t\t\t\t\t<div class=\"img-inner dark\" >\n\t\t\t<img loading=\"lazy\" decoding=\"async\" width=\"990\" height=\"325\" src=\"https:\/\/www.taubenmarkt-kassel.de\/wp-content\/uploads\/2017\/11\/itm_logo-2.png\" class=\"attachment-large size-large\" alt=\"\" srcset=\"https:\/\/www.taubenmarkt-kassel.de\/wp-content\/uploads\/2017\/11\/itm_logo-2.png 990w, https:\/\/www.taubenmarkt-kassel.de\/wp-content\/uploads\/2017\/11\/itm_logo-2-300x98.png 300w, https:\/\/www.taubenmarkt-kassel.de\/wp-content\/uploads\/2017\/11\/itm_logo-2-768x252.png 768w\" sizes=\"auto, (max-width: 990px) 100vw, 990px\" \/>\t\t\t\t\t\t\n\t\t\t\t\t<\/div>\n\t\t\t\t\t\t\t\t\n<style>\n#image_1156137784 {\n  width: 25%;\n}\n<\/style>\n\t<\/div>\n\t\n\n\n\t\t<\/div>\n\t\t\t\t\t<\/div>\n\n\t\n\n<\/div>\n\t<div id=\"gap-2060079414\" class=\"gap-element clearfix\" style=\"display:block; height:auto;\">\n\t\t\n<style>\n#gap-2060079414 {\n  padding-top: 30px;\n}\n<\/style>\n\t<\/div>\n\t\n\n\t<section class=\"section dark\" id=\"section_2121481812\">\n\t\t<div class=\"bg section-bg fill bg-fill  bg-loaded\" >\n\n\t\t\t\n\t\t\t\n\t\t\t\n\n\t\t<\/div>\n\n\t\t\n\n\t\t<div class=\"section-content relative\">\n\t\t\t\n\n<h1 style=\"text-align: center;\">Dooko\u0142a targ\u00f3w znajd\u0105 Pa\u0144stwo wystarczaj\u0105c\u0105 ilo\u015b\u0107 darmowych miejsc parkingowych<\/h1>\n\n\t\t<\/div>\n\n\t\t\n<style>\n#section_2121481812 {\n  padding-top: 50px;\n  padding-bottom: 50px;\n  background-color: #D22511;\n}\n#section_2121481812 .ux-shape-divider--top svg {\n  height: 150px;\n  --divider-top-width: 100%;\n}\n#section_2121481812 .ux-shape-divider--bottom svg {\n  height: 150px;\n  --divider-width: 100%;\n}\n<\/style>\n\t<\/section>\n\t\n<div class=\"row row-full-width\"  id=\"row-2042953028\">\n\n\n<\/div>\n\t<div id=\"gap-1319774819\" class=\"gap-element clearfix\" style=\"display:block; height:auto;\">\n\t\t\n<style>\n#gap-1319774819 {\n  padding-top: 30px;\n}\n<\/style>\n\t<\/div>\n\t\n\n<div class=\"row\"  id=\"row-900502924\">\n\n\n\t<div id=\"col-737550558\" class=\"col small-12 large-12\"  >\n\t\t\t\t<div class=\"col-inner\"  >\n\t\t\t\n\t\t\t\n\n<div class=\"row\"  id=\"row-1471232498\">\n\n\n\t<div id=\"col-449124007\" class=\"col medium-2 small-12 large-2\"  >\n\t\t\t\t<div class=\"col-inner\"  >\n\t\t\t\n\t\t\t\n\n\n\t\t<\/div>\n\t\t\t\t\t<\/div>\n\n\t\n\n\t<div id=\"col-1953172748\" class=\"col medium-8 small-12 large-8\"  >\n\t\t\t\t<div class=\"col-inner\"  >\n\t\t\t\n\t\t\t\n\n<p>\u2022 Busy mog\u0105 wjed\u017ca\u0107 na terytorium targ\u00f3w i parkowa\u0107 w miejscu parkingowym D.<br \/>\n\u2022 Busy zje\u017cdzaj\u0105 z wyjazdu &#8222;Kassel-Waldau&#8221;.<br \/>\n\u2022 Je\u017celi parking D b\u0119dzie zaj\u0119ty, puste busy mog\u0105 parkowa\u0107 na &#8222;Auedamm&#8221;.<br \/>\n\u2022 Most nad Fulda jest nadal zamkni\u0119ty dla pojazd\u00f3w powy\u017cej 12 ton.<\/p>\n\n\t\t<\/div>\n\t\t\t\t\t<\/div>\n\n\t\n\n<\/div>\n<p><center>Wskaz\u00f3wka: Zorganizowane wycieczki i zwi\u0105zki zamawiaj\u0105 bilety wst\u0119pu w przedsprzeda\u017cy u organizatora targ\u00f3w. <br \/>\nPozwala to zaoszcz\u0119dzi\u0107 czas w kolejce do kasy.<\/center><\/p>\n\n\t\t<\/div>\n\t\t\t\t\t<\/div>\n\n\t\n\n\t<div id=\"col-80266437\" class=\"col small-12 large-12\"  >\n\t\t\t\t<div class=\"col-inner text-center\"  >\n\t\t\t\n\t\t\t\n\n<div class=\"row align-center\"  id=\"row-442682260\">\n\n\n\t<div id=\"col-724961738\" class=\"col medium-1 small-12 large-1\"  >\n\t\t\t\t<div class=\"col-inner\"  >\n\t\t\t\n\t\t\t\n\n\n\t\t<\/div>\n\t\t\t\t\t<\/div>\n\n\t\n\n\t<div id=\"col-890034147\" class=\"col medium-3 small-12 large-3\"  >\n\t\t\t\t<div class=\"col-inner\"  >\n\t\t\t\n\t\t\t\n\n\t<div id=\"gap-1659042699\" class=\"gap-element clearfix\" style=\"display:block; height:auto;\">\n\t\t\n<style>\n#gap-1659042699 {\n  padding-top: 40px;\n}\n<\/style>\n\t<\/div>\n\t\n\n<p style=\"text-align: right;\">Ch\u0119tnie pomo\u017cemy w Pa\u0144skim planowaniu odwiedzin targ\u00f3w<\/p>\n\n\t\t<\/div>\n\t\t\t\t\t<\/div>\n\n\t\n\n\t<div id=\"col-791382880\" class=\"col medium-6 small-12 large-6\"  >\n\t\t\t\t<div class=\"col-inner text-center\"  >\n\t\t\t\n\t\t\t\n\n<blockquote>\n<p>\u00a0<\/p>\n<table border=\"0\" width=\"400\" cellspacing=\"1\" cellpadding=\"1\">\n<tbody>\n<tr>\n<td class=\"tabellentext\" width=\"70\">Telefon<\/td>\n<td class=\"tabellentext\" width=\"323\">+49-2268-1591<\/td>\n<\/tr>\n<tr>\n<td class=\"tabellentext\">eMail<\/td>\n<td class=\"tabellentext\">info@taubenmarkt-kassel.de<\/td>\n<\/tr>\n<\/tbody>\n<\/table>\n<p>\u00a0<\/p>\n<\/blockquote>\n\n\n\t\t<\/div>\n\t\t\t\t\t<\/div>\n\n\t\n\n<\/div>\n\n\t\t<\/div>\n\t\t\t\t\t<\/div>\n\n\t\n\n<\/div>\n<div class=\"container section-title-container\" ><h3 class=\"section-title section-title-center\"><b><\/b><span class=\"section-title-main\" >Cieszymy si\u0119 na Pa\u0144stwa wizyt\u0119!<\/span><b><\/b><\/h3><\/div>\n\n\n","protected":false},"excerpt":{"rendered":"","protected":false},"author":5,"featured_media":0,"parent":0,"menu_order":0,"comment_status":"closed","ping_status":"closed","template":"page-blank.php","meta":{"footnotes":""},"class_list":["post-990","page","type-page","status-publish","hentry"],"_links":{"self":[{"href":"https:\/\/www.taubenmarkt-kassel.de\/pl\/wp-json\/wp\/v2\/pages\/990","targetHints":{"allow":["GET"]}}],"collection":[{"href":"https:\/\/www.taubenmarkt-kassel.de\/pl\/wp-json\/wp\/v2\/pages"}],"about":[{"href":"https:\/\/www.taubenmarkt-kassel.de\/pl\/wp-json\/wp\/v2\/types\/page"}],"author":[{"embeddable":true,"href":"https:\/\/www.taubenmarkt-kassel.de\/pl\/wp-json\/wp\/v2\/users\/5"}],"replies":[{"embeddable":true,"href":"https:\/\/www.taubenmarkt-kassel.de\/pl\/wp-json\/wp\/v2\/comments?post=990"}],"version-history":[{"count":5,"href":"https:\/\/www.taubenmarkt-kassel.de\/pl\/wp-json\/wp\/v2\/pages\/990\/revisions"}],"predecessor-version":[{"id":31851,"href":"https:\/\/www.taubenmarkt-kassel.de\/pl\/wp-json\/wp\/v2\/pages\/990\/revisions\/31851"}],"wp:attachment":[{"href":"https:\/\/www.taubenmarkt-kassel.de\/pl\/wp-json\/wp\/v2\/media?parent=990"}],"curies":[{"name":"wp","href":"https:\/\/api.w.org\/{rel}","templated":true}]}}