{"id":984,"date":"2017-12-05T16:02:59","date_gmt":"2017-12-05T15:02:59","guid":{"rendered":"http:\/\/6.myplusone.de\/?page_id=984"},"modified":"2024-11-14T21:32:05","modified_gmt":"2024-11-14T20:32:05","slug":"ceny-ogloszen","status":"publish","type":"page","link":"https:\/\/www.taubenmarkt-kassel.de\/pl\/subskrypcje\/ceny-ogloszen\/","title":{"rendered":"Ceny og\u0142osze\u0144"},"content":{"rendered":"\t<div id=\"gap-1331734973\" class=\"gap-element clearfix\" style=\"display:block; height:auto;\">\n\t\t\n<style>\n#gap-1331734973 {\n  padding-top: 30px;\n}\n<\/style>\n\t<\/div>\n\t\n<div class=\"row\"  id=\"row-811465852\">\n\n\t<div id=\"col-1105776326\" class=\"col small-12 large-12\"  >\n\t\t\t\t<div class=\"col-inner\"  >\n\t\t\t\n\t\t\t\n<div class=\"container section-title-container\" ><h3 class=\"section-title section-title-center\"><b><\/b><span class=\"section-title-main\" >Magazyn specjalistyczny - TaubenMarkt \/ Die Sporttaube -<\/span><b><\/b><\/h3><\/div>\n\n  <div class=\"banner has-hover\" id=\"banner-1803540358\">\n          <div class=\"banner-inner fill\">\n        <div class=\"banner-bg fill\" >\n            <div class=\"bg fill bg-fill \"><\/div>\n                                    \n                    <\/div>\n\t\t\n        <div class=\"banner-layers container\">\n            <div class=\"fill banner-link\"><\/div>            \n   <div id=\"text-box-1757875779\" class=\"text-box banner-layer x5 md-x5 lg-x5 y10 md-y10 lg-y10 res-text\">\n                                <div class=\"text-box-content text \">\n              \n              <div class=\"text-inner text-left\">\n                  \n<ul>\n<li>Aktualne i specjalistyczne informacje<\/li>\n<li>Przekonuj\u0105ce artyku\u0142y do\u015bwiadczonych hodowc\u00f3w<\/li>\n<li>Raporty z go\u0142\u0119bnik\u00f3w w kraju i zagranic\u0105<\/li>\n<li>My\u015bli dotycz\u0105ce tera\u017aniejszo\u015bci i przysz\u0142o\u015bci wy\u015bcig\u00f3w<br \/>\ngo\u0142\u0119bi pocztowych<\/li>\n<li>Informacje o narodowych i mi\u0119dzynarodowych wydarzeniach<br \/>\nzwi\u0105zanych z wy\u015bcigami go\u0142\u0119bi<\/li>\n<li>Ka\u017cde wydanie w nowoczesnym czterokolorowym druku<\/li>\n<\/ul>\n              <\/div>\n           <\/div>\n                            \n<style>\n#text-box-1757875779 {\n  width: 60%;\n}\n#text-box-1757875779 .text-box-content {\n  font-size: 100%;\n}\n<\/style>\n    <\/div>\n \n\t<div class=\"img has-hover x90 md-x90 lg-x90 y10 md-y10 lg-y10\" id=\"image_1578732984\">\n\t\t\t\t\t\t\t\t<div class=\"img-inner dark\" >\n\t\t\t<img loading=\"lazy\" decoding=\"async\" width=\"250\" height=\"354\" src=\"https:\/\/www.taubenmarkt-kassel.de\/wp-content\/uploads\/2024\/11\/Titel.png\" class=\"attachment-large size-large\" alt=\"\" srcset=\"https:\/\/www.taubenmarkt-kassel.de\/wp-content\/uploads\/2024\/11\/Titel.png 250w, https:\/\/www.taubenmarkt-kassel.de\/wp-content\/uploads\/2024\/11\/Titel-212x300.png 212w\" sizes=\"auto, (max-width: 250px) 100vw, 250px\" \/>\t\t\t\t\t\t\n\t\t\t\t\t<\/div>\n\t\t\t\t\t\t\t\t\n<style>\n#image_1578732984 {\n  width: 25%;\n}\n<\/style>\n\t<\/div>\n\t\n        <\/div>\n      <\/div>\n\n            \n<style>\n#banner-1803540358 {\n  padding-top: 500px;\n  background-color: rgb(255,255,255);\n}\n#banner-1803540358 .ux-shape-divider--top svg {\n  height: 150px;\n  --divider-top-width: 100%;\n}\n#banner-1803540358 .ux-shape-divider--bottom svg {\n  height: 150px;\n  --divider-width: 100%;\n}\n<\/style>\n  <\/div>\n\n\n\t\t<\/div>\n\t\t\t\t\t<\/div>\n\n\t\n<\/div>\n\t<section class=\"section\" id=\"section_1463005662\">\n\t\t<div class=\"bg section-bg fill bg-fill  bg-loaded\" >\n\n\t\t\t\n\t\t\t\n\t\t\t\n\n\t\t<\/div>\n\n\t\t\n\n\t\t<div class=\"section-content relative\">\n\t\t\t\n\t\t<\/div>\n\n\t\t\n<style>\n#section_1463005662 {\n  padding-top: 5px;\n  padding-bottom: 5px;\n  background-color: #D22511;\n}\n#section_1463005662 .ux-shape-divider--top svg {\n  height: 150px;\n  --divider-top-width: 100%;\n}\n#section_1463005662 .ux-shape-divider--bottom svg {\n  height: 150px;\n  --divider-width: 100%;\n}\n<\/style>\n\t<\/section>\n\t\n\t<div id=\"gap-37266983\" class=\"gap-element clearfix\" style=\"display:block; height:auto;\">\n\t\t\n<style>\n#gap-37266983 {\n  padding-top: 25px;\n}\n<\/style>\n\t<\/div>\n\t\n<div class=\"row\"  id=\"row-1856090816\">\n<\/div>\n\t<div id=\"gap-1963532565\" class=\"gap-element clearfix\" style=\"display:block; height:auto;\">\n\t\t\n<style>\n#gap-1963532565 {\n  padding-top: 30px;\n}\n<\/style>\n\t<\/div>\n\t\n<div class=\"container section-title-container\" ><h3 class=\"section-title section-title-center\"><b><\/b><span class=\"section-title-main\" >Koszty reklamy czasopisma - TaubenMarkt \/ Die Sporttaube -<\/span><b><\/b><\/h3><\/div>\n<div class=\"row\"  id=\"row-1609625169\">\n\n\t<div id=\"col-594410696\" class=\"col medium-3 small-12 large-3\"  >\n\t\t\t\t<div class=\"col-inner\"  >\n\t\t\t\n\t\t\t\n\n\t\t<div class=\"icon-box featured-box icon-box-center text-center is-small\"  >\n\t\t\t\t\t<div class=\"icon-box-img\" style=\"width: 46px\">\n\t\t\t\t<div class=\"icon\">\n\t\t\t\t\t<div class=\"icon-inner\" >\n\t\t\t\t\t\t<?xml version=\"1.0\" encoding=\"utf-8\"?>\n<!-- Generator: Adobe Illustrator 16.0.0, SVG Export Plug-In . SVG Version: 6.00 Build 0)  -->\n<!DOCTYPE svg PUBLIC \"-\/\/W3C\/\/DTD SVG 1.1\/\/EN\" \"http:\/\/www.w3.org\/Graphics\/SVG\/1.1\/DTD\/svg11.dtd\">\n<svg version=\"1.1\" id=\"Layer_1\" xmlns=\"http:\/\/www.w3.org\/2000\/svg\" xmlns:xlink=\"http:\/\/www.w3.org\/1999\/xlink\" x=\"0px\" y=\"0px\"\n\t width=\"198.43px\" height=\"283.46px\" viewBox=\"0 0 198.43 283.46\" enable-background=\"new 0 0 198.43 283.46\" xml:space=\"preserve\">\n<polygon fill=\"#D22511\" points=\"121.715,96.23 121.715,52.23 29.715,52.23 29.715,230.23 165.715,230.23 165.715,96.23 \"\/>\n<g>\n\t<g>\n\t\t<path fill=\"#3F3F3F\" d=\"M174.966,96.175l-51.765-51.764c-1.229-1.229-2.893-1.896-4.574-1.896H28.039\n\t\t\tc-3.573,0-6.471,2.897-6.471,6.471v185.488c0,3.574,2.897,6.471,6.471,6.471h142.352c3.573,0,6.471-2.896,6.471-6.471V100.75\n\t\t\tC176.861,99.094,176.201,97.409,174.966,96.175z M125.098,64.607c3.144,3.144,26.527,26.527,29.672,29.672h-29.672V64.607\n\t\t\tL125.098,64.607z M163.92,228.003H34.509V55.456h77.647v45.294c0,3.573,2.896,6.471,6.471,6.471h45.293V228.003L163.92,228.003z\"\n\t\t\t\/>\n\t<\/g>\n<\/g>\n<\/svg>\n\t\t\t\t\t<\/div>\n\t\t\t\t<\/div>\n\t\t\t<\/div>\n\t\t\t\t<div class=\"icon-box-text last-reset\">\n\t\t\t\t\t\t\t\t\t\n<h3>EUR 300<\/h3>\n<p>1\/1 Strona &#8211; szeroko\u015b\u0107 190 mm, wysoko\u015b\u0107 255 mm<\/p>\n\t\t<\/div>\n\t<\/div>\n\t\n\t\n\t\t<\/div>\n\t\t\t\t\t<\/div>\n\n\t\n\n\t<div id=\"col-245335931\" class=\"col medium-3 small-12 large-3\"  >\n\t\t\t\t<div class=\"col-inner\"  >\n\t\t\t\n\t\t\t\n\n\t\t<div class=\"icon-box featured-box icon-box-center text-center is-small\"  >\n\t\t\t\t\t<div class=\"icon-box-img\" style=\"width: 46px\">\n\t\t\t\t<div class=\"icon\">\n\t\t\t\t\t<div class=\"icon-inner\" >\n\t\t\t\t\t\t<?xml version=\"1.0\" encoding=\"utf-8\"?>\n<!-- Generator: Adobe Illustrator 16.0.0, SVG Export Plug-In . SVG Version: 6.00 Build 0)  -->\n<!DOCTYPE svg PUBLIC \"-\/\/W3C\/\/DTD SVG 1.1\/\/EN\" \"http:\/\/www.w3.org\/Graphics\/SVG\/1.1\/DTD\/svg11.dtd\">\n<svg version=\"1.1\" id=\"Layer_1\" xmlns=\"http:\/\/www.w3.org\/2000\/svg\" xmlns:xlink=\"http:\/\/www.w3.org\/1999\/xlink\" x=\"0px\" y=\"0px\"\n\t width=\"198.43px\" height=\"283.46px\" viewBox=\"0 0 198.43 283.46\" enable-background=\"new 0 0 198.43 283.46\" xml:space=\"preserve\">\n<rect x=\"28.715\" y=\"139.73\" fill=\"#D22511\" width=\"140\" height=\"91\"\/>\n<g>\n\t<g>\n\t\t<path fill=\"#3F3F3F\" d=\"M174.966,96.175l-51.765-51.764c-1.229-1.229-2.893-1.896-4.574-1.896H28.039\n\t\t\tc-3.573,0-6.471,2.897-6.471,6.471v185.488c0,3.574,2.897,6.471,6.471,6.471h142.352c3.573,0,6.471-2.896,6.471-6.471V100.75\n\t\t\tC176.861,99.094,176.201,97.409,174.966,96.175z M125.098,64.607c3.144,3.144,26.527,26.527,29.672,29.672h-29.672V64.607\n\t\t\tL125.098,64.607z M163.92,228.003H34.509V55.456h77.647v45.294c0,3.573,2.896,6.471,6.471,6.471h45.293V228.003L163.92,228.003z\"\n\t\t\t\/>\n\t<\/g>\n<\/g>\n<\/svg>\n\t\t\t\t\t<\/div>\n\t\t\t\t<\/div>\n\t\t\t<\/div>\n\t\t\t\t<div class=\"icon-box-text last-reset\">\n\t\t\t\t\t\t\t\t\t\n<h3>EUR 150<\/h3>\n<p>1\/2 Strony &#8211; szeroko\u015b\u0107 190 mm, wysoko\u015b\u0107 125 mm<\/p>\n\t\t<\/div>\n\t<\/div>\n\t\n\t\n\t\t<\/div>\n\t\t\t\t\t<\/div>\n\n\t\n\n\t<div id=\"col-1357225649\" class=\"col medium-3 small-12 large-3\"  >\n\t\t\t\t<div class=\"col-inner\"  >\n\t\t\t\n\t\t\t\n\n\t\t<div class=\"icon-box featured-box icon-box-center text-center is-small\"  >\n\t\t\t\t\t<div class=\"icon-box-img\" style=\"width: 46px\">\n\t\t\t\t<div class=\"icon\">\n\t\t\t\t\t<div class=\"icon-inner\" >\n\t\t\t\t\t\t<?xml version=\"1.0\" encoding=\"utf-8\"?>\n<!-- Generator: Adobe Illustrator 16.0.0, SVG Export Plug-In . SVG Version: 6.00 Build 0)  -->\n<!DOCTYPE svg PUBLIC \"-\/\/W3C\/\/DTD SVG 1.1\/\/EN\" \"http:\/\/www.w3.org\/Graphics\/SVG\/1.1\/DTD\/svg11.dtd\">\n<svg version=\"1.1\" id=\"Layer_1\" xmlns=\"http:\/\/www.w3.org\/2000\/svg\" xmlns:xlink=\"http:\/\/www.w3.org\/1999\/xlink\" x=\"0px\" y=\"0px\"\n\t width=\"198.43px\" height=\"283.46px\" viewBox=\"0 0 198.43 283.46\" enable-background=\"new 0 0 198.43 283.46\" xml:space=\"preserve\">\n<rect x=\"28.715\" y=\"51.73\" fill=\"#D22511\" width=\"72.5\" height=\"179\"\/>\n<g>\n\t<g>\n\t\t<path fill=\"#3F3F3F\" d=\"M174.966,96.175l-51.765-51.764c-1.229-1.229-2.893-1.896-4.574-1.896H28.039\n\t\t\tc-3.573,0-6.471,2.897-6.471,6.471v185.488c0,3.574,2.897,6.471,6.471,6.471h142.352c3.573,0,6.471-2.896,6.471-6.471V100.75\n\t\t\tC176.861,99.094,176.201,97.409,174.966,96.175z M125.098,64.607c3.144,3.144,26.527,26.527,29.672,29.672h-29.672V64.607\n\t\t\tL125.098,64.607z M163.92,228.003H34.509V55.456h77.647v45.294c0,3.573,2.896,6.471,6.471,6.471h45.293V228.003L163.92,228.003z\"\n\t\t\t\/>\n\t<\/g>\n<\/g>\n<\/svg>\n\t\t\t\t\t<\/div>\n\t\t\t\t<\/div>\n\t\t\t<\/div>\n\t\t\t\t<div class=\"icon-box-text last-reset\">\n\t\t\t\t\t\t\t\t\t\n<h3>EUR 150<\/h3>\n<p>1\/2 Strony &#8211; szeroko\u015b\u0107 93,5 mm, wysoko\u015b\u0107 255 mm<\/p>\n\t\t<\/div>\n\t<\/div>\n\t\n\t\n\t\t<\/div>\n\t\t\t\t\t<\/div>\n\n\t\n\n\t<div id=\"col-518353311\" class=\"col medium-3 small-12 large-3\"  >\n\t\t\t\t<div class=\"col-inner\"  >\n\t\t\t\n\t\t\t\n\n\t\t<div class=\"icon-box featured-box icon-box-center text-center is-small\"  >\n\t\t\t\t\t<div class=\"icon-box-img\" style=\"width: 46px\">\n\t\t\t\t<div class=\"icon\">\n\t\t\t\t\t<div class=\"icon-inner\" >\n\t\t\t\t\t\t<?xml version=\"1.0\" encoding=\"utf-8\"?>\n<!-- Generator: Adobe Illustrator 16.0.0, SVG Export Plug-In . SVG Version: 6.00 Build 0)  -->\n<!DOCTYPE svg PUBLIC \"-\/\/W3C\/\/DTD SVG 1.1\/\/EN\" \"http:\/\/www.w3.org\/Graphics\/SVG\/1.1\/DTD\/svg11.dtd\">\n<svg version=\"1.1\" id=\"Layer_1\" xmlns=\"http:\/\/www.w3.org\/2000\/svg\" xmlns:xlink=\"http:\/\/www.w3.org\/1999\/xlink\" x=\"0px\" y=\"0px\"\n\t width=\"198.43px\" height=\"283.46px\" viewBox=\"0 0 198.43 283.46\" enable-background=\"new 0 0 198.43 283.46\" xml:space=\"preserve\">\n<rect x=\"28.715\" y=\"170.73\" fill=\"#D22511\" width=\"139.5\" height=\"60\"\/>\n<g>\n\t<g>\n\t\t<path fill=\"#3F3F3F\" d=\"M174.966,96.175l-51.765-51.764c-1.229-1.229-2.893-1.896-4.574-1.896H28.039\n\t\t\tc-3.573,0-6.471,2.897-6.471,6.471v185.488c0,3.574,2.897,6.471,6.471,6.471h142.352c3.573,0,6.471-2.896,6.471-6.471V100.75\n\t\t\tC176.861,99.094,176.201,97.409,174.966,96.175z M125.098,64.607c3.144,3.144,26.527,26.527,29.672,29.672h-29.672V64.607\n\t\t\tL125.098,64.607z M163.92,228.003H34.509V55.456h77.647v45.294c0,3.573,2.896,6.471,6.471,6.471h45.293V228.003L163.92,228.003z\"\n\t\t\t\/>\n\t<\/g>\n<\/g>\n<\/svg>\n\t\t\t\t\t<\/div>\n\t\t\t\t<\/div>\n\t\t\t<\/div>\n\t\t\t\t<div class=\"icon-box-text last-reset\">\n\t\t\t\t\t\t\t\t\t\n<h3>EUR 100<\/h3>\n<p>1\/3 Strony &#8211; szeroko\u015b\u0107 190 mm, wysoko\u015b\u0107 85 mm<\/p>\n\t\t<\/div>\n\t<\/div>\n\t\n\t\n\t\t<\/div>\n\t\t\t\t\t<\/div>\n\n\t\n<\/div>\n\t<div id=\"gap-1820809461\" class=\"gap-element clearfix\" style=\"display:block; height:auto;\">\n\t\t\n<style>\n#gap-1820809461 {\n  padding-top: 37px;\n}\n<\/style>\n\t<\/div>\n\t\n<div class=\"row\"  id=\"row-156577601\">\n\n\t<div id=\"col-1117162353\" class=\"col medium-3 small-12 large-3\"  >\n\t\t\t\t<div class=\"col-inner\"  >\n\t\t\t\n\t\t\t\n\n\t\t<div class=\"icon-box featured-box icon-box-center text-center is-small\"  >\n\t\t\t\t\t<div class=\"icon-box-img\" style=\"width: 46px\">\n\t\t\t\t<div class=\"icon\">\n\t\t\t\t\t<div class=\"icon-inner\" >\n\t\t\t\t\t\t<?xml version=\"1.0\" encoding=\"utf-8\"?>\n<!-- Generator: Adobe Illustrator 16.0.0, SVG Export Plug-In . SVG Version: 6.00 Build 0)  -->\n<!DOCTYPE svg PUBLIC \"-\/\/W3C\/\/DTD SVG 1.1\/\/EN\" \"http:\/\/www.w3.org\/Graphics\/SVG\/1.1\/DTD\/svg11.dtd\">\n<svg version=\"1.1\" id=\"Layer_1\" xmlns=\"http:\/\/www.w3.org\/2000\/svg\" xmlns:xlink=\"http:\/\/www.w3.org\/1999\/xlink\" x=\"0px\" y=\"0px\"\n\t width=\"198.43px\" height=\"283.46px\" viewBox=\"0 0 198.43 283.46\" enable-background=\"new 0 0 198.43 283.46\" xml:space=\"preserve\">\n<rect x=\"28.715\" y=\"51.23\" fill=\"#D22511\" width=\"55.5\" height=\"179.5\"\/>\n<g>\n\t<g>\n\t\t<path fill=\"#3F3F3F\" d=\"M174.966,96.175l-51.765-51.764c-1.229-1.229-2.893-1.896-4.574-1.896H28.039\n\t\t\tc-3.573,0-6.471,2.897-6.471,6.471v185.488c0,3.574,2.897,6.471,6.471,6.471h142.352c3.573,0,6.471-2.896,6.471-6.471V100.75\n\t\t\tC176.861,99.094,176.201,97.409,174.966,96.175z M125.098,64.607c3.144,3.144,26.527,26.527,29.672,29.672h-29.672V64.607\n\t\t\tL125.098,64.607z M163.92,228.003H34.509V55.456h77.647v45.294c0,3.573,2.896,6.471,6.471,6.471h45.293V228.003L163.92,228.003z\"\n\t\t\t\/>\n\t<\/g>\n<\/g>\n<\/svg>\n\t\t\t\t\t<\/div>\n\t\t\t\t<\/div>\n\t\t\t<\/div>\n\t\t\t\t<div class=\"icon-box-text last-reset\">\n\t\t\t\t\t\t\t\t\t\n<h3>EUR 100<\/h3>\n<p>1\/3 Strony &#8211; szeroko\u015b\u0107 60 mm, wysoko\u015b\u0107 255 mm<\/p>\n\t\t<\/div>\n\t<\/div>\n\t\n\t\n\t\t<\/div>\n\t\t\t\t\t<\/div>\n\n\t\n\n\t<div id=\"col-1731081068\" class=\"col medium-3 small-12 large-3\"  >\n\t\t\t\t<div class=\"col-inner\"  >\n\t\t\t\n\t\t\t\n\n\t\t<div class=\"icon-box featured-box icon-box-center text-center is-small\"  >\n\t\t\t\t\t<div class=\"icon-box-img\" style=\"width: 46px\">\n\t\t\t\t<div class=\"icon\">\n\t\t\t\t\t<div class=\"icon-inner\" >\n\t\t\t\t\t\t<?xml version=\"1.0\" encoding=\"utf-8\"?>\n<!-- Generator: Adobe Illustrator 16.0.0, SVG Export Plug-In . SVG Version: 6.00 Build 0)  -->\n<!DOCTYPE svg PUBLIC \"-\/\/W3C\/\/DTD SVG 1.1\/\/EN\" \"http:\/\/www.w3.org\/Graphics\/SVG\/1.1\/DTD\/svg11.dtd\">\n<svg version=\"1.1\" id=\"Layer_1\" xmlns=\"http:\/\/www.w3.org\/2000\/svg\" xmlns:xlink=\"http:\/\/www.w3.org\/1999\/xlink\" x=\"0px\" y=\"0px\"\n\t width=\"198.43px\" height=\"283.46px\" viewBox=\"0 0 198.43 283.46\" enable-background=\"new 0 0 198.43 283.46\" xml:space=\"preserve\">\n<rect x=\"28.715\" y=\"143.23\" fill=\"#D22511\" width=\"73\" height=\"87.5\"\/>\n<g>\n\t<g>\n\t\t<path fill=\"#3F3F3F\" d=\"M174.966,96.175l-51.765-51.764c-1.229-1.229-2.893-1.896-4.574-1.896H28.039\n\t\t\tc-3.573,0-6.471,2.897-6.471,6.471v185.488c0,3.574,2.897,6.471,6.471,6.471h142.352c3.573,0,6.471-2.896,6.471-6.471V100.75\n\t\t\tC176.861,99.094,176.201,97.409,174.966,96.175z M125.098,64.607c3.144,3.144,26.527,26.527,29.672,29.672h-29.672V64.607\n\t\t\tL125.098,64.607z M163.92,228.003H34.509V55.456h77.647v45.294c0,3.573,2.896,6.471,6.471,6.471h45.293V228.003L163.92,228.003z\"\n\t\t\t\/>\n\t<\/g>\n<\/g>\n<\/svg>\n\t\t\t\t\t<\/div>\n\t\t\t\t<\/div>\n\t\t\t<\/div>\n\t\t\t\t<div class=\"icon-box-text last-reset\">\n\t\t\t\t\t\t\t\t\t\n<h3>EUR 75<\/h3>\n<p>1\/4 Strony &#8211; szeroko\u015b\u0107 93,5, wysoko\u015b\u0107 125 mm<\/p>\n\t\t<\/div>\n\t<\/div>\n\t\n\t\n\t\t<\/div>\n\t\t\t\t\t<\/div>\n\n\t\n\n\t<div id=\"col-215226420\" class=\"col medium-3 small-12 large-3\"  >\n\t\t\t\t<div class=\"col-inner\"  >\n\t\t\t\n\t\t\t\n\n\t\t<div class=\"icon-box featured-box icon-box-center text-center is-small\"  >\n\t\t\t\t\t<div class=\"icon-box-img\" style=\"width: 46px\">\n\t\t\t\t<div class=\"icon\">\n\t\t\t\t\t<div class=\"icon-inner\" >\n\t\t\t\t\t\t<?xml version=\"1.0\" encoding=\"utf-8\"?>\n<!-- Generator: Adobe Illustrator 16.0.0, SVG Export Plug-In . SVG Version: 6.00 Build 0)  -->\n<!DOCTYPE svg PUBLIC \"-\/\/W3C\/\/DTD SVG 1.1\/\/EN\" \"http:\/\/www.w3.org\/Graphics\/SVG\/1.1\/DTD\/svg11.dtd\">\n<svg version=\"1.1\" id=\"Layer_1\" xmlns=\"http:\/\/www.w3.org\/2000\/svg\" xmlns:xlink=\"http:\/\/www.w3.org\/1999\/xlink\" x=\"0px\" y=\"0px\"\n\t width=\"198.43px\" height=\"283.46px\" viewBox=\"0 0 198.43 283.46\" enable-background=\"new 0 0 198.43 283.46\" xml:space=\"preserve\">\n<rect x=\"28.715\" y=\"182.73\" fill=\"#D22511\" width=\"139.5\" height=\"48\"\/>\n<g>\n\t<g>\n\t\t<path fill=\"#3F3F3F\" d=\"M174.966,96.175l-51.765-51.764c-1.229-1.229-2.893-1.896-4.574-1.896H28.039\n\t\t\tc-3.573,0-6.471,2.897-6.471,6.471v185.488c0,3.574,2.897,6.471,6.471,6.471h142.352c3.573,0,6.471-2.896,6.471-6.471V100.75\n\t\t\tC176.861,99.094,176.201,97.409,174.966,96.175z M125.098,64.607c3.144,3.144,26.527,26.527,29.672,29.672h-29.672V64.607\n\t\t\tL125.098,64.607z M163.92,228.003H34.509V55.456h77.647v45.294c0,3.573,2.896,6.471,6.471,6.471h45.293V228.003L163.92,228.003z\"\n\t\t\t\/>\n\t<\/g>\n<\/g>\n<\/svg>\n\t\t\t\t\t<\/div>\n\t\t\t\t<\/div>\n\t\t\t<\/div>\n\t\t\t\t<div class=\"icon-box-text last-reset\">\n\t\t\t\t\t\t\t\t\t\n<h3>EUR 75<\/h3>\n<p>1\/4 Strony &#8211; szeroko\u015b\u0107 190 mm, wysoko\u015b\u0107 63 mm<\/p>\n\t\t<\/div>\n\t<\/div>\n\t\n\t\n\t\t<\/div>\n\t\t\t\t\t<\/div>\n\n\t\n\n\t<div id=\"col-1651740581\" class=\"col medium-3 small-12 large-3\"  >\n\t\t\t\t<div class=\"col-inner\"  >\n\t\t\t\n\t\t\t\n\n\t\t<div class=\"icon-box featured-box icon-box-center text-center is-small\"  >\n\t\t\t\t\t<div class=\"icon-box-img\" style=\"width: 46px\">\n\t\t\t\t<div class=\"icon\">\n\t\t\t\t\t<div class=\"icon-inner\" >\n\t\t\t\t\t\t<?xml version=\"1.0\" encoding=\"utf-8\"?>\n<!-- Generator: Adobe Illustrator 16.0.0, SVG Export Plug-In . SVG Version: 6.00 Build 0)  -->\n<!DOCTYPE svg PUBLIC \"-\/\/W3C\/\/DTD SVG 1.1\/\/EN\" \"http:\/\/www.w3.org\/Graphics\/SVG\/1.1\/DTD\/svg11.dtd\">\n<svg version=\"1.1\" id=\"Layer_1\" xmlns=\"http:\/\/www.w3.org\/2000\/svg\" xmlns:xlink=\"http:\/\/www.w3.org\/1999\/xlink\" x=\"0px\" y=\"0px\"\n\t width=\"198.43px\" height=\"283.46px\" viewBox=\"0 0 198.43 283.46\" enable-background=\"new 0 0 198.43 283.46\" xml:space=\"preserve\">\n<rect x=\"28.715\" y=\"166.564\" fill=\"#D22511\" width=\"91\" height=\"63.666\"\/>\n<g>\n\t<g>\n\t\t<path fill=\"#3F3F3F\" d=\"M174.966,96.175l-51.765-51.764c-1.229-1.229-2.894-1.896-4.574-1.896H28.039\n\t\t\tc-3.573,0-6.472,2.897-6.472,6.471v185.488c0,3.574,2.897,6.471,6.472,6.471h142.352c3.573,0,6.471-2.896,6.471-6.471V100.75\n\t\t\tC176.861,99.094,176.201,97.409,174.966,96.175z M125.098,64.607c3.145,3.144,26.527,26.527,29.672,29.672h-29.672V64.607\n\t\t\tL125.098,64.607z M163.92,228.003H34.509V55.456h77.647v45.294c0,3.573,2.896,6.471,6.471,6.471h45.293V228.003L163.92,228.003z\"\n\t\t\t\/>\n\t<\/g>\n<\/g>\n<\/svg>\n\t\t\t\t\t<\/div>\n\t\t\t\t<\/div>\n\t\t\t<\/div>\n\t\t\t\t<div class=\"icon-box-text last-reset\">\n\t\t\t\t\t\t\t\t\t\n<h3>EUR 75<\/h3>\n<p>1\/4 Strony &#8211; szeroko\u015b\u0107 125 mm, wysoko\u015b\u0107 83 mm<\/p>\n\t\t<\/div>\n\t<\/div>\n\t\n\t\n\t\t<\/div>\n\t\t\t\t\t<\/div>\n\n\t\n<\/div>\n\t<div id=\"gap-1567758835\" class=\"gap-element clearfix\" style=\"display:block; height:auto;\">\n\t\t\n<style>\n#gap-1567758835 {\n  padding-top: 50px;\n}\n<\/style>\n\t<\/div>\n\t\n\t<section class=\"section dark has-mask mask-arrow\" id=\"section_1511120044\">\n\t\t<div class=\"bg section-bg fill bg-fill  bg-loaded\" >\n\n\t\t\t\n\t\t\t\n\t\t\t\n\n\t\t<\/div>\n\n\t\t\n\n\t\t<div class=\"section-content relative\">\n\t\t\t\n<p style=\"text-align: center;\">cena odpowiada za milimetr, jedna kolumna od EUR 0,90<br \/>\nwszystkie ceny zawieraj\u0105 VAT<\/p>\n<p id=\"tw-target-text\" class=\"tw-data-text tw-text-large tw-ta\" dir=\"ltr\" style=\"text-align: center;\" data-placeholder=\"\u00dcbersetzung\">Strona &#8211; szeroko\u015b\u0107 190 mm, wysoko\u015b\u0107 255 mm<br \/>\n<span lang=\"pl\" tabindex=\"0\">Uk\u0142ad i zestaw reklamy: Cena reklamy od strony 1\/4 \u00a0+ 40% dop\u0142aty plus VAT<\/span><\/p>\n<p style=\"text-align: center;\">Ze wzgl\u0119du na nasze niskie ceny nie mo\u017cemy udziela\u0107 prowizji agencyjnych ani rabat\u00f3w ilo\u015bciowych.<\/p>\n<div class=\"row\"  id=\"row-2100996809\">\n\n\t<div id=\"col-1574093723\" class=\"col medium-1 small-12 large-1\"  >\n\t\t\t\t<div class=\"col-inner\"  >\n\t\t\t\n\t\t\t\n\t\t<\/div>\n\t\t\t\t\t<\/div>\n\n\t\n\n\t<div id=\"col-205131730\" class=\"col medium-10 small-12 large-10\"  >\n\t\t\t\t<div class=\"col-inner text-center\"  >\n\t\t\t\n\t\t\t\n<a rel=\"noopener noreferrer\" href=\"https:\/\/www.taubenmarkt-kassel.de\/wp-content\/uploads\/2020\/02\/Mediadaten_TaubenMarkt_EN.pdf\" target=\"_blank\" class=\"button white is-underline\"  >\n    <span>Download our media data<\/span>\n  <\/a>\n\n\t\t<\/div>\n\t\t\t\t\t<\/div>\n\n\t\n\n\t<div id=\"col-2100598354\" class=\"col medium-1 small-12 large-1\"  >\n\t\t\t\t<div class=\"col-inner\"  >\n\t\t\t\n\t\t\t\n\t\t<\/div>\n\t\t\t\t\t<\/div>\n\n\t\n<\/div>\n\t\t<\/div>\n\n\t\t\n<style>\n#section_1511120044 {\n  padding-top: 60px;\n  padding-bottom: 60px;\n  background-color: #D22511;\n}\n#section_1511120044 .ux-shape-divider--top svg {\n  height: 150px;\n  --divider-top-width: 100%;\n}\n#section_1511120044 .ux-shape-divider--bottom svg {\n  height: 150px;\n  --divider-width: 100%;\n}\n<\/style>\n\t<\/section>\n\t\n\t<section class=\"section has-mask mask-arrow\" id=\"section_1376519777\">\n\t\t<div class=\"bg section-bg fill bg-fill  bg-loaded\" >\n\n\t\t\t\n\t\t\t\n\t\t\t\n\t<div class=\"is-border\"\n\t\tstyle=\"border-color:rgb(235, 235, 235);border-width:1px 0px 0px 0px;\">\n\t<\/div>\n\n\t\t<\/div>\n\n\t\t\n\n\t\t<div class=\"section-content relative\">\n\t\t\t\n<div class=\"row row-large align-middle align-center\"  id=\"row-1048889817\">\n\n\t<div id=\"col-661530536\" class=\"col medium-5 small-12 large-5\"  >\n\t\t\t\t<div class=\"col-inner box-shadow-2 box-shadow-5-hover\" style=\"background-color:rgb(255, 255, 255);\" >\n\t\t\t\n\t\t\t\n    <div class=\"box has-hover has-hover box-text-bottom\" >\n\n                  <div class=\"box-image \" style=\"width:80%;\">\n           <div class=\"box-image-inner image-cover\" style=\"border-radius:100%;padding-top:100%;\">\n              <img loading=\"lazy\" decoding=\"async\" width=\"1432\" height=\"955\" src=\"https:\/\/www.taubenmarkt-kassel.de\/wp-content\/uploads\/2017\/11\/Schmitter-2.png\" class=\"attachment- size-\" alt=\"\" srcset=\"https:\/\/www.taubenmarkt-kassel.de\/wp-content\/uploads\/2017\/11\/Schmitter-2.png 1432w, https:\/\/www.taubenmarkt-kassel.de\/wp-content\/uploads\/2017\/11\/Schmitter-2-300x200.png 300w, https:\/\/www.taubenmarkt-kassel.de\/wp-content\/uploads\/2017\/11\/Schmitter-2-768x512.png 768w, https:\/\/www.taubenmarkt-kassel.de\/wp-content\/uploads\/2017\/11\/Schmitter-2-1024x683.png 1024w\" sizes=\"auto, (max-width: 1432px) 100vw, 1432px\" \/>                         <\/div>\n          <\/div>\n         \n          <div class=\"box-text text-center\" >\n                <div class=\"box-text-inner\">\n                  <h4 class=\"uppercase\">\n                    <span class=\"person-name\">Daniela Schmitter<\/span><br\/>\n                    <span class=\"person-title is-small thin-font op-7\">\n                                          <\/span>\n                  <\/h4>\n                 <div class=\"social-icons follow-icons\" ><a href=\"mailto:daniela.schmitter@biw-kuerten.de\" data-label=\"E-mail\" rel=\"nofollow\" class=\"icon button circle is-outline  email tooltip\" title=\"Wy\u015blij nam e-mail\" aria-label=\"Wy\u015blij nam e-mail\"><i class=\"icon-envelop\" ><\/i><\/a><\/div>                 \n<p>Telefon: +49-2268-1591<br \/>\nMobilno\u015b\u0107: +49-175-6782018<\/p>\n                <\/div>\n          <\/div>\n    <\/div>\n\n    \n    \n\t\t<\/div>\n\t\t\t\t\n<style>\n#col-661530536 > .col-inner {\n  padding: 15px 15px 15px 15px;\n}\n<\/style>\n\t<\/div>\n\n\t\n\n\t<div id=\"col-917803203\" class=\"col medium-6 small-12 large-6\"  >\n\t\t\t\t<div class=\"col-inner text-center\"  >\n\t\t\t\n\t\t\t\n<h2>Ch\u0119tnie doradzimy Pa\u0144stwu indywidualnie<\/h2>\n<p>Jako osoba kontaktowa dla naszego magazynu fachowego &#8222;TaubenMarkt\/ Die Sporttaube&#8221; w razie pyta\u0144 jestem do Pa\u0144stwa dyspozycji.<\/p>\n\t\t<\/div>\n\t\t\t\t\t<\/div>\n\n\t\n<\/div>\n\t\t<\/div>\n\n\t\t\n<style>\n#section_1376519777 {\n  padding-top: 59px;\n  padding-bottom: 59px;\n  min-height: 300px;\n  background-color: rgb(228, 228, 228);\n}\n#section_1376519777 .ux-shape-divider--top svg {\n  height: 150px;\n  --divider-top-width: 100%;\n}\n#section_1376519777 .ux-shape-divider--bottom svg {\n  height: 150px;\n  --divider-width: 100%;\n}\n<\/style>\n\t<\/section>\n\t\n","protected":false},"excerpt":{"rendered":"","protected":false},"author":5,"featured_media":0,"parent":5697,"menu_order":0,"comment_status":"closed","ping_status":"closed","template":"page-blank.php","meta":{"footnotes":""},"class_list":["post-984","page","type-page","status-publish","hentry"],"_links":{"self":[{"href":"https:\/\/www.taubenmarkt-kassel.de\/pl\/wp-json\/wp\/v2\/pages\/984","targetHints":{"allow":["GET"]}}],"collection":[{"href":"https:\/\/www.taubenmarkt-kassel.de\/pl\/wp-json\/wp\/v2\/pages"}],"about":[{"href":"https:\/\/www.taubenmarkt-kassel.de\/pl\/wp-json\/wp\/v2\/types\/page"}],"author":[{"embeddable":true,"href":"https:\/\/www.taubenmarkt-kassel.de\/pl\/wp-json\/wp\/v2\/users\/5"}],"replies":[{"embeddable":true,"href":"https:\/\/www.taubenmarkt-kassel.de\/pl\/wp-json\/wp\/v2\/comments?post=984"}],"version-history":[{"count":17,"href":"https:\/\/www.taubenmarkt-kassel.de\/pl\/wp-json\/wp\/v2\/pages\/984\/revisions"}],"predecessor-version":[{"id":25527,"href":"https:\/\/www.taubenmarkt-kassel.de\/pl\/wp-json\/wp\/v2\/pages\/984\/revisions\/25527"}],"up":[{"embeddable":true,"href":"https:\/\/www.taubenmarkt-kassel.de\/pl\/wp-json\/wp\/v2\/pages\/5697"}],"wp:attachment":[{"href":"https:\/\/www.taubenmarkt-kassel.de\/pl\/wp-json\/wp\/v2\/media?parent=984"}],"curies":[{"name":"wp","href":"https:\/\/api.w.org\/{rel}","templated":true}]}}