{"id":5697,"date":"2018-07-02T23:19:07","date_gmt":"2018-07-02T21:19:07","guid":{"rendered":"https:\/\/www.taubenmarktkassel.de\/?page_id=5697"},"modified":"2025-12-01T21:55:05","modified_gmt":"2025-12-01T20:55:05","slug":"subskrypcje","status":"publish","type":"page","link":"https:\/\/www.taubenmarkt-kassel.de\/pl\/subskrypcje\/","title":{"rendered":"Subskrypcj\u0119"},"content":{"rendered":"\n<span class=\"scroll-to\" data-label=\"Scroll to: #head\" data-bullet=\"false\" data-link=\"#head\" data-title=\"Change this\"><a name=\"head\"><\/a><\/span>\n\n\t<div id=\"gap-2114323869\" class=\"gap-element clearfix\" style=\"display:block; height:auto;\">\n\t\t\n<style>\n#gap-2114323869 {\n  padding-top: 30px;\n}\n<\/style>\n\t<\/div>\n\t\n\n<div class=\"row\"  id=\"row-1936109866\">\n\n\n\t<div id=\"col-221434593\" class=\"col small-12 large-12\"  >\n\t\t\t\t<div class=\"col-inner\"  >\n\t\t\t\n\t\t\t\n\n<div class=\"container section-title-container\" ><h3 class=\"section-title section-title-center\"><b><\/b><span class=\"section-title-main\" >Magazyn specjalistyczny - TaubenMarkt\/Die Sporttaube<\/span><b><\/b><\/h3><\/div>\n\n\n  <div class=\"banner has-hover\" id=\"banner-19425401\">\n          <div class=\"banner-inner fill\">\n        <div class=\"banner-bg fill\" >\n            <div class=\"bg fill bg-fill \"><\/div>\n                                    \n                    <\/div>\n\t\t\n        <div class=\"banner-layers container\">\n            <div class=\"fill banner-link\"><\/div>            \n\n   <div id=\"text-box-724243808\" class=\"text-box banner-layer x5 md-x5 lg-x5 y10 md-y10 lg-y10 res-text\">\n                                <div class=\"text-box-content text \">\n              \n              <div class=\"text-inner text-left\">\n                  \n\n<p>Za jedyne 52,- EUR rocznie otrzymujesz raz w miesi\u0105cu:<\/p>\n<div class=\"text \">\n<div class=\"text-inner text-left\">\n<ul>\n<li>Aktualne i specjalistyczne informacje<\/li>\n<li>Przekonuj\u0105ce artyku\u0142y do\u015bwiadczonych hodowc\u00f3w<\/li>\n<li>Raporty z go\u0142\u0119bnik\u00f3w w kraju i zagranic\u0105<\/li>\n<li>My\u015bli dotycz\u0105ce tera\u017aniejszo\u015bci i przysz\u0142o\u015bci wy\u015bcig\u00f3w<br \/>go\u0142\u0119bi pocztowych<\/li>\n<li>Informacje o narodowych i mi\u0119dzynarodowych wydarzeniach<br \/>zwi\u0105zanych z wy\u015bcigami go\u0142\u0119bi<\/li>\n<li>Ka\u017cde wydanie w nowoczesnym czterokolorowym druku<\/li>\n<\/ul>\n<\/div>\n<\/div>\n\n              <\/div>\n           <\/div>\n                            \n<style>\n#text-box-724243808 {\n  width: 60%;\n}\n#text-box-724243808 .text-box-content {\n  font-size: 100%;\n}\n<\/style>\n    <\/div>\n \n\t<div class=\"img has-hover x90 md-x90 lg-x90 y10 md-y10 lg-y10\" id=\"image_1339922523\">\n\t\t\t\t\t\t\t\t<div class=\"img-inner dark\" >\n\t\t\t<img loading=\"lazy\" decoding=\"async\" width=\"250\" height=\"354\" src=\"https:\/\/www.taubenmarkt-kassel.de\/wp-content\/uploads\/2024\/11\/Titel.png\" class=\"attachment-original size-original\" alt=\"\" srcset=\"https:\/\/www.taubenmarkt-kassel.de\/wp-content\/uploads\/2024\/11\/Titel.png 250w, https:\/\/www.taubenmarkt-kassel.de\/wp-content\/uploads\/2024\/11\/Titel-212x300.png 212w\" sizes=\"auto, (max-width: 250px) 100vw, 250px\" \/>\t\t\t\t\t\t\n\t\t\t\t\t<\/div>\n\t\t\t\t\t\t\t\t\n<style>\n#image_1339922523 {\n  width: 25%;\n}\n<\/style>\n\t<\/div>\n\t\n\n\n        <\/div>\n      <\/div>\n\n            \n<style>\n#banner-19425401 {\n  padding-top: 500px;\n  background-color: rgb(255,255,255);\n}\n#banner-19425401 .ux-shape-divider--top svg {\n  height: 150px;\n  --divider-top-width: 100%;\n}\n#banner-19425401 .ux-shape-divider--bottom svg {\n  height: 150px;\n  --divider-width: 100%;\n}\n<\/style>\n  <\/div>\n\n\n\n\t\t<\/div>\n\t\t\t\t\t<\/div>\n\n\t\n\n<\/div>\n\t<div id=\"gap-1855568429\" class=\"gap-element clearfix\" style=\"display:block; height:auto;\">\n\t\t\n<style>\n#gap-1855568429 {\n  padding-top: 30px;\n}\n<\/style>\n\t<\/div>\n\t\n\n\t<section class=\"section has-mask mask-angled-large has-parallax\" id=\"section_485324322\">\n\t\t<div class=\"bg section-bg fill bg-fill  \" data-parallax-container=\".section\" data-parallax-background data-parallax=\"-2\">\n\n\t\t\t\n\t\t\t\n\t\t\t\n\n\t\t<\/div>\n\n\t\t\n\n\t\t<div class=\"section-content relative\">\n\t\t\t\n\n\n\t\t<\/div>\n\n\t\t\n<style>\n#section_485324322 {\n  padding-top: 100px;\n  padding-bottom: 100px;\n}\n#section_485324322 .section-bg.bg-loaded {\n  background-image: url(https:\/\/www.taubenmarkt-kassel.de\/wp-content\/uploads\/2017\/11\/IMG_2379.jpg);\n}\n#section_485324322 .section-bg {\n  background-position: 30% 32%;\n}\n#section_485324322 .ux-shape-divider--top svg {\n  height: 150px;\n  --divider-top-width: 100%;\n}\n#section_485324322 .ux-shape-divider--bottom svg {\n  height: 150px;\n  --divider-width: 100%;\n}\n<\/style>\n\t<\/section>\n\t\n<span class=\"scroll-to\" data-label=\"Scroll to: #karten\" data-bullet=\"false\" data-link=\"#karten\" data-title=\"Karten\"><a name=\"karten\"><\/a><\/span>\n\n<span class=\"scroll-to\" data-label=\"Scroll to: #abo\" data-bullet=\"false\" data-link=\"#abo\" data-title=\"Abo\"><a name=\"abo\"><\/a><\/span>\n\n<div class=\"is-divider divider clearfix\" style=\"max-width:100%;background-color:rgb(210, 37, 17);\"><\/div>\n\n\t<div id=\"gap-1571002167\" class=\"gap-element clearfix\" style=\"display:block; height:auto;\">\n\t\t\n<style>\n#gap-1571002167 {\n  padding-top: 30px;\n}\n<\/style>\n\t<\/div>\n\t\n\n<div class=\"row\"  id=\"row-1432123513\">\n\n\n\t<div id=\"col-20910269\" class=\"col small-12 large-12\"  >\n\t\t\t\t<div class=\"col-inner\"  >\n\t\t\t\n\t\t\t\n\n<div class=\"container section-title-container\" ><h3 class=\"section-title section-title-center\"><b><\/b><span class=\"section-title-main\" >Subskrypcj\u0119<\/span><b><\/b><\/h3><\/div>\n\n\n<div class=\"wpcf7 no-js\" id=\"wpcf7-f5682-o1\" lang=\"de-DE\" dir=\"ltr\" data-wpcf7-id=\"5682\">\n<div class=\"screen-reader-response\"><p role=\"status\" aria-live=\"polite\" aria-atomic=\"true\"><\/p> <ul><\/ul><\/div>\n<form action=\"\/pl\/wp-json\/wp\/v2\/pages\/5697#wpcf7-f5682-o1\" method=\"post\" class=\"wpcf7-form init\" aria-label=\"Kontaktformular\" novalidate=\"novalidate\" data-status=\"init\">\n<fieldset class=\"hidden-fields-container\"><input type=\"hidden\" name=\"_wpcf7\" value=\"5682\" \/><input type=\"hidden\" name=\"_wpcf7_version\" value=\"6.1.5\" \/><input type=\"hidden\" name=\"_wpcf7_locale\" value=\"de_DE\" \/><input type=\"hidden\" name=\"_wpcf7_unit_tag\" value=\"wpcf7-f5682-o1\" \/><input type=\"hidden\" name=\"_wpcf7_container_post\" value=\"0\" \/><input type=\"hidden\" name=\"_wpcf7_posted_data_hash\" value=\"\" \/>\n<\/fieldset>\n<p><span class=\"wpcf7-form-control-wrap\" data-name=\"Name\"><input size=\"40\" maxlength=\"400\" class=\"wpcf7-form-control wpcf7-text wpcf7-validates-as-required\" aria-required=\"true\" aria-invalid=\"false\" placeholder=\"Imi\u0119 i nazwisko\" value=\"\" type=\"text\" name=\"Name\" \/><\/span><br \/>\n<span class=\"wpcf7-form-control-wrap\" data-name=\"Strasse\"><input size=\"40\" maxlength=\"400\" class=\"wpcf7-form-control wpcf7-text wpcf7-validates-as-required\" aria-required=\"true\" aria-invalid=\"false\" placeholder=\"Ulica i numer\" value=\"\" type=\"text\" name=\"Strasse\" \/><\/span><br \/>\n<span class=\"wpcf7-form-control-wrap\" data-name=\"Ort\"><input size=\"40\" maxlength=\"400\" class=\"wpcf7-form-control wpcf7-text wpcf7-validates-as-required\" aria-required=\"true\" aria-invalid=\"false\" placeholder=\"Kod pocztowy i miasto\" value=\"\" type=\"text\" name=\"Ort\" \/><\/span><br \/>\n<span class=\"wpcf7-form-control-wrap\" data-name=\"Telefon\"><input size=\"40\" maxlength=\"400\" class=\"wpcf7-form-control wpcf7-text wpcf7-validates-as-required\" aria-required=\"true\" aria-invalid=\"false\" placeholder=\"telefon\" value=\"\" type=\"text\" name=\"Telefon\" \/><\/span><br \/>\n<span class=\"wpcf7-form-control-wrap\" data-name=\"your-email\"><input size=\"40\" maxlength=\"400\" class=\"wpcf7-form-control wpcf7-email wpcf7-validates-as-required wpcf7-text wpcf7-validates-as-email\" aria-required=\"true\" aria-invalid=\"false\" placeholder=\"eMail\" value=\"\" type=\"email\" name=\"your-email\" \/><\/span><br \/>\n<span class=\"wpcf7-form-control-wrap\" data-name=\"radio-210\"><span class=\"wpcf7-form-control wpcf7-radio\"><span class=\"wpcf7-list-item first\"><input type=\"radio\" name=\"radio-210\" value=\"P\u0142ac\u0119 52,- \u20ac\/EU przelewem bankowym po otrzymaniu faktury.\" checked=\"checked\" \/><span class=\"wpcf7-list-item-label\">P\u0142ac\u0119 52,- \u20ac\/EU przelewem bankowym po otrzymaniu faktury.<\/span><\/span><span class=\"wpcf7-list-item last\"><input type=\"radio\" name=\"radio-210\" value=\"Chc\u0119 zap\u0142aci\u0107 52,- \u20ac\/EU wygodnie przez polecenie zap\u0142aty.\" \/><span class=\"wpcf7-list-item-label\">Chc\u0119 zap\u0142aci\u0107 52,- \u20ac\/EU wygodnie przez polecenie zap\u0142aty.<\/span><\/span><\/span><\/span>\n<\/p>\n<p>Je\u015bli wybra\u0142e\u015b opcj\u0119 \"polecenie zap\u0142aty\", podaj swoje dane bankowe.\n<\/p>\n<p><span class=\"wpcf7-form-control-wrap\" data-name=\"Iban\"><input size=\"40\" maxlength=\"400\" class=\"wpcf7-form-control wpcf7-text\" aria-invalid=\"false\" placeholder=\"IBAN\" value=\"\" type=\"text\" name=\"Iban\" \/><\/span><br \/>\n<span class=\"wpcf7-form-control-wrap\" data-name=\"Bic\"><input size=\"40\" maxlength=\"400\" class=\"wpcf7-form-control wpcf7-text\" aria-invalid=\"false\" placeholder=\"BIC\" value=\"\" type=\"text\" name=\"Bic\" \/><\/span><br \/>\n<span class=\"wpcf7-form-control-wrap\" data-name=\"Bank\"><input size=\"40\" maxlength=\"400\" class=\"wpcf7-form-control wpcf7-text\" aria-invalid=\"false\" placeholder=\"Bank\" value=\"\" type=\"text\" name=\"Bank\" \/><\/span><br \/>\n<span class=\"wpcf7-form-control-wrap\" data-name=\"checkbox-997\"><span class=\"wpcf7-form-control wpcf7-checkbox wpcf7-validates-as-required\"><span class=\"wpcf7-list-item first last\"><input type=\"checkbox\" name=\"checkbox-997[]\" value=\"Wiem, \u017ce mog\u0119 odwo\u0142a\u0107 t\u0119 subskrypcj\u0119 w ci\u0105gu 10 dni \n(krzy\u017c, kt\u00f3ry zrozumiany).\" \/><span class=\"wpcf7-list-item-label\">Wiem, \u017ce mog\u0119 odwo\u0142a\u0107 t\u0119 subskrypcj\u0119 w ci\u0105gu 10 dni \n(krzy\u017c, kt\u00f3ry zrozumiany).<\/span><\/span><\/span><\/span>\n<\/p>\n<p><span class=\"wpcf7-form-control-wrap\" data-name=\"your-message\"><textarea cols=\"40\" rows=\"10\" maxlength=\"2000\" class=\"wpcf7-form-control wpcf7-textarea\" aria-invalid=\"false\" placeholder=\"Komentarze\/\u017cyczenia\" name=\"your-message\"><\/textarea><\/span>\n<\/p>\n<p><span class=\"wpcf7-form-control-wrap kc_captcha\" data-name=\"kc_captcha\"><span class=\"wpcf7-form-control wpcf7-radio\"><span class=\"captcha-image\" ><span class=\"cf7ic_instructions\">Bitte w\u00e4hlen Sie <span> Baum<\/span>.<\/span><label><input aria-label=\"1\" type=\"radio\" name=\"kc_captcha\" value=\"bot\" \/><svg aria-hidden=\"true\" role=\"img\" xmlns=\"http:\/\/www.w3.org\/2000\/svg\" viewBox=\"0 0 640 512\"><path fill=\"currentColor\" d=\"M192 384h192c53 0 96-43 96-96h32a128 128 0 000-256H120c-13 0-24 11-24 24v232c0 53 43 96 96 96zM512 96a64 64 0 010 128h-32V96h32zm48 384H48c-47 0-61-64-36-64h584c25 0 11 64-36 64z\"\/><\/svg><\/label><label><input aria-label=\"2\" type=\"radio\" name=\"kc_captcha\" value=\"bot\" \/><svg aria-hidden=\"true\" role=\"img\" xmlns=\"http:\/\/www.w3.org\/2000\/svg\" viewBox=\"0 0 512 512\"><path fill=\"currentColor\" d=\"M350 99c-54 0-98-35-166-35-25 0-47 4-68 12a56 56 0 004-24C118 24 95 1 66 0a56 56 0 00-34 102v386c0 13 11 24 24 24h16c13 0 24-11 24-24v-94c28-12 64-23 114-23 54 0 98 35 166 35 48 0 86-16 122-41 9-6 14-15 14-26V96c0-23-24-39-45-29-35 16-77 32-117 32z\"\/><\/svg><\/label><label><input aria-label=\"3\" type=\"radio\" name=\"kc_captcha\" value=\"kc_human\" \/><svg aria-hidden=\"true\" role=\"img\" xmlns=\"http:\/\/www.w3.org\/2000\/svg\" viewBox=\"0 0 384 512\"><path fill=\"currentColor\" d=\"M377 375l-83-87h34c21 0 32-25 17-40l-82-88h33c21 0 32-25 18-40L210 8c-10-11-26-11-36 0L70 120c-14 15-3 40 18 40h33l-82 88c-15 15-4 40 17 40h34L7 375c-15 16-4 41 17 41h120c0 33-11 49-34 68-12 9-5 28 10 28h144c15 0 22-19 10-28-20-16-34-32-34-68h120c21 0 32-25 17-41z\"\/><\/svg><\/label>\r\n    <\/span>\r\n    <span style=\"display:none\">\r\n        <input type=\"text\" name=\"kc_honeypot\">\r\n    <\/span><\/span><\/span><br \/>\n<input class=\"wpcf7-form-control wpcf7-submit has-spinner button\" type=\"submit\" value=\"Wy\u015blij\" \/>\n<\/p><div class=\"wpcf7-response-output\" aria-hidden=\"true\"><\/div>\n<\/form>\n<\/div>\n\n\n\n\t\t<\/div>\n\t\t\t\t\t<\/div>\n\n\t\n\n\t<div id=\"col-120392669\" class=\"col show-for-small small-12 large-12\"  >\n\t\t\t\t<div class=\"col-inner\"  >\n\t\t\t\n\t\t\t\n\n<a rel=\"noopener noreferrer\" href=\"https:\/\/taubenmarkt-diesporttaube.1000grad.com\" target=\"_blank\" class=\"button primary lowercase expand\" style=\"border-radius:99px;\">\n    <span>Lesen Sie unser ePaper auch online<\/span>\n  <\/a>\n\n\n\n\t\t<\/div>\n\t\t\t\t\t<\/div>\n\n\t\n\n\t<div id=\"col-301243801\" class=\"col hide-for-small small-12 large-12\"  >\n\t\t\t\t<div class=\"col-inner\"  >\n\t\t\t\n\t\t\t\n\n\n\t\t<\/div>\n\t\t\t\t\t<\/div>\n\n\t\n\n<\/div>\n\n","protected":false},"excerpt":{"rendered":"","protected":false},"author":5,"featured_media":0,"parent":0,"menu_order":0,"comment_status":"closed","ping_status":"closed","template":"page-blank.php","meta":{"footnotes":""},"class_list":["post-5697","page","type-page","status-publish","hentry"],"_links":{"self":[{"href":"https:\/\/www.taubenmarkt-kassel.de\/pl\/wp-json\/wp\/v2\/pages\/5697","targetHints":{"allow":["GET"]}}],"collection":[{"href":"https:\/\/www.taubenmarkt-kassel.de\/pl\/wp-json\/wp\/v2\/pages"}],"about":[{"href":"https:\/\/www.taubenmarkt-kassel.de\/pl\/wp-json\/wp\/v2\/types\/page"}],"author":[{"embeddable":true,"href":"https:\/\/www.taubenmarkt-kassel.de\/pl\/wp-json\/wp\/v2\/users\/5"}],"replies":[{"embeddable":true,"href":"https:\/\/www.taubenmarkt-kassel.de\/pl\/wp-json\/wp\/v2\/comments?post=5697"}],"version-history":[{"count":19,"href":"https:\/\/www.taubenmarkt-kassel.de\/pl\/wp-json\/wp\/v2\/pages\/5697\/revisions"}],"predecessor-version":[{"id":27691,"href":"https:\/\/www.taubenmarkt-kassel.de\/pl\/wp-json\/wp\/v2\/pages\/5697\/revisions\/27691"}],"wp:attachment":[{"href":"https:\/\/www.taubenmarkt-kassel.de\/pl\/wp-json\/wp\/v2\/media?parent=5697"}],"curies":[{"name":"wp","href":"https:\/\/api.w.org\/{rel}","templated":true}]}}