{"id":15927,"date":"2019-11-01T13:28:20","date_gmt":"2019-11-01T12:28:20","guid":{"rendered":"https:\/\/www.taubenmarktkassel.de\/zamelduj-sie\/pigeonregistration\/"},"modified":"2020-01-15T21:52:29","modified_gmt":"2020-01-15T20:52:29","slug":"sprzedawcy-golebi","status":"publish","type":"page","link":"https:\/\/www.taubenmarkt-kassel.de\/pl\/zamelduj-sie\/sprzedawcy-golebi\/","title":{"rendered":"sprzedawcy go\u0142\u0119bi"},"content":{"rendered":"\t<section class=\"section dark has-mask mask-arrow\" id=\"section_1172936922\">\n\t\t<div class=\"bg section-bg fill bg-fill  \" >\n\n\t\t\t\n\t\t\t<div class=\"section-bg-overlay absolute fill\"><\/div>\n\t\t\t\n\t<div class=\"is-border\"\n\t\tstyle=\"border-color:rgb(235, 235, 235);border-width:1px 0px 0px 0px;\">\n\t<\/div>\n\n\t\t<\/div>\n\n\t\t\n\n\t\t<div class=\"section-content relative\">\n\t\t\t\n<div class=\"row\"  id=\"row-1927796879\">\n\n\t<div id=\"col-1974766798\" class=\"col small-12 large-12\"  >\n\t\t\t\t<div class=\"col-inner\"  >\n\t\t\t\n\t\t\t\n<div class=\"row\"  id=\"row-1361130790\">\n\n\t<div id=\"col-717988930\" class=\"col medium-3 small-12 large-3\"  >\n\t\t\t\t<div class=\"col-inner\"  >\n\t\t\t\n\t\t\t\n\n\t\t<div class=\"icon-box featured-box icon-box-center text-center\"  >\n\t\t\t\t\t<div class=\"icon-box-img\" style=\"width: 60px\">\n\t\t\t\t<div class=\"icon\">\n\t\t\t\t\t<div class=\"icon-inner\" style=\"color:rgb(255, 255, 255);\">\n\t\t\t\t\t\t<?xml version=\"1.0\" encoding=\"iso-8859-1\"?>\n<!-- Generator: Adobe Illustrator 16.0.0, SVG Export Plug-In . SVG Version: 6.00 Build 0)  -->\n<!DOCTYPE svg PUBLIC \"-\/\/W3C\/\/DTD SVG 1.1\/\/EN\" \"http:\/\/www.w3.org\/Graphics\/SVG\/1.1\/DTD\/svg11.dtd\">\n<svg version=\"1.1\" id=\"Capa_1\" xmlns=\"http:\/\/www.w3.org\/2000\/svg\" xmlns:xlink=\"http:\/\/www.w3.org\/1999\/xlink\" x=\"0px\" y=\"0px\"\n\t width=\"475.078px\" height=\"475.077px\" viewBox=\"0 0 475.078 475.077\" style=\"enable-background:new 0 0 475.078 475.077;\"\n\t xml:space=\"preserve\">\n<g>\n\t<g>\n\t\t<path d=\"M467.083,318.627c-5.324-5.328-11.8-7.994-19.41-7.994H315.195l-38.828,38.827c-11.04,10.657-23.982,15.988-38.828,15.988\n\t\t\tc-14.843,0-27.789-5.324-38.828-15.988l-38.543-38.827H27.408c-7.612,0-14.083,2.669-19.414,7.994\n\t\t\tC2.664,323.955,0,330.427,0,338.044v91.358c0,7.614,2.664,14.085,7.994,19.414c5.33,5.328,11.801,7.99,19.414,7.99h420.266\n\t\t\tc7.61,0,14.086-2.662,19.41-7.99c5.332-5.329,7.994-11.8,7.994-19.414v-91.358C475.078,330.427,472.416,323.955,467.083,318.627z\n\t\t\t M360.025,414.841c-3.621,3.617-7.905,5.424-12.854,5.424s-9.227-1.807-12.847-5.424c-3.614-3.617-5.421-7.898-5.421-12.844\n\t\t\tc0-4.948,1.807-9.236,5.421-12.847c3.62-3.62,7.898-5.431,12.847-5.431s9.232,1.811,12.854,5.431\n\t\t\tc3.613,3.61,5.421,7.898,5.421,12.847C365.446,406.942,363.638,411.224,360.025,414.841z M433.109,414.841\n\t\t\tc-3.614,3.617-7.898,5.424-12.848,5.424c-4.948,0-9.229-1.807-12.847-5.424c-3.613-3.617-5.42-7.898-5.42-12.844\n\t\t\tc0-4.948,1.807-9.236,5.42-12.847c3.617-3.62,7.898-5.431,12.847-5.431c4.949,0,9.233,1.811,12.848,5.431\n\t\t\tc3.617,3.61,5.427,7.898,5.427,12.847C438.536,406.942,436.729,411.224,433.109,414.841z\"\/>\n\t\t<path d=\"M224.692,323.479c3.428,3.613,7.71,5.421,12.847,5.421c5.141,0,9.418-1.808,12.847-5.421l127.907-127.908\n\t\t\tc5.899-5.519,7.234-12.182,3.997-19.986c-3.23-7.421-8.847-11.132-16.844-11.136h-73.091V36.543c0-4.948-1.811-9.231-5.421-12.847\n\t\t\tc-3.62-3.617-7.901-5.426-12.847-5.426h-73.096c-4.946,0-9.229,1.809-12.847,5.426c-3.615,3.616-5.424,7.898-5.424,12.847V164.45\n\t\t\th-73.089c-7.998,0-13.61,3.715-16.846,11.136c-3.234,7.801-1.903,14.467,3.999,19.986L224.692,323.479z\"\/>\n\t<\/g>\n<\/g>\n<g>\n<\/g>\n<g>\n<\/g>\n<g>\n<\/g>\n<g>\n<\/g>\n<g>\n<\/g>\n<g>\n<\/g>\n<g>\n<\/g>\n<g>\n<\/g>\n<g>\n<\/g>\n<g>\n<\/g>\n<g>\n<\/g>\n<g>\n<\/g>\n<g>\n<\/g>\n<g>\n<\/g>\n<g>\n<\/g>\n<\/svg>\n\t\t\t\t\t<\/div>\n\t\t\t\t<\/div>\n\t\t\t<\/div>\n\t\t\t\t<div class=\"icon-box-text last-reset\">\n\t\t\t\t\t\t\t\t\t\n<h4>Warunki uczestnictwa<br \/>\nw targach<\/h4>\n<div class=\"text-center\"><div class=\"is-divider divider clearfix\" style=\"background-color:rgba(255, 255, 255, 0.5);\"><\/div><\/div>\n<a rel=\"noopener noreferrer\" href=\"https:\/\/www.taubenmarkt-kassel.de\/wp-content\/uploads\/2019\/10\/03Messebedingung_PL.pdf\" target=\"_blank\" class=\"button primary lowercase\"  style=\"border-radius:10px;\">\n    <span>Pobieranie<\/span>\n  <\/a>\n\n\t<div id=\"gap-758988111\" class=\"gap-element clearfix\" style=\"display:block; height:auto;\">\n\t\t\n<style>\n#gap-758988111 {\n  padding-top: 10px;\n}\n<\/style>\n\t<\/div>\n\t\n\t\t<\/div>\n\t<\/div>\n\t\n\t\n\t\t<\/div>\n\t\t\t\t\t<\/div>\n\n\t\n\n\t<div id=\"col-1485893308\" class=\"col medium-3 small-12 large-3\"  >\n\t\t\t\t<div class=\"col-inner\"  >\n\t\t\t\n\t\t\t\n\n\t\t<div class=\"icon-box featured-box icon-box-center text-center\"  >\n\t\t\t\t\t<div class=\"icon-box-img\" style=\"width: 60px\">\n\t\t\t\t<div class=\"icon\">\n\t\t\t\t\t<div class=\"icon-inner\" style=\"color:rgb(255, 255, 255);\">\n\t\t\t\t\t\t<?xml version=\"1.0\" encoding=\"iso-8859-1\"?>\n<!-- Generator: Adobe Illustrator 16.0.0, SVG Export Plug-In . SVG Version: 6.00 Build 0)  -->\n<!DOCTYPE svg PUBLIC \"-\/\/W3C\/\/DTD SVG 1.1\/\/EN\" \"http:\/\/www.w3.org\/Graphics\/SVG\/1.1\/DTD\/svg11.dtd\">\n<svg version=\"1.1\" id=\"Capa_1\" xmlns=\"http:\/\/www.w3.org\/2000\/svg\" xmlns:xlink=\"http:\/\/www.w3.org\/1999\/xlink\" x=\"0px\" y=\"0px\"\n\t width=\"475.078px\" height=\"475.077px\" viewBox=\"0 0 475.078 475.077\" style=\"enable-background:new 0 0 475.078 475.077;\"\n\t xml:space=\"preserve\">\n<g>\n\t<g>\n\t\t<path d=\"M467.083,318.627c-5.324-5.328-11.8-7.994-19.41-7.994H315.195l-38.828,38.827c-11.04,10.657-23.982,15.988-38.828,15.988\n\t\t\tc-14.843,0-27.789-5.324-38.828-15.988l-38.543-38.827H27.408c-7.612,0-14.083,2.669-19.414,7.994\n\t\t\tC2.664,323.955,0,330.427,0,338.044v91.358c0,7.614,2.664,14.085,7.994,19.414c5.33,5.328,11.801,7.99,19.414,7.99h420.266\n\t\t\tc7.61,0,14.086-2.662,19.41-7.99c5.332-5.329,7.994-11.8,7.994-19.414v-91.358C475.078,330.427,472.416,323.955,467.083,318.627z\n\t\t\t M360.025,414.841c-3.621,3.617-7.905,5.424-12.854,5.424s-9.227-1.807-12.847-5.424c-3.614-3.617-5.421-7.898-5.421-12.844\n\t\t\tc0-4.948,1.807-9.236,5.421-12.847c3.62-3.62,7.898-5.431,12.847-5.431s9.232,1.811,12.854,5.431\n\t\t\tc3.613,3.61,5.421,7.898,5.421,12.847C365.446,406.942,363.638,411.224,360.025,414.841z M433.109,414.841\n\t\t\tc-3.614,3.617-7.898,5.424-12.848,5.424c-4.948,0-9.229-1.807-12.847-5.424c-3.613-3.617-5.42-7.898-5.42-12.844\n\t\t\tc0-4.948,1.807-9.236,5.42-12.847c3.617-3.62,7.898-5.431,12.847-5.431c4.949,0,9.233,1.811,12.848,5.431\n\t\t\tc3.617,3.61,5.427,7.898,5.427,12.847C438.536,406.942,436.729,411.224,433.109,414.841z\"\/>\n\t\t<path d=\"M224.692,323.479c3.428,3.613,7.71,5.421,12.847,5.421c5.141,0,9.418-1.808,12.847-5.421l127.907-127.908\n\t\t\tc5.899-5.519,7.234-12.182,3.997-19.986c-3.23-7.421-8.847-11.132-16.844-11.136h-73.091V36.543c0-4.948-1.811-9.231-5.421-12.847\n\t\t\tc-3.62-3.617-7.901-5.426-12.847-5.426h-73.096c-4.946,0-9.229,1.809-12.847,5.426c-3.615,3.616-5.424,7.898-5.424,12.847V164.45\n\t\t\th-73.089c-7.998,0-13.61,3.715-16.846,11.136c-3.234,7.801-1.903,14.467,3.999,19.986L224.692,323.479z\"\/>\n\t<\/g>\n<\/g>\n<g>\n<\/g>\n<g>\n<\/g>\n<g>\n<\/g>\n<g>\n<\/g>\n<g>\n<\/g>\n<g>\n<\/g>\n<g>\n<\/g>\n<g>\n<\/g>\n<g>\n<\/g>\n<g>\n<\/g>\n<g>\n<\/g>\n<g>\n<\/g>\n<g>\n<\/g>\n<g>\n<\/g>\n<g>\n<\/g>\n<\/svg>\n\t\t\t\t\t<\/div>\n\t\t\t\t<\/div>\n\t\t\t<\/div>\n\t\t\t\t<div class=\"icon-box-text last-reset\">\n\t\t\t\t\t\t\t\t\t\n<h4 style=\"text-align: center;\">Sprzedawcy<br \/>\nGo\u0142\u0119bie<\/h4>\n<div class=\"text-center\"><div class=\"is-divider divider clearfix\" style=\"background-color:rgba(255, 255, 255, 0.5);\"><\/div><\/div>\n<a rel=\"noopener noreferrer\" href=\"https:\/\/www.taubenmarkt-kassel.de\/wp-content\/uploads\/2020\/01\/04Anmeldung-Tauben_PL.pdf\" target=\"_blank\" class=\"button primary lowercase\"  style=\"border-radius:10px;\">\n    <span>Pobieranie<\/span>\n  <\/a>\n\n\t<div id=\"gap-1762092337\" class=\"gap-element clearfix\" style=\"display:block; height:auto;\">\n\t\t\n<style>\n#gap-1762092337 {\n  padding-top: 10px;\n}\n<\/style>\n\t<\/div>\n\t\n\t\t<\/div>\n\t<\/div>\n\t\n\t\n\t\t<\/div>\n\t\t\t\t\t<\/div>\n\n\t\n\n\t<div id=\"col-1203314550\" class=\"col medium-3 small-12 large-3\"  >\n\t\t\t\t<div class=\"col-inner\"  >\n\t\t\t\n\t\t\t\n\n\t\t<div class=\"icon-box featured-box icon-box-center text-center\"  >\n\t\t\t\t\t<div class=\"icon-box-img\" style=\"width: 60px\">\n\t\t\t\t<div class=\"icon\">\n\t\t\t\t\t<div class=\"icon-inner\" style=\"color:rgb(255, 255, 255);\">\n\t\t\t\t\t\t<?xml version=\"1.0\" encoding=\"iso-8859-1\"?>\n<!-- Generator: Adobe Illustrator 16.0.0, SVG Export Plug-In . SVG Version: 6.00 Build 0)  -->\n<!DOCTYPE svg PUBLIC \"-\/\/W3C\/\/DTD SVG 1.1\/\/EN\" \"http:\/\/www.w3.org\/Graphics\/SVG\/1.1\/DTD\/svg11.dtd\">\n<svg version=\"1.1\" id=\"Capa_1\" xmlns=\"http:\/\/www.w3.org\/2000\/svg\" xmlns:xlink=\"http:\/\/www.w3.org\/1999\/xlink\" x=\"0px\" y=\"0px\"\n\t width=\"475.078px\" height=\"475.077px\" viewBox=\"0 0 475.078 475.077\" style=\"enable-background:new 0 0 475.078 475.077;\"\n\t xml:space=\"preserve\">\n<g>\n\t<g>\n\t\t<path d=\"M467.083,318.627c-5.324-5.328-11.8-7.994-19.41-7.994H315.195l-38.828,38.827c-11.04,10.657-23.982,15.988-38.828,15.988\n\t\t\tc-14.843,0-27.789-5.324-38.828-15.988l-38.543-38.827H27.408c-7.612,0-14.083,2.669-19.414,7.994\n\t\t\tC2.664,323.955,0,330.427,0,338.044v91.358c0,7.614,2.664,14.085,7.994,19.414c5.33,5.328,11.801,7.99,19.414,7.99h420.266\n\t\t\tc7.61,0,14.086-2.662,19.41-7.99c5.332-5.329,7.994-11.8,7.994-19.414v-91.358C475.078,330.427,472.416,323.955,467.083,318.627z\n\t\t\t M360.025,414.841c-3.621,3.617-7.905,5.424-12.854,5.424s-9.227-1.807-12.847-5.424c-3.614-3.617-5.421-7.898-5.421-12.844\n\t\t\tc0-4.948,1.807-9.236,5.421-12.847c3.62-3.62,7.898-5.431,12.847-5.431s9.232,1.811,12.854,5.431\n\t\t\tc3.613,3.61,5.421,7.898,5.421,12.847C365.446,406.942,363.638,411.224,360.025,414.841z M433.109,414.841\n\t\t\tc-3.614,3.617-7.898,5.424-12.848,5.424c-4.948,0-9.229-1.807-12.847-5.424c-3.613-3.617-5.42-7.898-5.42-12.844\n\t\t\tc0-4.948,1.807-9.236,5.42-12.847c3.617-3.62,7.898-5.431,12.847-5.431c4.949,0,9.233,1.811,12.848,5.431\n\t\t\tc3.617,3.61,5.427,7.898,5.427,12.847C438.536,406.942,436.729,411.224,433.109,414.841z\"\/>\n\t\t<path d=\"M224.692,323.479c3.428,3.613,7.71,5.421,12.847,5.421c5.141,0,9.418-1.808,12.847-5.421l127.907-127.908\n\t\t\tc5.899-5.519,7.234-12.182,3.997-19.986c-3.23-7.421-8.847-11.132-16.844-11.136h-73.091V36.543c0-4.948-1.811-9.231-5.421-12.847\n\t\t\tc-3.62-3.617-7.901-5.426-12.847-5.426h-73.096c-4.946,0-9.229,1.809-12.847,5.426c-3.615,3.616-5.424,7.898-5.424,12.847V164.45\n\t\t\th-73.089c-7.998,0-13.61,3.715-16.846,11.136c-3.234,7.801-1.903,14.467,3.999,19.986L224.692,323.479z\"\/>\n\t<\/g>\n<\/g>\n<g>\n<\/g>\n<g>\n<\/g>\n<g>\n<\/g>\n<g>\n<\/g>\n<g>\n<\/g>\n<g>\n<\/g>\n<g>\n<\/g>\n<g>\n<\/g>\n<g>\n<\/g>\n<g>\n<\/g>\n<g>\n<\/g>\n<g>\n<\/g>\n<g>\n<\/g>\n<g>\n<\/g>\n<g>\n<\/g>\n<\/svg>\n\t\t\t\t\t<\/div>\n\t\t\t\t<\/div>\n\t\t\t<\/div>\n\t\t\t\t<div class=\"icon-box-text last-reset\">\n\t\t\t\t\t\t\t\t\t\n<h4>Wytyczne dotycz\u0105ce<br \/>\nprezentowania<\/h4>\n<div class=\"text-center\"><div class=\"is-divider divider clearfix\" style=\"background-color:rgba(255, 255, 255, 0.5);\"><\/div><\/div>\n<a rel=\"noopener noreferrer\" href=\"https:\/\/www.taubenmarkt-kassel.de\/wp-content\/uploads\/2019\/10\/06Richtlinien_PL.pdf\" target=\"_blank\" class=\"button primary lowercase\"  style=\"border-radius:10px;\">\n    <span>Pobieranie<\/span>\n  <\/a>\n\n\t<div id=\"gap-764715008\" class=\"gap-element clearfix\" style=\"display:block; height:auto;\">\n\t\t\n<style>\n#gap-764715008 {\n  padding-top: 10px;\n}\n<\/style>\n\t<\/div>\n\t\n\t\t<\/div>\n\t<\/div>\n\t\n\t\n\t\t<\/div>\n\t\t\t\t\t<\/div>\n\n\t\n\n\t<div id=\"col-473183714\" class=\"col medium-3 small-12 large-3\"  >\n\t\t\t\t<div class=\"col-inner\"  >\n\t\t\t\n\t\t\t\n\n\t\t<div class=\"icon-box featured-box icon-box-center text-center\"  >\n\t\t\t\t\t<div class=\"icon-box-img\" style=\"width: 60px\">\n\t\t\t\t<div class=\"icon\">\n\t\t\t\t\t<div class=\"icon-inner\" style=\"color:rgb(255, 255, 255);\">\n\t\t\t\t\t\t<?xml version=\"1.0\" encoding=\"iso-8859-1\"?>\n<!-- Generator: Adobe Illustrator 16.0.0, SVG Export Plug-In . SVG Version: 6.00 Build 0)  -->\n<!DOCTYPE svg PUBLIC \"-\/\/W3C\/\/DTD SVG 1.1\/\/EN\" \"http:\/\/www.w3.org\/Graphics\/SVG\/1.1\/DTD\/svg11.dtd\">\n<svg version=\"1.1\" id=\"Capa_1\" xmlns=\"http:\/\/www.w3.org\/2000\/svg\" xmlns:xlink=\"http:\/\/www.w3.org\/1999\/xlink\" x=\"0px\" y=\"0px\"\n\t width=\"475.078px\" height=\"475.077px\" viewBox=\"0 0 475.078 475.077\" style=\"enable-background:new 0 0 475.078 475.077;\"\n\t xml:space=\"preserve\">\n<g>\n\t<g>\n\t\t<path d=\"M467.083,318.627c-5.324-5.328-11.8-7.994-19.41-7.994H315.195l-38.828,38.827c-11.04,10.657-23.982,15.988-38.828,15.988\n\t\t\tc-14.843,0-27.789-5.324-38.828-15.988l-38.543-38.827H27.408c-7.612,0-14.083,2.669-19.414,7.994\n\t\t\tC2.664,323.955,0,330.427,0,338.044v91.358c0,7.614,2.664,14.085,7.994,19.414c5.33,5.328,11.801,7.99,19.414,7.99h420.266\n\t\t\tc7.61,0,14.086-2.662,19.41-7.99c5.332-5.329,7.994-11.8,7.994-19.414v-91.358C475.078,330.427,472.416,323.955,467.083,318.627z\n\t\t\t M360.025,414.841c-3.621,3.617-7.905,5.424-12.854,5.424s-9.227-1.807-12.847-5.424c-3.614-3.617-5.421-7.898-5.421-12.844\n\t\t\tc0-4.948,1.807-9.236,5.421-12.847c3.62-3.62,7.898-5.431,12.847-5.431s9.232,1.811,12.854,5.431\n\t\t\tc3.613,3.61,5.421,7.898,5.421,12.847C365.446,406.942,363.638,411.224,360.025,414.841z M433.109,414.841\n\t\t\tc-3.614,3.617-7.898,5.424-12.848,5.424c-4.948,0-9.229-1.807-12.847-5.424c-3.613-3.617-5.42-7.898-5.42-12.844\n\t\t\tc0-4.948,1.807-9.236,5.42-12.847c3.617-3.62,7.898-5.431,12.847-5.431c4.949,0,9.233,1.811,12.848,5.431\n\t\t\tc3.617,3.61,5.427,7.898,5.427,12.847C438.536,406.942,436.729,411.224,433.109,414.841z\"\/>\n\t\t<path d=\"M224.692,323.479c3.428,3.613,7.71,5.421,12.847,5.421c5.141,0,9.418-1.808,12.847-5.421l127.907-127.908\n\t\t\tc5.899-5.519,7.234-12.182,3.997-19.986c-3.23-7.421-8.847-11.132-16.844-11.136h-73.091V36.543c0-4.948-1.811-9.231-5.421-12.847\n\t\t\tc-3.62-3.617-7.901-5.426-12.847-5.426h-73.096c-4.946,0-9.229,1.809-12.847,5.426c-3.615,3.616-5.424,7.898-5.424,12.847V164.45\n\t\t\th-73.089c-7.998,0-13.61,3.715-16.846,11.136c-3.234,7.801-1.903,14.467,3.999,19.986L224.692,323.479z\"\/>\n\t<\/g>\n<\/g>\n<g>\n<\/g>\n<g>\n<\/g>\n<g>\n<\/g>\n<g>\n<\/g>\n<g>\n<\/g>\n<g>\n<\/g>\n<g>\n<\/g>\n<g>\n<\/g>\n<g>\n<\/g>\n<g>\n<\/g>\n<g>\n<\/g>\n<g>\n<\/g>\n<g>\n<\/g>\n<g>\n<\/g>\n<g>\n<\/g>\n<\/svg>\n\t\t\t\t\t<\/div>\n\t\t\t\t<\/div>\n\t\t\t<\/div>\n\t\t\t\t<div class=\"icon-box-text last-reset\">\n\t\t\t\t\t\t\t\t\t\n<h4>Szczepienia<br \/>\nochronne<\/h4>\n<div class=\"text-center\"><div class=\"is-divider divider clearfix\" style=\"background-color:rgba(255, 255, 255, 0.5);\"><\/div><\/div>\n<a rel=\"noopener noreferrer\" href=\"https:\/\/www.taubenmarkt-kassel.de\/wp-content\/uploads\/2019\/10\/05Schutzimpfung_PL.pdf\" target=\"_blank\" class=\"button primary lowercase\"  style=\"border-radius:10px;\">\n    <span>Pobieranie<\/span>\n  <\/a>\n\n\t<div id=\"gap-844633285\" class=\"gap-element clearfix\" style=\"display:block; height:auto;\">\n\t\t\n<style>\n#gap-844633285 {\n  padding-top: 10px;\n}\n<\/style>\n\t<\/div>\n\t\n\t\t<\/div>\n\t<\/div>\n\t\n\t\n\t\t<\/div>\n\t\t\t\t\t<\/div>\n\n\t\n<\/div>\n\t\t<\/div>\n\t\t\t\t\t<\/div>\n\n\t\n<\/div>\n\t\t<\/div>\n\n\t\t\n<style>\n#section_1172936922 {\n  padding-top: 59px;\n  padding-bottom: 59px;\n  min-height: 300px;\n  background-color: rgb(255, 255, 255);\n}\n#section_1172936922 .section-bg-overlay {\n  background-color: rgba(0, 0, 0, 0.5);\n}\n#section_1172936922 .section-bg.bg-loaded {\n  background-image: url(https:\/\/www.taubenmarkt-kassel.de\/wp-content\/uploads\/2017\/11\/ITM_VERBINDET2.png);\n}\n#section_1172936922 .section-bg {\n  background-position: 48% 39%;\n}\n#section_1172936922 .ux-shape-divider--top svg {\n  height: 150px;\n  --divider-top-width: 100%;\n}\n#section_1172936922 .ux-shape-divider--bottom svg {\n  height: 150px;\n  --divider-width: 100%;\n}\n<\/style>\n\t<\/section>\n\t\n\t<section class=\"section has-mask mask-arrow\" id=\"section_1849205069\">\n\t\t<div class=\"bg section-bg fill bg-fill  bg-loaded\" >\n\n\t\t\t\n\t\t\t\n\t\t\t\n\t<div class=\"is-border\"\n\t\tstyle=\"border-color:rgb(235, 235, 235);border-width:1px 0px 0px 0px;\">\n\t<\/div>\n\n\t\t<\/div>\n\n\t\t\n\n\t\t<div class=\"section-content relative\">\n\t\t\t\n<div class=\"row\"  id=\"row-1799849925\">\n\n\t<div id=\"col-2011855453\" class=\"col medium-4 small-12 large-4\"  >\n\t\t\t\t<div class=\"col-inner\"  >\n\t\t\t\n\t\t\t\n\t\t<\/div>\n\t\t\t\t\t<\/div>\n\n\t\n\n\t<div id=\"col-1825381389\" class=\"col medium-4 small-12 large-4\"  >\n\t\t\t\t<div class=\"col-inner\"  >\n\t\t\t\n\t\t\t\n\t<div class=\"img has-hover x md-x lg-x y md-y lg-y\" id=\"image_1931995211\">\n\t\t\t\t\t\t\t\t<div class=\"img-inner dark\" >\n\t\t\t<img loading=\"lazy\" decoding=\"async\" width=\"990\" height=\"325\" src=\"https:\/\/www.taubenmarkt-kassel.de\/wp-content\/uploads\/2017\/12\/pl-2.png\" class=\"attachment-large size-large\" alt=\"\" srcset=\"https:\/\/www.taubenmarkt-kassel.de\/wp-content\/uploads\/2017\/12\/pl-2.png 990w, https:\/\/www.taubenmarkt-kassel.de\/wp-content\/uploads\/2017\/12\/pl-2-300x98.png 300w, https:\/\/www.taubenmarkt-kassel.de\/wp-content\/uploads\/2017\/12\/pl-2-768x252.png 768w\" sizes=\"auto, (max-width: 990px) 100vw, 990px\" \/>\t\t\t\t\t\t\n\t\t\t\t\t<\/div>\n\t\t\t\t\t\t\t\t\n<style>\n#image_1931995211 {\n  width: 100%;\n}\n<\/style>\n\t<\/div>\n\t\n\t\t<\/div>\n\t\t\t\t\t<\/div>\n\n\t\n\n\t<div id=\"col-669358443\" class=\"col medium-4 small-12 large-4\"  >\n\t\t\t\t<div class=\"col-inner\"  >\n\t\t\t\n\t\t\t\n\t\t<\/div>\n\t\t\t\t\t<\/div>\n\n\t\n<\/div>\n<div class=\"row\"  id=\"row-1240125376\">\n\n\t<div id=\"col-872984864\" class=\"col medium-6 small-12 large-6\"  >\n\t\t\t\t<div class=\"col-inner\"  >\n\t\t\t\n\t\t\t\n<div class=\"container section-title-container\" ><h3 class=\"section-title section-title-center\"><b><\/b><span class=\"section-title-main\" >Cena &amp; Termin Sk\u0142adania Poda\u0144<\/span><b><\/b><\/h3><\/div>\n<p>Na 31. Mi\u0119dzynarodowych Targach Go\u0142\u0119bi oferowana jest<br \/>\nograniczona liczba klatek do wynaj\u0119cia, przeznaczonych do sprzeda\u017cy<br \/>\ngo\u0142\u0119bi pocztowych przez osoby prywatne. W celu zagwarantowania organizacyjnie i optycznie bezproblemowego przebiegu targ\u00f3w,<br \/>\nr\u00f3wnie\u017c w tym roku b\u0119dziemy wynajmowa\u0107 gotowe bloki do<br \/>\nsprzeda\u017cy go\u0142\u0119bi.<\/p>\n<p>Pojedy\u0144czy blok sk\u0142ada si\u0119 z 12 klatek.<\/p>\n<p>Cena wynajmu jednego, 12-klatkowego bloku wynosi EUR 200,<br \/>\n\u0142\u0105cznie z dwudniow\u0105 stawk\u0105 VAT.<\/p>\n<p>Wed\u0142ug wymog\u00f3w na\u0142o\u017conych przez pa\u0144stowy urz\u0105d ds. ochrony zwierz\u0105t i weterynarii, ka\u017cdy wystawca go\u0142\u0119bi zobowi\u0105zany jest do ca\u0142orocznych szczepie\u0144 ochronnych przeciw paramyksowirusom<br \/>\n(co najmniej 3 tygodnie przed wystaw\u0105 a najp\u00f3\u017aniej 11 mi\u0119siecy).<br \/>\nOrginalne dokumenty musz\u0105 zosta\u0107 przedstawione organizatorom<br \/>\ndo <span style=\"color: #000080;\"><strong>15. pa\u017adziernika 2020<\/strong><\/span>.<\/p>\n<p>W trosce o ochron\u0119 zwierz\u0105t ka\u017cdy us\u0142ugodawca zobowi\u0105zany jest umie\u015bci\u0107 w pojedy\u0144czej klatce maksymalnie jednego go\u0142\u0119bia. Z\u0142amanie tych zasad skutkuje natychmiastowym zamkni\u0119ciem stoiska.<\/p>\n<p>Razem z klatkami na sprzeda\u017c mog\u0105 r\u00f3wnie\u017c zosta\u0107 zam\u00f3wnione<br \/>\nklatki transportowe \u201cdo ponownego u\u017cycia\u201d.<\/p>\n<p>Z powodu ograniczonej ilo\u015bci klatek do wynaj\u0119cia zg\u0142oszenia b\u0119d\u0105 rozpatrywane w kolejno\u015bci otrzymania poda\u0144.<\/p>\n\t\t<\/div>\n\t\t\t\t\t<\/div>\n\n\t\n\n\t<div id=\"col-1929579615\" class=\"col medium-6 small-12 large-6\"  >\n\t\t\t\t<div class=\"col-inner\"  >\n\t\t\t\n\t\t\t\n<div class=\"container section-title-container\" ><h3 class=\"section-title section-title-center\"><b><\/b><span class=\"section-title-main\" >Formularze zg\u0142oszeniowe<\/span><b><\/b><\/h3><\/div>\n<p class=\"wpcf7-contact-form-not-found\"><strong>B\u0142\u0105d:<\/strong> Brak formularza kontaktowego.<\/p>\n\t\t<\/div>\n\t\t\t\t\t<\/div>\n\n\t\n<\/div>\n\t\t<\/div>\n\n\t\t\n<style>\n#section_1849205069 {\n  padding-top: 59px;\n  padding-bottom: 59px;\n  min-height: 300px;\n  background-color: rgb(228, 228, 228);\n}\n#section_1849205069 .ux-shape-divider--top svg {\n  height: 150px;\n  --divider-top-width: 100%;\n}\n#section_1849205069 .ux-shape-divider--bottom svg {\n  height: 150px;\n  --divider-width: 100%;\n}\n<\/style>\n\t<\/section>\n\t\n","protected":false},"excerpt":{"rendered":"","protected":false},"author":5,"featured_media":0,"parent":977,"menu_order":0,"comment_status":"closed","ping_status":"closed","template":"page-blank.php","meta":{"footnotes":""},"class_list":["post-15927","page","type-page","status-publish","hentry"],"_links":{"self":[{"href":"https:\/\/www.taubenmarkt-kassel.de\/pl\/wp-json\/wp\/v2\/pages\/15927","targetHints":{"allow":["GET"]}}],"collection":[{"href":"https:\/\/www.taubenmarkt-kassel.de\/pl\/wp-json\/wp\/v2\/pages"}],"about":[{"href":"https:\/\/www.taubenmarkt-kassel.de\/pl\/wp-json\/wp\/v2\/types\/page"}],"author":[{"embeddable":true,"href":"https:\/\/www.taubenmarkt-kassel.de\/pl\/wp-json\/wp\/v2\/users\/5"}],"replies":[{"embeddable":true,"href":"https:\/\/www.taubenmarkt-kassel.de\/pl\/wp-json\/wp\/v2\/comments?post=15927"}],"version-history":[{"count":12,"href":"https:\/\/www.taubenmarkt-kassel.de\/pl\/wp-json\/wp\/v2\/pages\/15927\/revisions"}],"predecessor-version":[{"id":18024,"href":"https:\/\/www.taubenmarkt-kassel.de\/pl\/wp-json\/wp\/v2\/pages\/15927\/revisions\/18024"}],"up":[{"embeddable":true,"href":"https:\/\/www.taubenmarkt-kassel.de\/pl\/wp-json\/wp\/v2\/pages\/977"}],"wp:attachment":[{"href":"https:\/\/www.taubenmarkt-kassel.de\/pl\/wp-json\/wp\/v2\/media?parent=15927"}],"curies":[{"name":"wp","href":"https:\/\/api.w.org\/{rel}","templated":true}]}}