{"id":893,"date":"2017-12-02T17:20:51","date_gmt":"2017-12-02T16:20:51","guid":{"rendered":"http:\/\/6.myplusone.de\/?page_id=893"},"modified":"2026-01-08T18:45:40","modified_gmt":"2026-01-08T17:45:40","slug":"come-arrivare","status":"publish","type":"page","link":"https:\/\/www.taubenmarkt-kassel.de\/it\/come-arrivare\/","title":{"rendered":"Come arrivare"},"content":{"rendered":"\n\n  <div class=\"banner has-hover\" id=\"banner-1564981575\">\n          <div class=\"banner-inner fill\">\n        <div class=\"banner-bg fill\" >\n            <div class=\"bg fill bg-fill \"><\/div>\n                                    \n                    <\/div>\n\t\t\n        <div class=\"banner-layers container\">\n            <div class=\"fill banner-link\"><\/div>            \n\n\t<div class=\"img has-hover x50 md-x50 lg-x50 y20 md-y20 lg-y20\" id=\"image_2071151744\">\n\t\t\t\t\t\t\t\t<div class=\"img-inner dark\" >\n\t\t\t<img loading=\"lazy\" decoding=\"async\" width=\"111\" height=\"112\" src=\"https:\/\/www.taubenmarkt-kassel.de\/wp-content\/uploads\/2017\/11\/logo-messe-kassel.png\" class=\"attachment-large size-large\" alt=\"\" \/>\t\t\t\t\t\t\n\t\t\t\t\t<\/div>\n\t\t\t\t\t\t\t\t\n<style>\n#image_2071151744 {\n  width: 10%;\n}\n<\/style>\n\t<\/div>\n\t\n\n   <div id=\"text-box-1586377121\" class=\"text-box banner-layer x50 md-x50 lg-x50 y85 md-y85 lg-y85 res-text\">\n                                <div class=\"text-box-content text \">\n              \n              <div class=\"text-inner text-center\">\n                  \n\n<h3><strong>Messe Kassel<\/strong><\/h3>\n<h4>Damaschkestrasse 55, 34121 Kassel<\/h4>\n\n              <\/div>\n           <\/div>\n                            \n<style>\n#text-box-1586377121 {\n  width: 49%;\n}\n#text-box-1586377121 .text-box-content {\n  font-size: 100%;\n}\n<\/style>\n    <\/div>\n \n\n        <\/div>\n      <\/div>\n\n            \n<style>\n#banner-1564981575 {\n  padding-top: 350px;\n  background-color: rgb(255,255,255);\n}\n#banner-1564981575 .ux-shape-divider--top svg {\n  height: 150px;\n  --divider-top-width: 100%;\n}\n#banner-1564981575 .ux-shape-divider--bottom svg {\n  height: 150px;\n  --divider-width: 100%;\n}\n<\/style>\n  <\/div>\n\n\n\n\n <div class=\"brlbs-cmpnt-container brlbs-cmpnt-content-blocker brlbs-cmpnt-with-individual-styles\" data-borlabs-cookie-content-blocker-id=\"google-maps\" data-borlabs-cookie-content=\"CjxkaXYgaWQ9IndyYXBwZXItOWNkMTk5YjljYzU0MTBjZDNiMWFkMjFjYWIyZTU0ZDMiPgo8ZGl2IGlkPSJtYXAtOWNkMTk5YjljYzU0MTBjZDNiMWFkMjFjYWIyZTU0ZDMiPjwvZGl2Pgo8cD48c2NyaXB0PihmdW5jdGlvbiAoKSB7CiAgICAgICAgdmFyIHNldHRpbmcgPSB7ImhlaWdodCI6NDIwLCJ3aWR0aCI6MTkyMCwiem9vbSI6MTAsInF1ZXJ5U3RyaW5nIjoiSW50ZXJuYXRpb25hbGVyIFRhdWJlbk1hcmt0IEthc3NlbCwgRGFtYXNjaGtlc3RyYcOfZSA1NSwgMzQxMjEgS2Fzc2VsLCBHZXJtYW55IiwicGxhY2VfaWQiOiJDaElKZDduQnlHYlJ2a2NSb1YyNjFpbEVKMmciLCJzYXRlbGxpdGUiOmZhbHNlLCJjZW50ZXJDb29yZCI6WzUxLjI4Nzg2ODUxOTgxMzI4LDkuNDk0MDkzMDk5OTk5OTk1XSwiY2lkIjoiMHg2ODI3NDQyOWQ2YmE1ZGExIiwibGFuZyI6ImVuIiwiY2l0eVVybCI6Ii9nZXJtYW55L2thc3NlbC0xODgzMCIsImNpdHlBbmNob3JUZXh0IjoiTWFwIG9mIEthc3NlbCwgSGVzc2UsIEdlcm1hbnkiLCJpZCI6Im1hcC05Y2QxOTliOWNjNTQxMGNkM2IxYWQyMWNhYjJlNTRkMyIsImVtYmVkX2lkIjoiOTIxOTg0In07CiAgICAgICAgdmFyIGQgPSBkb2N1bWVudDsKICAgICAgICB2YXIgcyA9IGQuY3JlYXRlRWxlbWVudCgnc2NyaXB0Jyk7CiAgICAgICAgcy5zcmMgPSAnaHR0cHM6Ly8xbWFwLmNvbS9qcy9zY3JpcHQtZm9yLXVzZXIuanM\/ZW1iZWRfaWQ9OTIxOTg0JzsKICAgICAgICBzLmFzeW5jID0gdHJ1ZTsKICAgICAgICBzLm9ubG9hZCA9IGZ1bmN0aW9uIChlKSB7CiAgICAgICAgICB3aW5kb3cuT25lTWFwLmluaXRNYXAoc2V0dGluZykKICAgICAgICB9OwogICAgICAgIHZhciB0byA9IGQuZ2V0RWxlbWVudHNCeVRhZ05hbWUoJ3NjcmlwdCcpWzBdOwogICAgICAgIHRvLnBhcmVudE5vZGUuaW5zZXJ0QmVmb3JlKHMsIHRvKTsKICAgICAgfSkoKTs8L3NjcmlwdD48YSBocmVmPSJodHRwczovLzFtYXAuY29tL21hcC1lbWJlZCI+MSBNYXA8L2E+PC9kaXY+Cg==\"><div class=\"brlbs-cmpnt-cb-preset-b brlbs-cmpnt-cb-google-maps\"> <div class=\"brlbs-cmpnt-cb-thumbnail\" style=\"background-image: url('https:\/\/www.taubenmarkt-kassel.de\/wp-content\/uploads\/borlabs-cookie\/1\/brlbs-cb-google-maps-main.png')\"><\/div> <div class=\"brlbs-cmpnt-cb-main\"> <div class=\"brlbs-cmpnt-cb-content\"> <p class=\"brlbs-cmpnt-cb-description\">Stai visualizzando un contenuto segnaposto da <strong>Google Maps<\/strong>. Per accedere al contenuto effettivo, clicca sul pulsante sottostante. Si prega di notare che in questo modo si condividono i dati con provider di terze parti.<\/p> <a class=\"brlbs-cmpnt-cb-provider-toggle\" href=\"#\" data-borlabs-cookie-show-provider-information role=\"button\">Ulteriori informazioni<\/a> <\/div> <div class=\"brlbs-cmpnt-cb-buttons\"> <a class=\"brlbs-cmpnt-cb-btn\" href=\"#\" data-borlabs-cookie-unblock role=\"button\">Sblocca il contenuto<\/a> <a class=\"brlbs-cmpnt-cb-btn\" href=\"#\" data-borlabs-cookie-accept-service role=\"button\" style=\"display: inherit\">Accetta il servizio richiesto e sblocca i contenuti<\/a> <\/div> <\/div> <\/div><\/div>\n\n\t<div id=\"text-1242837806\" class=\"text hidden\">\n\t\t\n\n<div id=\"wrapper-9cd199b9cc5410cd3b1ad21cab2e54d3\">\n<div id=\"map-9cd199b9cc5410cd3b1ad21cab2e54d3\"><\/div>\n<p><script>(function () {\n        var setting = {\"height\":420,\"width\":1920,\"zoom\":10,\"queryString\":\"Internationaler TaubenMarkt Kassel, Damaschkestra\u00dfe 55, 34121 Kassel, Germany\",\"place_id\":\"ChIJd7nByGbRvkcRoV261ilEJ2g\",\"satellite\":false,\"centerCoord\":[51.28786851981328,9.494093099999995],\"cid\":\"0x68274429d6ba5da1\",\"lang\":\"en\",\"cityUrl\":\"\/germany\/kassel-18830\",\"cityAnchorText\":\"Map of Kassel, Hesse, Germany\",\"id\":\"map-9cd199b9cc5410cd3b1ad21cab2e54d3\",\"embed_id\":\"921984\"};\n        var d = document;\n        var s = d.createElement('script');\n        s.src = 'https:\/\/1map.com\/js\/script-for-user.js?embed_id=921984';\n        s.async = true;\n        s.onload = function (e) {\n          window.OneMap.initMap(setting)\n        };\n        var to = d.getElementsByTagName('script')[0];\n        to.parentNode.insertBefore(s, to);\n      })();<\/script><a href=\"https:\/\/1map.com\/map-embed\" target=\"_blank\" rel=\"noopener\">1 Map<\/a><\/div>\n\t\t\t<\/div>\n\t\n<div class=\"row\"  id=\"row-269951672\">\n\n\n\t<div id=\"col-23380113\" class=\"col small-12 large-12\"  >\n\t\t\t\t<div class=\"col-inner\"  >\n\t\t\t\n\t\t\t\n\n\t<div id=\"gap-846225643\" class=\"gap-element clearfix\" style=\"display:block; height:auto;\">\n\t\t\n<style>\n#gap-846225643 {\n  padding-top: 30px;\n}\n<\/style>\n\t<\/div>\n\t\n\n<div class=\"container section-title-container\" ><h3 class=\"section-title section-title-center\"><b><\/b><span class=\"section-title-main\" >Molte strade vi portano da noi, scegliete la vostra<\/span><b><\/b><\/h3><\/div>\n\n\n\t\t<div class=\"tabbed-content\">\n\t\t\t\n\t\t\t<ul class=\"nav nav-line nav-vertical nav-normal nav-size-normal nav-center\" role=\"tablist\"><li id=\"tab-indirizzo-di-destinazione\" class=\"tab active has-icon\" role=\"presentation\"><a href=\"#tab_indirizzo-di-destinazione\" role=\"tab\" aria-selected=\"true\" aria-controls=\"tab_indirizzo-di-destinazione\"><span>Indirizzo di destinazione<\/span><\/a><\/li>\n<li id=\"tab-da-nord\" class=\"tab has-icon\" role=\"presentation\"><a href=\"#tab_da-nord\" tabindex=\"-1\" role=\"tab\" aria-selected=\"false\" aria-controls=\"tab_da-nord\"><span>da nord<\/span><\/a><\/li>\n<li id=\"tab-da-ovest\" class=\"tab has-icon\" role=\"presentation\"><a href=\"#tab_da-ovest\" tabindex=\"-1\" role=\"tab\" aria-selected=\"false\" aria-controls=\"tab_da-ovest\"><span>da ovest<\/span><\/a><\/li>\n<li id=\"tab-da-sud-ovest\" class=\"tab has-icon\" role=\"presentation\"><a href=\"#tab_da-sud-ovest\" tabindex=\"-1\" role=\"tab\" aria-selected=\"false\" aria-controls=\"tab_da-sud-ovest\"><span>da sud-ovest<\/span><\/a><\/li>\n<li id=\"tab-da-sud\" class=\"tab has-icon\" role=\"presentation\"><a href=\"#tab_da-sud\" tabindex=\"-1\" role=\"tab\" aria-selected=\"false\" aria-controls=\"tab_da-sud\"><span>da sud<\/span><\/a><\/li>\n<li id=\"tab-da-est\" class=\"tab has-icon\" role=\"presentation\"><a href=\"#tab_da-est\" tabindex=\"-1\" role=\"tab\" aria-selected=\"false\" aria-controls=\"tab_da-est\"><span>da est<\/span><\/a><\/li>\n<li id=\"tab-come-arrivare-con-il-treno-ice\" class=\"tab has-icon\" role=\"presentation\"><a href=\"#tab_come-arrivare-con-il-treno-ice\" tabindex=\"-1\" role=\"tab\" aria-selected=\"false\" aria-controls=\"tab_come-arrivare-con-il-treno-ice\"><span>Come arrivare con il treno ICE<\/span><\/a><\/li>\n<li id=\"tab-dalla-stazione-dei-treni\" class=\"tab has-icon\" role=\"presentation\"><a href=\"#tab_dalla-stazione-dei-treni\" tabindex=\"-1\" role=\"tab\" aria-selected=\"false\" aria-controls=\"tab_dalla-stazione-dei-treni\"><span>dalla stazione dei treni<\/span><\/a><\/li><\/ul><div class=\"tab-panels\"><div id=\"tab_indirizzo-di-destinazione\" class=\"panel active entry-content\" role=\"tabpanel\" aria-labelledby=\"tab-indirizzo-di-destinazione\">\n\n<p>Inserite il seguente indirizzo come destinazione sul vostro dispositivo di navigazione:<br \/>\n<strong>34121 Kassel, Damaschkestra\u00dfe 55<\/strong><\/p>\n\n<\/div>\n<div id=\"tab_da-nord\" class=\"panel entry-content\" role=\"tabpanel\" aria-labelledby=\"tab-da-nord\">\n\n<p>Lasciare la A7 a &#8220;Kreuz Kassel-Mitte&#8221; e proseguire sulla A49 in direzione di Marburg. Partenza &#8220;Kassel-Waldau \/Messehallen&#8221;.<\/p>\n\n<\/div>\n<div id=\"tab_da-ovest\" class=\"panel entry-content\" role=\"tabpanel\" aria-labelledby=\"tab-da-ovest\">\n\n<p>Lasciare la A44 al &#8220;Kreuz Kassel-West&#8221; e proseguire sulla A49 in direzione di Kassel-Zentrum, quindi prendere l&#8217;uscita &#8220;Auestadion \/ Messehallen&#8221; e dopo 1.700 m svoltare a destra (tra l&#8217;altro, &#8220;Fuldaauen Parkplatz&#8221;).<\/p>\n\n<\/div>\n<div id=\"tab_da-sud-ovest\" class=\"panel entry-content\" role=\"tabpanel\" aria-labelledby=\"tab-da-sud-ovest\">\n\n<p>Lasciare la A49 prendendo l&#8217;uscita &#8220;Auestadion \/ Messehallen&#8221; e dopo 1.700 m girare a destra (tra l&#8217;altro segnare &#8220;Parkplatz Fuldaauen&#8221;).<\/p>\n\n<\/div>\n<div id=\"tab_da-sud\" class=\"panel entry-content\" role=\"tabpanel\" aria-labelledby=\"tab-da-sud\">\n\n<p>Lasciare la A7 a &#8220;Kreuz Kassel-Mitte&#8221; e proseguire sulla A49 in direzione di Marburg. Partenza &#8220;Kassel-Waldau \/Messehallen\u201c.<\/p>\n\n<\/div>\n<div id=\"tab_da-est\" class=\"panel entry-content\" role=\"tabpanel\" aria-labelledby=\"tab-da-est\">\n\n<p>Sulla B7 in direzione Kassel, prendere l&#8217;uscita &#8220;Kassel-Ost&#8221; e proseguire sulla A7 in direzione Francoforte \/ W\u00fcrzburg. Lasciare la A7 a &#8220;Kreuz Kassel-Mitte&#8221; e proseguire sulla A49 in direzione di Marburg. Uscita &#8220;Kassel-Waldau \/ Messehallen\u201c.<\/p>\n\n<\/div>\n<div id=\"tab_come-arrivare-con-il-treno-ice\" class=\"panel entry-content\" role=\"tabpanel\" aria-labelledby=\"tab-come-arrivare-con-il-treno-ice\">\n\n<p>Prendere la linea 1, 3 o 7 del tram fino alla fermata Kirchweg &#8211; cambiare con la linea 25 dell&#8217;autobus fino alla fermata Messehallen.<\/p>\n\n<\/div>\n<div id=\"tab_dalla-stazione-dei-treni\" class=\"panel entry-content\" role=\"tabpanel\" aria-labelledby=\"tab-dalla-stazione-dei-treni\">\n\n<p>Prendere l&#8217;RT3 (RT5 temporaneamente) fino alla fermata di Auestadion &#8211; dopo prendere la linea 25 dell&#8217;autobus per scendere alla fermata di Messehallen<\/p>\n<p>&nbsp;<\/p>\n<p><strong>o<\/strong><\/p>\n<p>&nbsp;<\/p>\n<p>con una delle linee di autobus elencate &#8211; fermata K\u00f6nigsplatz \/ Mauerstra\u00dfe &#8211; 2 minuti a piedi fino a K\u00f6nigsplatz &#8211; da l\u00ec prendere la linea 5, 6 o 9 del tram &#8211; fermata Auestadion &#8211; cambiare con la linea 25 dell&#8217;autobus fino alla fermata delle hall.<\/p>\n\n<\/div><\/div><\/div>\n\n\t\t<\/div>\n\t\t\t\t\t<\/div>\n\n\t\n\n<\/div>\n\t<div id=\"gap-217524665\" class=\"gap-element clearfix\" style=\"display:block; height:auto;\">\n\t\t\n<style>\n#gap-217524665 {\n  padding-top: 30px;\n}\n<\/style>\n\t<\/div>\n\t\n\n<div class=\"row\"  id=\"row-1638345445\">\n\n\n\t<div id=\"col-793575294\" class=\"col small-12 large-12\"  >\n\t\t\t\t<div class=\"col-inner text-center\"  >\n\t\t\t\n\t\t\t\n\n\t<div class=\"img has-hover x md-x lg-x y md-y lg-y\" id=\"image_465269322\">\n\t\t\t\t\t\t\t\t<div class=\"img-inner dark\" >\n\t\t\t<img loading=\"lazy\" decoding=\"async\" width=\"990\" height=\"325\" src=\"https:\/\/www.taubenmarkt-kassel.de\/wp-content\/uploads\/2017\/11\/itm_logo-2.png\" class=\"attachment-large size-large\" alt=\"\" srcset=\"https:\/\/www.taubenmarkt-kassel.de\/wp-content\/uploads\/2017\/11\/itm_logo-2.png 990w, https:\/\/www.taubenmarkt-kassel.de\/wp-content\/uploads\/2017\/11\/itm_logo-2-300x98.png 300w, https:\/\/www.taubenmarkt-kassel.de\/wp-content\/uploads\/2017\/11\/itm_logo-2-768x252.png 768w\" sizes=\"auto, (max-width: 990px) 100vw, 990px\" \/>\t\t\t\t\t\t\n\t\t\t\t\t<\/div>\n\t\t\t\t\t\t\t\t\n<style>\n#image_465269322 {\n  width: 25%;\n}\n<\/style>\n\t<\/div>\n\t\n\n\n\t\t<\/div>\n\t\t\t\t\t<\/div>\n\n\t\n\n<\/div>\n\t<div id=\"gap-1229931620\" class=\"gap-element clearfix\" style=\"display:block; height:auto;\">\n\t\t\n<style>\n#gap-1229931620 {\n  padding-top: 30px;\n}\n<\/style>\n\t<\/div>\n\t\n\n\t<section class=\"section dark\" id=\"section_1679947833\">\n\t\t<div class=\"bg section-bg fill bg-fill  bg-loaded\" >\n\n\t\t\t\n\t\t\t\n\t\t\t\n\n\t\t<\/div>\n\n\t\t\n\n\t\t<div class=\"section-content relative\">\n\t\t\t\n\n<h1 style=\"text-align: center;\">&#8220;Intorno alla fiera troverete sufficienti parcheggi gratuiti&#8221;<\/h1>\n\n\t\t<\/div>\n\n\t\t\n<style>\n#section_1679947833 {\n  padding-top: 50px;\n  padding-bottom: 50px;\n  background-color: #D22511;\n}\n#section_1679947833 .ux-shape-divider--top svg {\n  height: 150px;\n  --divider-top-width: 100%;\n}\n#section_1679947833 .ux-shape-divider--bottom svg {\n  height: 150px;\n  --divider-width: 100%;\n}\n<\/style>\n\t<\/section>\n\t\n<div class=\"row row-full-width\"  id=\"row-364861819\">\n\n\n<\/div>\n\t<div id=\"gap-500893003\" class=\"gap-element clearfix\" style=\"display:block; height:auto;\">\n\t\t\n<style>\n#gap-500893003 {\n  padding-top: 30px;\n}\n<\/style>\n\t<\/div>\n\t\n\n<div class=\"row\"  id=\"row-1343403841\">\n\n\n\t<div id=\"col-1380966898\" class=\"col small-12 large-12\"  >\n\t\t\t\t<div class=\"col-inner\"  >\n\t\t\t\n\t\t\t\n\n<div class=\"row\"  id=\"row-1044655122\">\n\n\n\t<div id=\"col-933074683\" class=\"col medium-2 small-12 large-2\"  >\n\t\t\t\t<div class=\"col-inner\"  >\n\t\t\t\n\t\t\t\n\n\n\t\t<\/div>\n\t\t\t\t\t<\/div>\n\n\t\n\n\t<div id=\"col-838329985\" class=\"col medium-8 small-12 large-8\"  >\n\t\t\t\t<div class=\"col-inner\"  >\n\t\t\t\n\t\t\t\n\n<p>\u2022 Gli autobus possono raggiungere i padiglioni fieristici e parcheggiare al parcheggio D.<br \/>\n\u2022 Gli autobus devono prendere l&#8217;uscita Kassel-Waldau.<br \/>\n\u2022 Se il parcheggio D \u00e8 occupato, gli autobus vuoti possono parcheggiare sull&#8217;Auedamm.<br \/>\n\u2022 Il ponte sul Fulda \u00e8 ancora chiuso a tutti i veicoli oltre le 12 tonnellate.<\/p>\n\n\t\t<\/div>\n\t\t\t\t\t<\/div>\n\n\t\n\n<\/div>\n<p><center>Nota: gli autobus e le associazioni ordinano i biglietti in anticipo dall&#8217;organizzatore.<\/p>\n<p>In questo modo si evitano i tempi di attesa alle casse. <\/center><\/p>\n\n\t\t<\/div>\n\t\t\t\t\t<\/div>\n\n\t\n\n\t<div id=\"col-3126507\" class=\"col small-12 large-12\"  >\n\t\t\t\t<div class=\"col-inner text-center\"  >\n\t\t\t\n\t\t\t\n\n<div class=\"row align-center\"  id=\"row-1698975293\">\n\n\n\t<div id=\"col-1252604135\" class=\"col medium-1 small-12 large-1\"  >\n\t\t\t\t<div class=\"col-inner\"  >\n\t\t\t\n\t\t\t\n\n\n\t\t<\/div>\n\t\t\t\t\t<\/div>\n\n\t\n\n\t<div id=\"col-1170027732\" class=\"col medium-3 small-12 large-3\"  >\n\t\t\t\t<div class=\"col-inner\"  >\n\t\t\t\n\t\t\t\n\n\t<div id=\"gap-854600745\" class=\"gap-element clearfix\" style=\"display:block; height:auto;\">\n\t\t\n<style>\n#gap-854600745 {\n  padding-top: 40px;\n}\n<\/style>\n\t<\/div>\n\t\n\n<p style=\"text-align: right;\">Siamo felici di fornirvi assistenza sulla pianificazione della vostra visita alla fiera.<\/p>\n\n\t\t<\/div>\n\t\t\t\t\t<\/div>\n\n\t\n\n\t<div id=\"col-1109317431\" class=\"col medium-6 small-12 large-6\"  >\n\t\t\t\t<div class=\"col-inner text-center\"  >\n\t\t\t\n\t\t\t\n\n<blockquote>\n<p>\u00a0<\/p>\n<table border=\"0\" width=\"400\" cellspacing=\"1\" cellpadding=\"1\">\n<tbody>\n<tr>\n<td class=\"tabellentext\" width=\"70\">Telefono<\/td>\n<td class=\"tabellentext\" width=\"323\">+49-2268-1591<\/td>\n<\/tr>\n<tr>\n<td class=\"tabellentext\">eMail<\/td>\n<td class=\"tabellentext\">info@taubenmarkt-kassel.de<\/td>\n<\/tr>\n<\/tbody>\n<\/table>\n<p>\u00a0<\/p>\n<\/blockquote>\n\n\n\t\t<\/div>\n\t\t\t\t\t<\/div>\n\n\t\n\n<\/div>\n\n\t\t<\/div>\n\t\t\t\t\t<\/div>\n\n\t\n\n<\/div>\n<div class=\"container section-title-container\" ><h3 class=\"section-title section-title-center\"><b><\/b><span class=\"section-title-main\" >Siamo felici di darvi il benvenuto!<\/span><b><\/b><\/h3><\/div>\n\n\n","protected":false},"excerpt":{"rendered":"","protected":false},"author":5,"featured_media":0,"parent":0,"menu_order":0,"comment_status":"closed","ping_status":"closed","template":"page-blank.php","meta":{"footnotes":""},"class_list":["post-893","page","type-page","status-publish","hentry"],"_links":{"self":[{"href":"https:\/\/www.taubenmarkt-kassel.de\/it\/wp-json\/wp\/v2\/pages\/893","targetHints":{"allow":["GET"]}}],"collection":[{"href":"https:\/\/www.taubenmarkt-kassel.de\/it\/wp-json\/wp\/v2\/pages"}],"about":[{"href":"https:\/\/www.taubenmarkt-kassel.de\/it\/wp-json\/wp\/v2\/types\/page"}],"author":[{"embeddable":true,"href":"https:\/\/www.taubenmarkt-kassel.de\/it\/wp-json\/wp\/v2\/users\/5"}],"replies":[{"embeddable":true,"href":"https:\/\/www.taubenmarkt-kassel.de\/it\/wp-json\/wp\/v2\/comments?post=893"}],"version-history":[{"count":5,"href":"https:\/\/www.taubenmarkt-kassel.de\/it\/wp-json\/wp\/v2\/pages\/893\/revisions"}],"predecessor-version":[{"id":31850,"href":"https:\/\/www.taubenmarkt-kassel.de\/it\/wp-json\/wp\/v2\/pages\/893\/revisions\/31850"}],"wp:attachment":[{"href":"https:\/\/www.taubenmarkt-kassel.de\/it\/wp-json\/wp\/v2\/media?parent=893"}],"curies":[{"name":"wp","href":"https:\/\/api.w.org\/{rel}","templated":true}]}}