{"id":849,"date":"2017-12-01T19:33:32","date_gmt":"2017-12-01T18:33:32","guid":{"rendered":"http:\/\/6.myplusone.de\/?page_id=849"},"modified":"2026-01-08T18:44:27","modified_gmt":"2026-01-08T17:44:27","slug":"trajet","status":"publish","type":"page","link":"https:\/\/www.taubenmarkt-kassel.de\/fr\/trajet\/","title":{"rendered":"Trajet"},"content":{"rendered":"\n\n  <div class=\"banner has-hover\" id=\"banner-541032468\">\n          <div class=\"banner-inner fill\">\n        <div class=\"banner-bg fill\" >\n            <div class=\"bg fill bg-fill \"><\/div>\n                                    \n                    <\/div>\n\t\t\n        <div class=\"banner-layers container\">\n            <div class=\"fill banner-link\"><\/div>            \n\n\t<div class=\"img has-hover x50 md-x50 lg-x50 y20 md-y20 lg-y20\" id=\"image_1049285951\">\n\t\t\t\t\t\t\t\t<div class=\"img-inner dark\" >\n\t\t\t<img loading=\"lazy\" decoding=\"async\" width=\"111\" height=\"112\" src=\"https:\/\/www.taubenmarkt-kassel.de\/wp-content\/uploads\/2017\/11\/logo-messe-kassel.png\" class=\"attachment-large size-large\" alt=\"\" \/>\t\t\t\t\t\t\n\t\t\t\t\t<\/div>\n\t\t\t\t\t\t\t\t\n<style>\n#image_1049285951 {\n  width: 10%;\n}\n<\/style>\n\t<\/div>\n\t\n\n   <div id=\"text-box-1807900154\" class=\"text-box banner-layer x50 md-x50 lg-x50 y85 md-y85 lg-y85 res-text\">\n                                <div class=\"text-box-content text \">\n              \n              <div class=\"text-inner text-center\">\n                  \n\n<h3><strong>Messe Kassel<\/strong><\/h3>\n<h4>Damaschkestrasse 55, 34121 Kassel<\/h4>\n\n              <\/div>\n           <\/div>\n                            \n<style>\n#text-box-1807900154 {\n  width: 49%;\n}\n#text-box-1807900154 .text-box-content {\n  font-size: 100%;\n}\n<\/style>\n    <\/div>\n \n\n        <\/div>\n      <\/div>\n\n            \n<style>\n#banner-541032468 {\n  padding-top: 350px;\n  background-color: rgb(255,255,255);\n}\n#banner-541032468 .ux-shape-divider--top svg {\n  height: 150px;\n  --divider-top-width: 100%;\n}\n#banner-541032468 .ux-shape-divider--bottom svg {\n  height: 150px;\n  --divider-width: 100%;\n}\n<\/style>\n  <\/div>\n\n\n\n\n <div class=\"brlbs-cmpnt-container brlbs-cmpnt-content-blocker brlbs-cmpnt-with-individual-styles\" data-borlabs-cookie-content-blocker-id=\"google-maps\" data-borlabs-cookie-content=\"CjxkaXYgaWQ9IndyYXBwZXItOWNkMTk5YjljYzU0MTBjZDNiMWFkMjFjYWIyZTU0ZDMiPgo8ZGl2IGlkPSJtYXAtOWNkMTk5YjljYzU0MTBjZDNiMWFkMjFjYWIyZTU0ZDMiPjwvZGl2Pgo8cD48c2NyaXB0PihmdW5jdGlvbiAoKSB7CiAgICAgICAgdmFyIHNldHRpbmcgPSB7ImhlaWdodCI6NDIwLCJ3aWR0aCI6MTkyMCwiem9vbSI6MTAsInF1ZXJ5U3RyaW5nIjoiSW50ZXJuYXRpb25hbGVyIFRhdWJlbk1hcmt0IEthc3NlbCwgRGFtYXNjaGtlc3RyYcOfZSA1NSwgMzQxMjEgS2Fzc2VsLCBHZXJtYW55IiwicGxhY2VfaWQiOiJDaElKZDduQnlHYlJ2a2NSb1YyNjFpbEVKMmciLCJzYXRlbGxpdGUiOmZhbHNlLCJjZW50ZXJDb29yZCI6WzUxLjI4Nzg2ODUxOTgxMzI4LDkuNDk0MDkzMDk5OTk5OTk1XSwiY2lkIjoiMHg2ODI3NDQyOWQ2YmE1ZGExIiwibGFuZyI6ImVuIiwiY2l0eVVybCI6Ii9nZXJtYW55L2thc3NlbC0xODgzMCIsImNpdHlBbmNob3JUZXh0IjoiTWFwIG9mIEthc3NlbCwgSGVzc2UsIEdlcm1hbnkiLCJpZCI6Im1hcC05Y2QxOTliOWNjNTQxMGNkM2IxYWQyMWNhYjJlNTRkMyIsImVtYmVkX2lkIjoiOTIxOTg0In07CiAgICAgICAgdmFyIGQgPSBkb2N1bWVudDsKICAgICAgICB2YXIgcyA9IGQuY3JlYXRlRWxlbWVudCgnc2NyaXB0Jyk7CiAgICAgICAgcy5zcmMgPSAnaHR0cHM6Ly8xbWFwLmNvbS9qcy9zY3JpcHQtZm9yLXVzZXIuanM\/ZW1iZWRfaWQ9OTIxOTg0JzsKICAgICAgICBzLmFzeW5jID0gdHJ1ZTsKICAgICAgICBzLm9ubG9hZCA9IGZ1bmN0aW9uIChlKSB7CiAgICAgICAgICB3aW5kb3cuT25lTWFwLmluaXRNYXAoc2V0dGluZykKICAgICAgICB9OwogICAgICAgIHZhciB0byA9IGQuZ2V0RWxlbWVudHNCeVRhZ05hbWUoJ3NjcmlwdCcpWzBdOwogICAgICAgIHRvLnBhcmVudE5vZGUuaW5zZXJ0QmVmb3JlKHMsIHRvKTsKICAgICAgfSkoKTs8L3NjcmlwdD48YSBocmVmPSJodHRwczovLzFtYXAuY29tL21hcC1lbWJlZCI+MSBNYXA8L2E+PC9kaXY+Cg==\"><div class=\"brlbs-cmpnt-cb-preset-b brlbs-cmpnt-cb-google-maps\"> <div class=\"brlbs-cmpnt-cb-thumbnail\" style=\"background-image: url('https:\/\/www.taubenmarkt-kassel.de\/wp-content\/uploads\/borlabs-cookie\/1\/brlbs-cb-google-maps-main.png')\"><\/div> <div class=\"brlbs-cmpnt-cb-main\"> <div class=\"brlbs-cmpnt-cb-content\"> <p class=\"brlbs-cmpnt-cb-description\">Vous \u00eates actuellement en train de consulter le contenu d'un espace r\u00e9serv\u00e9 de <strong>Google Maps<\/strong>. Pour acc\u00e9der au contenu r\u00e9el, cliquez sur le bouton ci-dessous. Veuillez noter que ce faisant, des donn\u00e9es seront partag\u00e9es avec des providers tiers.<\/p> <a class=\"brlbs-cmpnt-cb-provider-toggle\" href=\"#\" data-borlabs-cookie-show-provider-information role=\"button\">Plus d'informations<\/a> <\/div> <div class=\"brlbs-cmpnt-cb-buttons\"> <a class=\"brlbs-cmpnt-cb-btn\" href=\"#\" data-borlabs-cookie-unblock role=\"button\">D\u00e9bloquer le contenu<\/a> <a class=\"brlbs-cmpnt-cb-btn\" href=\"#\" data-borlabs-cookie-accept-service role=\"button\" style=\"display: inherit\">Accepter le service requis et d\u00e9bloquer les contenus<\/a> <\/div> <\/div> <\/div><\/div>\n\n\t<div id=\"text-2680465835\" class=\"text hidden\">\n\t\t\n\n<div id=\"wrapper-9cd199b9cc5410cd3b1ad21cab2e54d3\">\n<div id=\"map-9cd199b9cc5410cd3b1ad21cab2e54d3\"><\/div>\n<p><script>(function () {\n        var setting = {\"height\":420,\"width\":1920,\"zoom\":10,\"queryString\":\"Internationaler TaubenMarkt Kassel, Damaschkestra\u00dfe 55, 34121 Kassel, Germany\",\"place_id\":\"ChIJd7nByGbRvkcRoV261ilEJ2g\",\"satellite\":false,\"centerCoord\":[51.28786851981328,9.494093099999995],\"cid\":\"0x68274429d6ba5da1\",\"lang\":\"en\",\"cityUrl\":\"\/germany\/kassel-18830\",\"cityAnchorText\":\"Map of Kassel, Hesse, Germany\",\"id\":\"map-9cd199b9cc5410cd3b1ad21cab2e54d3\",\"embed_id\":\"921984\"};\n        var d = document;\n        var s = d.createElement('script');\n        s.src = 'https:\/\/1map.com\/js\/script-for-user.js?embed_id=921984';\n        s.async = true;\n        s.onload = function (e) {\n          window.OneMap.initMap(setting)\n        };\n        var to = d.getElementsByTagName('script')[0];\n        to.parentNode.insertBefore(s, to);\n      })();<\/script><a href=\"https:\/\/1map.com\/map-embed\" target=\"_blank\" rel=\"noopener\">1 Map<\/a><\/div>\n\t\t\t<\/div>\n\t\n<div class=\"row\"  id=\"row-1800100002\">\n\n\n\t<div id=\"col-696516213\" class=\"col small-12 large-12\"  >\n\t\t\t\t<div class=\"col-inner\"  >\n\t\t\t\n\t\t\t\n\n\t<div id=\"gap-1505512347\" class=\"gap-element clearfix\" style=\"display:block; height:auto;\">\n\t\t\n<style>\n#gap-1505512347 {\n  padding-top: 30px;\n}\n<\/style>\n\t<\/div>\n\t\n\n<div class=\"container section-title-container\" ><h3 class=\"section-title section-title-center\"><b><\/b><span class=\"section-title-main\" >Beaucoup de diff\u00e9rentes routes vous m\u00e8neront jusqu'\u00e0 nous, trouvez la votre<\/span><b><\/b><\/h3><\/div>\n\n\n\t\t<div class=\"tabbed-content\">\n\t\t\t\n\t\t\t<ul class=\"nav nav-line nav-vertical nav-normal nav-size-normal nav-center\" role=\"tablist\"><li id=\"tab-adresse\" class=\"tab active has-icon\" role=\"presentation\"><a href=\"#tab_adresse\" role=\"tab\" aria-selected=\"true\" aria-controls=\"tab_adresse\"><span>Adresse<\/span><\/a><\/li>\n<li id=\"tab-\u00e0-partir-du-nord\" class=\"tab has-icon\" role=\"presentation\"><a href=\"#tab_\u00e0-partir-du-nord\" tabindex=\"-1\" role=\"tab\" aria-selected=\"false\" aria-controls=\"tab_\u00e0-partir-du-nord\"><span>\u00e0 partir du nord<\/span><\/a><\/li>\n<li id=\"tab-de-l'ouest\" class=\"tab has-icon\" role=\"presentation\"><a href=\"#tab_de-l'ouest\" tabindex=\"-1\" role=\"tab\" aria-selected=\"false\" aria-controls=\"tab_de-l'ouest\"><span>de l'ouest<\/span><\/a><\/li>\n<li id=\"tab-du-sud-ouest\" class=\"tab has-icon\" role=\"presentation\"><a href=\"#tab_du-sud-ouest\" tabindex=\"-1\" role=\"tab\" aria-selected=\"false\" aria-controls=\"tab_du-sud-ouest\"><span>du sud-ouest<\/span><\/a><\/li>\n<li id=\"tab-du-sud\" class=\"tab has-icon\" role=\"presentation\"><a href=\"#tab_du-sud\" tabindex=\"-1\" role=\"tab\" aria-selected=\"false\" aria-controls=\"tab_du-sud\"><span>du sud<\/span><\/a><\/li>\n<li id=\"tab-de-l'est\" class=\"tab has-icon\" role=\"presentation\"><a href=\"#tab_de-l'est\" tabindex=\"-1\" role=\"tab\" aria-selected=\"false\" aria-controls=\"tab_de-l'est\"><span>de l'est<\/span><\/a><\/li>\n<li id=\"tab-venir-avec-l'ice\" class=\"tab has-icon\" role=\"presentation\"><a href=\"#tab_venir-avec-l'ice\" tabindex=\"-1\" role=\"tab\" aria-selected=\"false\" aria-controls=\"tab_venir-avec-l'ice\"><span>Venir avec l'ICE<\/span><\/a><\/li>\n<li id=\"tab-de-la-gare-centrale\" class=\"tab has-icon\" role=\"presentation\"><a href=\"#tab_de-la-gare-centrale\" tabindex=\"-1\" role=\"tab\" aria-selected=\"false\" aria-controls=\"tab_de-la-gare-centrale\"><span>de la gare centrale<\/span><\/a><\/li><\/ul><div class=\"tab-panels\"><div id=\"tab_adresse\" class=\"panel active entry-content\" role=\"tabpanel\" aria-labelledby=\"tab-adresse\">\n\n<p>Veuillez entrer l&rsquo;adresse suivante dans votre GPS :<br \/>\n<strong>34121 Kassel, Damaschkestra\u00dfe 55<\/strong><\/p>\n\n<\/div>\n<div id=\"tab_\u00e0-partir-du-nord\" class=\"panel entry-content\" role=\"tabpanel\" aria-labelledby=\"tab-\u00e0-partir-du-nord\">\n\n<p>De l&rsquo;A7, \u00e0 \u201eKreuz Kassel-Mitte\u201c, dirigez-vous vers l&rsquo;A49 en direction de Margurg. Sortie \u201eKassel-Waldau \/ Messehallen\u201c.<\/p>\n\n<\/div>\n<div id=\"tab_de-l'ouest\" class=\"panel entry-content\" role=\"tabpanel\" aria-labelledby=\"tab-de-l'ouest\">\n\n<p>De l&rsquo;A44 \u00e0 \u201eKreuz Kassel-West\u201c, dirigez-vous vers l&rsquo;A 49 en direction de Kassel-Zentrum, puis prenez la sortie \u201eAuestadion \/ Messehallen\u201cet tournez \u00e0 droite apr\u00e8s 1 700 m (Schild Parkplatz Fuldaauen).<\/p>\n\n<\/div>\n<div id=\"tab_du-sud-ouest\" class=\"panel entry-content\" role=\"tabpanel\" aria-labelledby=\"tab-du-sud-ouest\">\n\n<p>De l&rsquo;A49, prenez la sortie \u201eAuestadion \/ Messehallen\u201c et tournez \u00e0 droite apr\u00e8s 1.700 m (Schild Parkplatz Fuldaauen).<\/p>\n\n<\/div>\n<div id=\"tab_du-sud\" class=\"panel entry-content\" role=\"tabpanel\" aria-labelledby=\"tab-du-sud\">\n\n<p>De l&rsquo;A7, \u00e0 \u201eKreuz Kassel-Mitte\u201c prenez l&rsquo;A49 en direction de Marburg. Sortie \u201eKassel-Waldau \/ Messehallen\u201c.<\/p>\n\n<\/div>\n<div id=\"tab_de-l'est\" class=\"panel entry-content\" role=\"tabpanel\" aria-labelledby=\"tab-de-l'est\">\n\n<p>Sur la B7 en direction de Kassel, prenez l&rsquo;entr\u00e9e \u201eKassel-Ost\u201c sur l&rsquo;A7 en direction de Frankfurt \/ W\u00fcrzburg. De l&rsquo;A7, \u00e0 \u201eKreuz Kassel-Mitte\u201c prenez l&rsquo;A49 en direction de Marburg. Sortie \u201eKassel-Waldau \/ Messehallen\u201c.<\/p>\n\n<\/div>\n<div id=\"tab_venir-avec-l'ice\" class=\"panel entry-content\" role=\"tabpanel\" aria-labelledby=\"tab-venir-avec-l'ice\">\n\n<p>Prenez les lignes de tram 1, 3 ou 7 jusqu&rsquo;\u00e0 l&rsquo;arr\u00eat \u00ab\u00a0Kirchweg\u00a0\u00bb \u2013 montez dans le bus 25 jusqu&rsquo;\u00e0 l&rsquo;arr\u00eat \u00ab\u00a0Messehallen\u00a0\u00bb.<\/p>\n\n<\/div>\n<div id=\"tab_de-la-gare-centrale\" class=\"panel entry-content\" role=\"tabpanel\" aria-labelledby=\"tab-de-la-gare-centrale\">\n\n<p>Prenez le RT3 ( ou le RT5) jusqu&rsquo;\u00e0 l&rsquo;arr\u00eat \u00ab\u00a0Auestadion\u00a0\u00bb \u2013 montez dans le bus 25 jusqu&rsquo;\u00e0 l&rsquo;arr\u00eat \u00a0\u00bb Messehallen\u00a0\u00bb<\/p>\n<p>&nbsp;<\/p>\n<p><strong>ou<\/strong><\/p>\n<p>&nbsp;<\/p>\n<p>Prenez les bus mentionn\u00e9s pr\u00e9c\u00e9demment jusqu&rsquo;\u00e0 l&rsquo;arr\u00eat \u00ab\u00a0K\u00f6nigsplatz \/ Mauerstra\u00dfe\u00a0\u00bb \u2013 marchez 2 min jusqu&rsquo;\u00e0 \u00ab\u00a0K\u00f6nigsplatz\u00a0\u00bb \u2013 \u00e0 partir de l\u00e0, prenez les lignes de tram 5, 6 ou 9 jusqu&rsquo;\u00e0 l&rsquo;arr\u00eat \u00ab\u00a0Auestadion\u00a0\u00bb \u2013 montez dans le bus 25 jusqu&rsquo;\u00e0 l&rsquo;arr\u00eat \u00ab\u00a0Messehallen\u00a0\u00bb.<\/p>\n\n<\/div><\/div><\/div>\n\n\t\t<\/div>\n\t\t\t\t\t<\/div>\n\n\t\n\n<\/div>\n\t<div id=\"gap-464165155\" class=\"gap-element clearfix\" style=\"display:block; height:auto;\">\n\t\t\n<style>\n#gap-464165155 {\n  padding-top: 30px;\n}\n<\/style>\n\t<\/div>\n\t\n\n<div class=\"row\"  id=\"row-836208302\">\n\n\n\t<div id=\"col-1506160754\" class=\"col small-12 large-12\"  >\n\t\t\t\t<div class=\"col-inner text-center\"  >\n\t\t\t\n\t\t\t\n\n\t<div class=\"img has-hover x md-x lg-x y md-y lg-y\" id=\"image_1371621932\">\n\t\t\t\t\t\t\t\t<div class=\"img-inner dark\" >\n\t\t\t<img loading=\"lazy\" decoding=\"async\" width=\"990\" height=\"325\" src=\"https:\/\/www.taubenmarkt-kassel.de\/wp-content\/uploads\/2017\/11\/itm_logo-2.png\" class=\"attachment-large size-large\" alt=\"\" srcset=\"https:\/\/www.taubenmarkt-kassel.de\/wp-content\/uploads\/2017\/11\/itm_logo-2.png 990w, https:\/\/www.taubenmarkt-kassel.de\/wp-content\/uploads\/2017\/11\/itm_logo-2-300x98.png 300w, https:\/\/www.taubenmarkt-kassel.de\/wp-content\/uploads\/2017\/11\/itm_logo-2-768x252.png 768w\" sizes=\"auto, (max-width: 990px) 100vw, 990px\" \/>\t\t\t\t\t\t\n\t\t\t\t\t<\/div>\n\t\t\t\t\t\t\t\t\n<style>\n#image_1371621932 {\n  width: 25%;\n}\n<\/style>\n\t<\/div>\n\t\n\n\n\t\t<\/div>\n\t\t\t\t\t<\/div>\n\n\t\n\n<\/div>\n\t<div id=\"gap-1724130791\" class=\"gap-element clearfix\" style=\"display:block; height:auto;\">\n\t\t\n<style>\n#gap-1724130791 {\n  padding-top: 30px;\n}\n<\/style>\n\t<\/div>\n\t\n\n\t<section class=\"section dark\" id=\"section_1806020007\">\n\t\t<div class=\"bg section-bg fill bg-fill  bg-loaded\" >\n\n\t\t\t\n\t\t\t\n\t\t\t\n\n\t\t<\/div>\n\n\t\t\n\n\t\t<div class=\"section-content relative\">\n\t\t\t\n\n<h1 style=\"text-align: center;\">Vous trouverez des places de parking gratuites tout autour du parc d&rsquo;exposition.<\/h1>\n\n\t\t<\/div>\n\n\t\t\n<style>\n#section_1806020007 {\n  padding-top: 50px;\n  padding-bottom: 50px;\n  background-color: #D22511;\n}\n#section_1806020007 .ux-shape-divider--top svg {\n  height: 150px;\n  --divider-top-width: 100%;\n}\n#section_1806020007 .ux-shape-divider--bottom svg {\n  height: 150px;\n  --divider-width: 100%;\n}\n<\/style>\n\t<\/section>\n\t\n<div class=\"row row-full-width\"  id=\"row-1804114099\">\n\n\n<\/div>\n\t<div id=\"gap-666352783\" class=\"gap-element clearfix\" style=\"display:block; height:auto;\">\n\t\t\n<style>\n#gap-666352783 {\n  padding-top: 30px;\n}\n<\/style>\n\t<\/div>\n\t\n\n<div class=\"row\"  id=\"row-741245831\">\n\n\n\t<div id=\"col-821890911\" class=\"col small-12 large-12\"  >\n\t\t\t\t<div class=\"col-inner\"  >\n\t\t\t\n\t\t\t\n\n<div class=\"row\"  id=\"row-67719008\">\n\n\n\t<div id=\"col-305121634\" class=\"col medium-2 small-12 large-2\"  >\n\t\t\t\t<div class=\"col-inner\"  >\n\t\t\t\n\t\t\t\n\n\n\t\t<\/div>\n\t\t\t\t\t<\/div>\n\n\t\n\n\t<div id=\"col-936221869\" class=\"col medium-8 small-12 large-8\"  >\n\t\t\t\t<div class=\"col-inner\"  >\n\t\t\t\n\t\t\t\n\n<p>\u2022 Les bus peuvent rouler jusque devant les halles d&rsquo;exposition et se garer sur le parking D.<br \/>\n\u2022 Les bus prennent la direction Kassel-Waldau.<br \/>\n\u2022 Si le parking D est plein, les bus vides peuvent aussi se garer plus loin sur le Auedamm.<br \/>\n\u2022 Les ponts de Fulda est, comme auparavant, ferm\u00e9 pour les v\u00e9hicules de plus de 12 tonnes.<\/p>\n\n\t\t<\/div>\n\t\t\t\t\t<\/div>\n\n\t\n\n<\/div>\n<p><center>Remarque : Les bus et les associations commandent les entr\u00e9es en vente anticip\u00e9e chez l\u2019organisateur.<\/p>\n<p>Ceci permet d\u2019\u00e9viter des temps d\u2019attente aux caisses.<\/center><\/p>\n\n\t\t<\/div>\n\t\t\t\t\t<\/div>\n\n\t\n\n\t<div id=\"col-1464814564\" class=\"col small-12 large-12\"  >\n\t\t\t\t<div class=\"col-inner text-center\"  >\n\t\t\t\n\t\t\t\n\n<div class=\"row align-center\"  id=\"row-1567345173\">\n\n\n\t<div id=\"col-2125955939\" class=\"col medium-1 small-12 large-1\"  >\n\t\t\t\t<div class=\"col-inner\"  >\n\t\t\t\n\t\t\t\n\n\n\t\t<\/div>\n\t\t\t\t\t<\/div>\n\n\t\n\n\t<div id=\"col-2049701057\" class=\"col medium-3 small-12 large-3\"  >\n\t\t\t\t<div class=\"col-inner\"  >\n\t\t\t\n\t\t\t\n\n\t<div id=\"gap-1956662646\" class=\"gap-element clearfix\" style=\"display:block; height:auto;\">\n\t\t\n<style>\n#gap-1956662646 {\n  padding-top: 40px;\n}\n<\/style>\n\t<\/div>\n\t\n\n<p style=\"text-align: right;\">Nous vous accompagnons volontiers dans votre planification pour la visite de la foire.<\/p>\n\n\t\t<\/div>\n\t\t\t\t\t<\/div>\n\n\t\n\n\t<div id=\"col-300855049\" class=\"col medium-6 small-12 large-6\"  >\n\t\t\t\t<div class=\"col-inner text-center\"  >\n\t\t\t\n\t\t\t\n\n<blockquote>\n<p>\u00a0<\/p>\n<table border=\"0\" width=\"400\" cellspacing=\"1\" cellpadding=\"1\">\n<tbody>\n<tr>\n<td class=\"tabellentext\" width=\"70\">Telefon<\/td>\n<td class=\"tabellentext\" width=\"323\">+49-2268-1591<\/td>\n<\/tr>\n<tr>\n<td class=\"tabellentext\">eMail<\/td>\n<td class=\"tabellentext\">info@taubenmarkt-kassel.de<\/td>\n<\/tr>\n<\/tbody>\n<\/table>\n<p>\u00a0<\/p>\n<\/blockquote>\n\n\n\t\t<\/div>\n\t\t\t\t\t<\/div>\n\n\t\n\n<\/div>\n\n\t\t<\/div>\n\t\t\t\t\t<\/div>\n\n\t\n\n<\/div>\n<div class=\"container section-title-container\" ><h3 class=\"section-title section-title-center\"><b><\/b><span class=\"section-title-main\" >Nous nous r\u00e9jouissons de vous accueillir !<\/span><b><\/b><\/h3><\/div>\n\n\n","protected":false},"excerpt":{"rendered":"","protected":false},"author":5,"featured_media":0,"parent":0,"menu_order":0,"comment_status":"closed","ping_status":"closed","template":"page-blank.php","meta":{"footnotes":""},"class_list":["post-849","page","type-page","status-publish","hentry"],"_links":{"self":[{"href":"https:\/\/www.taubenmarkt-kassel.de\/fr\/wp-json\/wp\/v2\/pages\/849","targetHints":{"allow":["GET"]}}],"collection":[{"href":"https:\/\/www.taubenmarkt-kassel.de\/fr\/wp-json\/wp\/v2\/pages"}],"about":[{"href":"https:\/\/www.taubenmarkt-kassel.de\/fr\/wp-json\/wp\/v2\/types\/page"}],"author":[{"embeddable":true,"href":"https:\/\/www.taubenmarkt-kassel.de\/fr\/wp-json\/wp\/v2\/users\/5"}],"replies":[{"embeddable":true,"href":"https:\/\/www.taubenmarkt-kassel.de\/fr\/wp-json\/wp\/v2\/comments?post=849"}],"version-history":[{"count":5,"href":"https:\/\/www.taubenmarkt-kassel.de\/fr\/wp-json\/wp\/v2\/pages\/849\/revisions"}],"predecessor-version":[{"id":31849,"href":"https:\/\/www.taubenmarkt-kassel.de\/fr\/wp-json\/wp\/v2\/pages\/849\/revisions\/31849"}],"wp:attachment":[{"href":"https:\/\/www.taubenmarkt-kassel.de\/fr\/wp-json\/wp\/v2\/media?parent=849"}],"curies":[{"name":"wp","href":"https:\/\/api.w.org\/{rel}","templated":true}]}}