{"id":844,"date":"2017-12-01T19:21:59","date_gmt":"2017-12-01T18:21:59","guid":{"rendered":"http:\/\/6.myplusone.de\/?page_id=844"},"modified":"2023-05-04T09:05:02","modified_gmt":"2023-05-04T07:05:02","slug":"presse","status":"publish","type":"page","link":"https:\/\/www.taubenmarkt-kassel.de\/fr\/presse\/","title":{"rendered":"Presse"},"content":{"rendered":"<div class=\"is-divider divider clearfix\" ><\/div>\n\t<section class=\"section has-mask mask-arrow\" id=\"section_1563497487\">\n\t\t<div class=\"bg section-bg fill bg-fill  bg-loaded\" >\n\n\t\t\t\n\t\t\t\n\t\t\t\n\n\t\t<\/div>\n\n\t\t\n\n\t\t<div class=\"section-content relative\">\n\t\t\t\n\t<div id=\"gap-1435719288\" class=\"gap-element clearfix\" style=\"display:block; height:auto;\">\n\t\t\n<style>\n#gap-1435719288 {\n  padding-top: 30px;\n}\n<\/style>\n\t<\/div>\n\t\n<div class=\"container section-title-container\" ><h3 class=\"section-title section-title-center\"><b><\/b><span class=\"section-title-main\" >Donn\u00e9es et faits<\/span><b><\/b><\/h3><\/div>\n<div class=\"row\"  id=\"row-335801576\">\n\n\t<div id=\"col-1087459885\" class=\"col medium-3 small-6 large-3\"  >\n\t\t\t\t<div class=\"col-inner\"  >\n\t\t\t\n\t\t\t\n\n\t\t<div class=\"icon-box featured-box icon-box-center text-center\"  >\n\t\t\t\t\t<div class=\"icon-box-img\" style=\"width: 60px\">\n\t\t\t\t<div class=\"icon\">\n\t\t\t\t\t<div class=\"icon-inner\" >\n\t\t\t\t\t\t<?xml version=\"1.0\" encoding=\"iso-8859-1\"?>\n<!-- Generator: Adobe Illustrator 16.0.0, SVG Export Plug-In . SVG Version: 6.00 Build 0)  -->\n<!DOCTYPE svg PUBLIC \"-\/\/W3C\/\/DTD SVG 1.1\/\/EN\" \"http:\/\/www.w3.org\/Graphics\/SVG\/1.1\/DTD\/svg11.dtd\">\n<svg version=\"1.1\" id=\"Capa_1\" xmlns=\"http:\/\/www.w3.org\/2000\/svg\" xmlns:xlink=\"http:\/\/www.w3.org\/1999\/xlink\" x=\"0px\" y=\"0px\"\n\t width=\"80.13px\" height=\"80.13px\" viewBox=\"0 0 80.13 80.13\" style=\"enable-background:new 0 0 80.13 80.13;\" xml:space=\"preserve\"\n\t>\n<g>\n\t<path d=\"M48.355,17.922c3.705,2.323,6.303,6.254,6.776,10.817c1.511,0.706,3.188,1.112,4.966,1.112\n\t\tc6.491,0,11.752-5.261,11.752-11.751c0-6.491-5.261-11.752-11.752-11.752C53.668,6.35,48.453,11.517,48.355,17.922z M40.656,41.984\n\t\tc6.491,0,11.752-5.262,11.752-11.752s-5.262-11.751-11.752-11.751c-6.49,0-11.754,5.262-11.754,11.752S34.166,41.984,40.656,41.984\n\t\tz M45.641,42.785h-9.972c-8.297,0-15.047,6.751-15.047,15.048v12.195l0.031,0.191l0.84,0.263\n\t\tc7.918,2.474,14.797,3.299,20.459,3.299c11.059,0,17.469-3.153,17.864-3.354l0.785-0.397h0.084V57.833\n\t\tC60.688,49.536,53.938,42.785,45.641,42.785z M65.084,30.653h-9.895c-0.107,3.959-1.797,7.524-4.47,10.088\n\t\tc7.375,2.193,12.771,9.032,12.771,17.11v3.758c9.77-0.358,15.4-3.127,15.771-3.313l0.785-0.398h0.084V45.699\n\t\tC80.13,37.403,73.38,30.653,65.084,30.653z M20.035,29.853c2.299,0,4.438-0.671,6.25-1.814c0.576-3.757,2.59-7.04,5.467-9.276\n\t\tc0.012-0.22,0.033-0.438,0.033-0.66c0-6.491-5.262-11.752-11.75-11.752c-6.492,0-11.752,5.261-11.752,11.752\n\t\tC8.283,24.591,13.543,29.853,20.035,29.853z M30.589,40.741c-2.66-2.551-4.344-6.097-4.467-10.032\n\t\tc-0.367-0.027-0.73-0.056-1.104-0.056h-9.971C6.75,30.653,0,37.403,0,45.699v12.197l0.031,0.188l0.84,0.265\n\t\tc6.352,1.983,12.021,2.897,16.945,3.185v-3.683C17.818,49.773,23.212,42.936,30.589,40.741z\"\/>\n<\/g>\n<g>\n<\/g>\n<g>\n<\/g>\n<g>\n<\/g>\n<g>\n<\/g>\n<g>\n<\/g>\n<g>\n<\/g>\n<g>\n<\/g>\n<g>\n<\/g>\n<g>\n<\/g>\n<g>\n<\/g>\n<g>\n<\/g>\n<g>\n<\/g>\n<g>\n<\/g>\n<g>\n<\/g>\n<g>\n<\/g>\n<\/svg>\n\t\t\t\t\t<\/div>\n\t\t\t\t<\/div>\n\t\t\t<\/div>\n\t\t\t\t<div class=\"icon-box-text last-reset\">\n\t\t\t<h5 class=\"uppercase\">plus de 20 000 visiteurs<\/h5>\t\t\t\t\t\t\n\t\t<\/div>\n\t<\/div>\n\t\n\t\n\t\t<\/div>\n\t\t\t\t\t<\/div>\n\n\t\n\n\t<div id=\"col-1650339396\" class=\"col medium-3 small-6 large-3\"  >\n\t\t\t\t<div class=\"col-inner\"  >\n\t\t\t\n\t\t\t\n\n\t\t<div class=\"icon-box featured-box icon-box-center text-center\"  >\n\t\t\t\t\t<div class=\"icon-box-img\" style=\"width: 60px\">\n\t\t\t\t<div class=\"icon\">\n\t\t\t\t\t<div class=\"icon-inner\" style=\"color:rgb(63, 63, 63);\">\n\t\t\t\t\t\t<?xml version=\"1.0\" encoding=\"iso-8859-1\"?>\n<!-- Generator: Adobe Illustrator 19.0.0, SVG Export Plug-In . SVG Version: 6.00 Build 0)  -->\n<svg version=\"1.1\" id=\"Capa_1\" xmlns=\"http:\/\/www.w3.org\/2000\/svg\" xmlns:xlink=\"http:\/\/www.w3.org\/1999\/xlink\" x=\"0px\" y=\"0px\"\n\t viewBox=\"0 0 512 512\" style=\"enable-background:new 0 0 512 512;\" xml:space=\"preserve\">\n<g>\n\t<g>\n\t\t<path d=\"M437.02,74.98C388.668,26.629,324.38,0,256,0S123.332,26.629,74.98,74.98C26.629,123.333,0,187.62,0,256\n\t\t\ts26.629,132.667,74.98,181.02C123.332,485.371,187.62,512,256,512s132.668-26.629,181.02-74.98\n\t\t\tC485.371,388.667,512,324.38,512,256S485.371,123.333,437.02,74.98z M48.602,329.81l-4.595,41.028\n\t\t\tc-12.658-23.291-21.346-48.535-25.718-74.892l27.757,26.774C47.938,324.546,48.894,327.196,48.602,329.81z M467.646,232.588\n\t\t\tl11.159,20.632c2.905,5.373,7.709,9.357,13.608,11.244l4.378,1.346c-2.418,60.694-27.181,117.405-70.378,160.603\n\t\t\tC380.894,471.932,320.374,497,256,497s-124.894-25.068-170.413-70.587c-10.78-10.78-20.397-22.41-28.822-34.724l6.743-60.209\n\t\t\tc0.808-7.209-1.828-14.52-7.049-19.555l-40.895-39.448C15.198,267.016,15,261.524,15,256c0-64.374,25.068-124.894,70.587-170.413\n\t\t\tc28.429-28.429,62.71-48.88,100.126-60.23l-4.866,12.895c-1.463,3.875,0.493,8.203,4.368,9.665\n\t\t\tc0.872,0.329,1.768,0.485,2.647,0.485c3.03,0,5.885-1.851,7.018-4.854l8.619-22.84c12.486-2.76,25.261-4.526,38.229-5.279\n\t\t\tl-10.58,41.229l-2.878,0.789h-40.736c-7.744,0-14.356,5.789-15.381,13.466l-3.593,26.951l-18.379,0.962\n\t\t\tc-8.055,0.422-14.371,6.818-14.692,14.877l-0.852,21.379c-0.177,4.441,1.563,8.75,4.773,11.824c3.21,3.073,7.58,4.626,12.02,4.255\n\t\t\tl1.31-0.109l-15.212,14.059c-3.042,2.812-3.229,7.557-0.417,10.599c1.479,1.599,3.491,2.409,5.51,2.409\n\t\t\tc1.82,0,3.646-0.659,5.089-1.992l27.758-25.655l61.751,24.327c0.876,0.345,1.808,0.522,2.749,0.522h75.151\n\t\t\tc2.579,0,4.852-1.302,6.202-3.283l0.009-0.012c0.005-0.007,0.01-0.015,0.015-0.022l8.493-12.491c1.21-1.78,1.598-3.995,1.063-6.08\n\t\t\tc-0.534-2.085-1.938-3.84-3.856-4.818l-18.911-9.649l22.544-2.587c9.692-1.112,16.959-9.617,16.543-19.363\n\t\t\tc-0.233-5.485-2.85-10.567-7.179-13.943c-4.33-3.377-9.897-4.677-15.271-3.566l-10.033,2.07\n\t\t\tc-7.947,1.64-14.401,7.152-17.266,14.747l-3.725,9.884l-16.993,4.715c-3.577,0.99-7.354-0.422-9.399-3.518l-12.109-18.328\n\t\t\tc-1.441-2.181-3.929-3.466-6.525-3.361l-56.113,2.004c-2.322,0.083-4.474,1.237-5.828,3.125l-17.019,23.737l-19.575,1.631\n\t\t\tc-0.064,0.007-0.231,0.02-0.399-0.141c-0.169-0.161-0.162-0.33-0.159-0.394l0.852-21.378c0.011-0.268,0.221-0.481,0.488-0.495\n\t\t\tl24.598-1.288c3.606-0.189,6.565-2.92,7.043-6.499l4.416-33.124c0.034-0.256,0.254-0.449,0.512-0.449h41.746\n\t\t\tc0.67,0,1.337-0.09,1.983-0.267l41.417-11.356c2.346-0.643,4.234-2.384,5.065-4.67l5.344-14.696\n\t\t\tc1.415-3.893-0.593-8.196-4.486-9.611c-3.891-1.414-8.195,0.593-9.611,4.485l-4.019,11.052l-17.167,4.707l9.514-37.076\n\t\t\tc63.88,0.341,123.885,25.364,169.093,70.571c44.141,44.141,69.048,102.389,70.516,164.577l-0.029-0.009\n\t\t\tc-2.109-0.675-3.852-2.12-4.905-4.068l-11.159-20.632c-1.97-3.643-6.52-5.002-10.165-3.029\n\t\t\tC467.031,224.393,465.675,228.944,467.646,232.588z M236.962,151.775c3.678,0,6.736-2.646,7.377-6.139\n\t\t\tc0.552-1.802,3.128-8.465,6.27-16.363l4.229,6.402c5.643,8.54,16.063,12.44,25.926,9.703l10.832-3.006l-0.005,0.158\n\t\t\tc-0.094,2.904,1.499,5.602,4.088,6.922l16.973,8.66l-1.502,2.21h-69.757l-55.854-22.003l11.284-15.739l40.876-1.46\n\t\t\tc-8.231,20.508-8.237,21.657-8.237,23.154C229.462,148.417,232.819,151.775,236.962,151.775z M310.772,123.566l0.734-1.95\n\t\t\tc1.038-2.754,3.379-4.753,6.261-5.348l10.033-2.07c0.271-0.056,0.527-0.08,0.769-0.08c1.06,0,1.838,0.465,2.247,0.784\n\t\t\tc0.502,0.392,1.354,1.27,1.417,2.753c0.082,1.924-1.353,3.603-3.267,3.822L310.772,123.566z\"\/>\n\t<\/g>\n<\/g>\n<g>\n\t<g>\n\t\t<path d=\"M390.084,348.455c-3.173-2.665-7.903-2.254-10.567,0.919l-21.042,25.05c-2.664,3.171-2.252,7.902,0.919,10.566\n\t\t\tc1.406,1.181,3.117,1.757,4.82,1.757c2.139,0,4.264-0.91,5.747-2.676l21.042-25.05\n\t\t\tC393.667,355.85,393.255,351.119,390.084,348.455z\"\/>\n\t<\/g>\n<\/g>\n<g>\n\t<g>\n\t\t<path d=\"M464.707,195.639c-4.668-8.395-13.805-13.064-23.363-11.92l-36.561,4.323l-22.872-20.465\n\t\t\tc-3.327-2.976-8.576-2.439-11.194,1.357c-2.166,3.14-1.459,7.449,1.383,9.992l25.193,22.542c1.598,1.429,3.724,2.107,5.86,1.861\n\t\t\tl13.031-1.503l5.508,7.538l-47.726,32.005c-1.404,0.941-3.308,0.538-4.209-0.892l-31.32-49.695\n\t\t\tc-2.25-3.572-7.014-4.595-10.539-2.223c-3.406,2.292-4.174,7.007-1.987,10.481l33.963,53.942c1.155,1.834,3.047,3.079,5.188,3.414\n\t\t\tl17.374,2.715c0.129,0.02,0.305,0.047,0.407,0.338c0.102,0.291-0.017,0.423-0.104,0.519l-39.107,43.098\n\t\t\tc-1.003,1.104-1.652,2.482-1.868,3.958l-5.772,39.58c-0.551,3.779-2.409,7.276-5.233,9.848l-54.104,49.259\n\t\t\tc-2.914,2.654-6.69,4.116-10.634,4.116c-6.503,0-12.433-4.081-14.754-10.155l-19.958-52.197l-5.014-54.434\n\t\t\tc-1.426-15.475-14.203-27.774-29.723-28.609l-60.57-3.256c-3.777-0.203-6.923-2.808-7.827-6.48l-10.931-44.407\n\t\t\tc-0.742-3.016,0.213-6.197,2.494-8.305l5.843-5.401c3.016-2.787,3.497-7.542,0.8-10.64c-2.791-3.205-7.655-3.451-10.752-0.588\n\t\t\tl-6.072,5.612c-6.29,5.813-8.925,14.591-6.877,22.906l10.931,44.407c2.494,10.131,11.169,17.313,21.587,17.874l60.569,3.256\n\t\t\tc8.141,0.438,14.844,6.89,15.591,15.007l5.108,55.461c0.063,0.682,0.219,1.351,0.463,1.991l20.326,53.16\n\t\t\tc4.527,11.842,16.088,19.798,28.766,19.798c7.688,0,15.051-2.85,20.732-8.024l54.104-49.258c5.385-4.902,8.929-11.57,9.979-18.775\n\t\t\tl5.442-37.316l37.57-41.404c3.839-4.231,5.042-10.206,3.139-15.593c-1.004-2.844-2.79-5.265-5.077-7.053l44.474-29.831\n\t\t\tc0.894-0.599,1.697-1.345,2.274-2.253c1.729-2.724,1.527-6.068-0.249-8.499l-5.132-7.023l9.853-1.182\n\t\t\tc3.507-0.422,6.845,1.312,8.521,4.412c1.357,2.51,3.938,3.934,6.604,3.934c1.498,0,3.024-0.45,4.373-1.411\n\t\t\tC465.756,203.322,466.574,198.995,464.707,195.639z\"\/>\n\t<\/g>\n<\/g>\n<g>\n\t<g>\n\t\t<path d=\"M390.473,135.567l-16.7-24.716c-2.32-3.432-6.982-4.334-10.414-2.016c-3.432,2.319-4.334,6.981-2.016,10.413l16.7,24.717\n\t\t\tc1.45,2.146,3.814,3.302,6.222,3.302c1.444,0,2.905-0.417,4.192-1.287C391.889,143.661,392.791,138.999,390.473,135.567z\"\/>\n\t<\/g>\n<\/g>\n<g>\n<\/g>\n<g>\n<\/g>\n<g>\n<\/g>\n<g>\n<\/g>\n<g>\n<\/g>\n<g>\n<\/g>\n<g>\n<\/g>\n<g>\n<\/g>\n<g>\n<\/g>\n<g>\n<\/g>\n<g>\n<\/g>\n<g>\n<\/g>\n<g>\n<\/g>\n<g>\n<\/g>\n<g>\n<\/g>\n<\/svg>\n\t\t\t\t\t<\/div>\n\t\t\t\t<\/div>\n\t\t\t<\/div>\n\t\t\t\t<div class=\"icon-box-text last-reset\">\n\t\t\t<h5 class=\"uppercase\">40 nationalit\u00e9s<\/h5>\t\t\t\t\t\t\n\t\t<\/div>\n\t<\/div>\n\t\n\t\n\t\t<\/div>\n\t\t\t\t\t<\/div>\n\n\t\n\n\t<div id=\"col-1922278946\" class=\"col medium-3 small-6 large-3\"  >\n\t\t\t\t<div class=\"col-inner\"  >\n\t\t\t\n\t\t\t\n\n\t\t<div class=\"icon-box featured-box icon-box-center text-center\"  >\n\t\t\t\t\t<div class=\"icon-box-img\" style=\"width: 60px\">\n\t\t\t\t<div class=\"icon\">\n\t\t\t\t\t<div class=\"icon-inner\" >\n\t\t\t\t\t\t<?xml version=\"1.0\" encoding=\"iso-8859-1\"?>\n<!-- Generator: Adobe Illustrator 19.0.0, SVG Export Plug-In . SVG Version: 6.00 Build 0)  -->\n<svg version=\"1.1\" id=\"Capa_1\" xmlns=\"http:\/\/www.w3.org\/2000\/svg\" xmlns:xlink=\"http:\/\/www.w3.org\/1999\/xlink\" x=\"0px\" y=\"0px\"\n\t viewBox=\"0 0 470 470\" style=\"enable-background:new 0 0 470 470;\" xml:space=\"preserve\">\n<g>\n\t<path d=\"M340.046,47.765h-30.461c-6.093-13.241-15.564-24.58-27.622-33.006C268.149,5.104,251.91,0,235,0\n\t\ts-33.149,5.104-46.964,14.759c-12.057,8.427-21.528,19.765-27.622,33.006h-30.461c-18.941,0-34.351,15.41-34.351,34.351V462.5\n\t\tc0,4.142,3.358,7.5,7.5,7.5h263.794c4.142,0,7.5-3.358,7.5-7.5V82.116C374.397,63.175,358.987,47.765,340.046,47.765z\n\t\t M290.764,280.471c-3.68-27.497-27.276-48.779-55.764-48.779s-52.084,21.282-55.764,48.779h-68.633V143.317h248.794v137.153\n\t\tH290.764z M275.583,280.471h-81.167c3.539-19.191,20.384-33.779,40.583-33.779S272.045,261.28,275.583,280.471z M129.954,62.765\n\t\th35.43c3.1,0,5.881-1.907,6.997-4.799C182.299,32.267,207.464,15,235,15s52.701,17.267,62.62,42.966\n\t\tc1.116,2.892,3.897,4.799,6.997,4.799h35.43c10.67,0,19.351,8.681,19.351,19.351v46.202H110.603V82.116\n\t\tC110.603,71.446,119.284,62.765,129.954,62.765z M110.603,455V295.471h248.794V455H110.603z\"\/>\n\t<path d=\"M331.096,334.172c-5.735,0-10.4-4.666-10.4-10.4c0-4.142-3.358-7.5-7.5-7.5H156.804c-4.142,0-7.5,3.358-7.5,7.5\n\t\tc0,5.735-4.666,10.4-10.401,10.4c-4.142,0-7.5,3.358-7.5,7.5v67.127c0,4.142,3.358,7.5,7.5,7.5c5.735,0,10.401,4.666,10.401,10.4\n\t\tc0,4.142,3.358,7.5,7.5,7.5h156.392c4.142,0,7.5-3.358,7.5-7.5c0-5.735,4.666-10.4,10.4-10.4c4.142,0,7.5-3.358,7.5-7.5v-67.127\n\t\tC338.596,337.53,335.238,334.172,331.096,334.172z M323.596,402.429c-7.984,2.473-14.298,8.786-16.771,16.771H287.58v-9.19\n\t\tc0-4.142-3.358-7.5-7.5-7.5s-7.5,3.358-7.5,7.5v9.19H163.174c-2.473-7.984-8.787-14.298-16.771-16.771v-54.387\n\t\tc7.984-2.473,14.298-8.786,16.771-16.771H272.58v9.19c0,4.142,3.358,7.5,7.5,7.5s7.5-3.358,7.5-7.5v-9.19h19.246\n\t\tc2.473,7.984,8.786,14.298,16.771,16.771V402.429z\"\/>\n\t<path d=\"M280.08,359.891c-4.142,0-7.5,3.358-7.5,7.5v15.69c0,4.142,3.358,7.5,7.5,7.5s7.5-3.358,7.5-7.5v-15.69\n\t\tC287.58,363.249,284.222,359.891,280.08,359.891z\"\/>\n<\/g>\n<g>\n<\/g>\n<g>\n<\/g>\n<g>\n<\/g>\n<g>\n<\/g>\n<g>\n<\/g>\n<g>\n<\/g>\n<g>\n<\/g>\n<g>\n<\/g>\n<g>\n<\/g>\n<g>\n<\/g>\n<g>\n<\/g>\n<g>\n<\/g>\n<g>\n<\/g>\n<g>\n<\/g>\n<g>\n<\/g>\n<\/svg>\n\t\t\t\t\t<\/div>\n\t\t\t\t<\/div>\n\t\t\t<\/div>\n\t\t\t\t<div class=\"icon-box-text last-reset\">\n\t\t\t<h5 class=\"uppercase\">300 exposants<\/h5>\t\t\t\t\t\t\n\t\t<\/div>\n\t<\/div>\n\t\n\t\n\t\t<\/div>\n\t\t\t\t\t<\/div>\n\n\t\n\n\t<div id=\"col-707875255\" class=\"col medium-3 small-6 large-3\"  >\n\t\t\t\t<div class=\"col-inner\"  >\n\t\t\t\n\t\t\t\n\n\t\t<div class=\"icon-box featured-box icon-box-center text-center\"  >\n\t\t\t\t\t<div class=\"icon-box-img\" style=\"width: 60px\">\n\t\t\t\t<div class=\"icon\">\n\t\t\t\t\t<div class=\"icon-inner\" >\n\t\t\t\t\t\t<?xml version=\"1.0\" encoding=\"utf-8\"?>\n<!-- Generator: Adobe Illustrator 21.1.0, SVG Export Plug-In . SVG Version: 6.00 Build 0)  -->\n<svg version=\"1.1\" id=\"Ebene_1\" xmlns=\"http:\/\/www.w3.org\/2000\/svg\" xmlns:xlink=\"http:\/\/www.w3.org\/1999\/xlink\" x=\"0px\" y=\"0px\"\n\t viewBox=\"0 0 254.5 254.5\" style=\"enable-background:new 0 0 254.5 254.5;\" xml:space=\"preserve\">\n<style type=\"text\/css\">\n\t.st0{clip-path:url(#SVGID_2_);fill:none;stroke:#3F3F3F;stroke-width:2.2526;stroke-miterlimit:10;}\n<\/style>\n<g>\n\t<defs>\n\t\t<circle id=\"SVGID_1_\" cx=\"-179.2\" cy=\"11\" r=\"41.6\"\/>\n\t<\/defs>\n\t<clipPath id=\"SVGID_2_\">\n\t\t<use xlink:href=\"#SVGID_1_\"  style=\"overflow:visible;\"\/>\n\t<\/clipPath>\n\t<ellipse class=\"st0\" cx=\"-179.2\" cy=\"11\" rx=\"22.4\" ry=\"44.4\"\/>\n\t<ellipse class=\"st0\" cx=\"-179.2\" cy=\"11\" rx=\"9.1\" ry=\"44.4\"\/>\n\t<ellipse class=\"st0\" cx=\"-179.2\" cy=\"11\" rx=\"44.4\" ry=\"22.4\"\/>\n\t<ellipse class=\"st0\" cx=\"-179.2\" cy=\"11\" rx=\"44.4\" ry=\"9.1\"\/>\n\t<use xlink:href=\"#SVGID_1_\"  style=\"overflow:visible;fill:none;stroke:#3F3F3F;stroke-width:2.2526;stroke-miterlimit:10;\"\/>\n<\/g>\n<g>\n\t<path d=\"M85.6,128.2c-1.5-1-8.6-2.4-15.6-9.6c-1.6-1.7-3-3.8-4.7-6.1c-2.9-3.9-3.9-5.1-6.6-9.3c-0.6-0.9-1.1-1.1-2.5-3.7\n\t\tc-3.6-6.5-4.9-8.5-6.7-14.1c-2.6-8-4.3-12-7.5-19.2c-1.5-2.4-3-5.1-4.9-7.1c-6.3-6.7-7.4-11.5-8.8-15.6c-0.5-3.3-0.1-3.7-0.1-3.7\n\t\ts-9.3-7.8-6.4-9.6c2.3-1.9,6.8,0.9,11,1.9c10,2.1,5.7,5.4,25.6,11.3c7.8,2.9,13,4.9,21.8,7.9c2.6,0.8,2.1,0.7,5.5,1.7\n\t\tc0.5,0.1,1.6,0.5,1.8-4.8c0-0.3,0-0.5,0.1-0.7c0.9-5.4-1.3-9.6-1.7-13.2c-1.5-9.9-3-11.3,2.3-23.4c0.6-1.8,0.3-3.2,2.2-3.1\n\t\tc2.4,0,2,1.2,2.3,3.3c1.4,8.9,5.7,11.1,8.8,16.2c5.2,6.6,9.1,10.3,14.9,15.4c2.5,1.7,4.9,3.7,7.3,5.5c7.8,5.4,14.3,7.9,21.3,13.3\n\t\tc6.3,4.4,12.1,8.8,16.9,15.9c2.6,4.9,4.2,3.7,7.7,14.3c0.2,0.5,0.6,2.7,1.2,3c0.7,0.4,2.2-0.4,2.7-0.6c0.1,0,1-0.6,1-0.6\n\t\tc1.1-0.9,11.4-11,18.4-14.8c6.9-5.2,12.5-10.2,21-7.1c0.7,0.2,3.8,1.3,5,2.5c11,8.8,10.1,4,13.3,6.3c1.7,1.2,1.8,2.5,1.3,2.9\n\t\tc-0.6,0.5-2.1,1.3-3.8,1.8c-10.5,0.8-16.5,21.1-22,32.6c-7.8,15-13.7,31-23.8,45c-6.1,7.8-13.1,14.8-20.9,21.2\n\t\tc-12,9.8-25.4,15.1-40.2,19.2c-19.6,5.7-23.1,10.6-39.5,28.2c-5.7,5.8-9.2,9.1-15.6,13.3c-5.1,2.4-8.4,1.2-13.8-1.4\n\t\tc-5-3.9-4.8-4.4-7.5-9.4c-1.7-3.2-1.9-6.6-3-10.2c-0.7-2.8-0.7-4.3-1.4-7.6c-2.1-8-1.8-13.4-1.7-20.4c-0.2-7.4,4.9-13.1,11.2-16.9\n\t\tc4.8-1.8,8.7-3.5,13.8-3.4c13.9,1.2,18.8-0.3,26.8-4.5c7.1-3.8,9.4-4,3.6-9.5c-4.1-4.9-9-9.3-9.6-16.1c-0.2-2.3-0.4-5.1-0.4-8\"\/>\n<\/g>\n<\/svg>\n\t\t\t\t\t<\/div>\n\t\t\t\t<\/div>\n\t\t\t<\/div>\n\t\t\t\t<div class=\"icon-box-text last-reset\">\n\t\t\t<h5 class=\"uppercase\">25 000 colombi<\/h5>\t\t\t\t\t\t\n\t\t<\/div>\n\t<\/div>\n\t\n\t\n\t\t<\/div>\n\t\t\t\t\t<\/div>\n\n\t\n<\/div>\n\t\t<\/div>\n\n\t\t\n<style>\n#section_1563497487 {\n  padding-top: 30px;\n  padding-bottom: 30px;\n  background-color: rgb(255,255,255);\n}\n#section_1563497487 .ux-shape-divider--top svg {\n  height: 150px;\n  --divider-top-width: 100%;\n}\n#section_1563497487 .ux-shape-divider--bottom svg {\n  height: 150px;\n  --divider-width: 100%;\n}\n<\/style>\n\t<\/section>\n\t\n\t<section class=\"section has-mask mask-arrow\" id=\"section_597423226\">\n\t\t<div class=\"bg section-bg fill bg-fill  bg-loaded\" >\n\n\t\t\t\n\t\t\t\n\t\t\t\n\t<div class=\"is-border\"\n\t\tstyle=\"border-color:rgb(235, 235, 235);border-width:1px 0px 0px 0px;\">\n\t<\/div>\n\n\t\t<\/div>\n\n\t\t\n\n\t\t<div class=\"section-content relative\">\n\t\t\t\n<div class=\"row row-large align-middle align-center\"  id=\"row-949940944\">\n\n\t<div id=\"col-1796120308\" class=\"col medium-6 small-12 large-6\"  >\n\t\t\t\t<div class=\"col-inner text-center\"  >\n\t\t\t\n\t\t\t\n<h1>Accr\u00e9ditations et informations<\/h1>\n<p>Vous pouvez obtenir toutes les informations de presse ainsi que notre plaquette actuelle par le biais de notre contact presse central:<\/p>\n<p>Telefon: +49-2268-1591<\/p>\n<p>eMail: info@taubenmarkt-kassel.de<\/p>\n\t\t<\/div>\n\t\t\t\t\t<\/div>\n\n\t\n\n\t<div id=\"col-1697169709\" class=\"col medium-6 small-12 large-6\"  >\n\t\t\t\t<div class=\"col-inner box-shadow-1 box-shadow-1-hover\" style=\"background-color:rgb(255, 255, 255);\" >\n\t\t\t\n\t\t\t\n\t<div class=\"img has-hover x md-x lg-x y md-y lg-y\" id=\"image_1663261362\">\n\t\t\t\t\t\t\t\t<div class=\"img-inner box-shadow-2 dark\" >\n\t\t\t<img loading=\"lazy\" decoding=\"async\" width=\"1000\" height=\"667\" src=\"https:\/\/www.taubenmarkt-kassel.de\/wp-content\/uploads\/2017\/11\/S1A5568.jpg\" class=\"attachment-large size-large\" alt=\"\" srcset=\"https:\/\/www.taubenmarkt-kassel.de\/wp-content\/uploads\/2017\/11\/S1A5568.jpg 1000w, https:\/\/www.taubenmarkt-kassel.de\/wp-content\/uploads\/2017\/11\/S1A5568-300x200.jpg 300w, https:\/\/www.taubenmarkt-kassel.de\/wp-content\/uploads\/2017\/11\/S1A5568-768x512.jpg 768w\" sizes=\"auto, (max-width: 1000px) 100vw, 1000px\" \/>\t\t\t\t\t\t\n\t\t\t\t\t<\/div>\n\t\t\t\t\t\t\t\t\n<style>\n#image_1663261362 {\n  width: 100%;\n}\n<\/style>\n\t<\/div>\n\t\n\t\t<\/div>\n\t\t\t\t\t<\/div>\n\n\t\n<\/div>\n\t\t<\/div>\n\n\t\t\n<style>\n#section_597423226 {\n  padding-top: 59px;\n  padding-bottom: 59px;\n  min-height: 300px;\n  background-color: rgb(228, 228, 228);\n}\n#section_597423226 .ux-shape-divider--top svg {\n  height: 150px;\n  --divider-top-width: 100%;\n}\n#section_597423226 .ux-shape-divider--bottom svg {\n  height: 150px;\n  --divider-width: 100%;\n}\n<\/style>\n\t<\/section>\n\t\n\t<section class=\"section dark has-mask mask-arrow\" id=\"section_1243901449\">\n\t\t<div class=\"bg section-bg fill bg-fill  bg-loaded\" >\n\n\t\t\t\n\t\t\t\n\t\t\t\n\n\t\t<\/div>\n\n\t\t\n\n\t\t<div class=\"section-content relative\">\n\t\t\t\n\t<div id=\"gap-235606740\" class=\"gap-element clearfix\" style=\"display:block; height:auto;\">\n\t\t\n<style>\n#gap-235606740 {\n  padding-top: 30px;\n}\n<\/style>\n\t<\/div>\n\t\n<div class=\"row\"  id=\"row-1974588461\">\n\n\t<div id=\"col-1040931385\" class=\"col small-12 large-12\"  >\n\t\t\t\t<div class=\"col-inner\"  >\n\t\t\t\n\t\t\t\n<div class=\"container section-title-container\" ><h3 class=\"section-title section-title-center\"><b><\/b><span class=\"section-title-main\" >Faits marquants et innovations du march\u00e9<\/span><b><\/b><\/h3><\/div>\n<p>Les fournisseurs internationaux de produits et de pr\u00e9parations pour colombes, pigeons et volaille utilisent toujours La Foire Internationale de la Colombophilie de Kassel pour introduire et pr\u00e9senter leurs innovations. Produits phares et innovations, tant pour les clients que pour les grossistes et les d\u00e9taillants, sont pr\u00e9sent\u00e9s pour la premi\u00e8re fois \u00e0 la Foire Internationale de la Colombophilie de Kassel. Chaque ann\u00e9e, Kassel devient le centre d&rsquo;une industrie millionnaire et en m\u00eame temps le stimulateur d&rsquo;une branche.<\/p>\n\t<div id=\"gap-1860559572\" class=\"gap-element clearfix\" style=\"display:block; height:auto;\">\n\t\t\n<style>\n#gap-1860559572 {\n  padding-top: 30px;\n}\n<\/style>\n\t<\/div>\n\t\n\t\t<\/div>\n\t\t\t\t\t<\/div>\n\n\t\n<\/div>\n\t\t<\/div>\n\n\t\t\n<style>\n#section_1243901449 {\n  padding-top: 30px;\n  padding-bottom: 30px;\n  background-color: rgb(63, 63, 63);\n}\n#section_1243901449 .ux-shape-divider--top svg {\n  height: 150px;\n  --divider-top-width: 100%;\n}\n#section_1243901449 .ux-shape-divider--bottom svg {\n  height: 150px;\n  --divider-width: 100%;\n}\n<\/style>\n\t<\/section>\n\t\n\n\n","protected":false},"excerpt":{"rendered":"","protected":false},"author":5,"featured_media":0,"parent":0,"menu_order":0,"comment_status":"closed","ping_status":"closed","template":"page-blank.php","meta":{"footnotes":""},"class_list":["post-844","page","type-page","status-publish","hentry"],"_links":{"self":[{"href":"https:\/\/www.taubenmarkt-kassel.de\/fr\/wp-json\/wp\/v2\/pages\/844","targetHints":{"allow":["GET"]}}],"collection":[{"href":"https:\/\/www.taubenmarkt-kassel.de\/fr\/wp-json\/wp\/v2\/pages"}],"about":[{"href":"https:\/\/www.taubenmarkt-kassel.de\/fr\/wp-json\/wp\/v2\/types\/page"}],"author":[{"embeddable":true,"href":"https:\/\/www.taubenmarkt-kassel.de\/fr\/wp-json\/wp\/v2\/users\/5"}],"replies":[{"embeddable":true,"href":"https:\/\/www.taubenmarkt-kassel.de\/fr\/wp-json\/wp\/v2\/comments?post=844"}],"version-history":[{"count":7,"href":"https:\/\/www.taubenmarkt-kassel.de\/fr\/wp-json\/wp\/v2\/pages\/844\/revisions"}],"predecessor-version":[{"id":20948,"href":"https:\/\/www.taubenmarkt-kassel.de\/fr\/wp-json\/wp\/v2\/pages\/844\/revisions\/20948"}],"wp:attachment":[{"href":"https:\/\/www.taubenmarkt-kassel.de\/fr\/wp-json\/wp\/v2\/media?parent=844"}],"curies":[{"name":"wp","href":"https:\/\/api.w.org\/{rel}","templated":true}]}}