{"id":5708,"date":"2018-07-02T23:35:43","date_gmt":"2018-07-02T21:35:43","guid":{"rendered":"https:\/\/www.taubenmarktkassel.de\/?page_id=5708"},"modified":"2025-12-01T21:51:44","modified_gmt":"2025-12-01T20:51:44","slug":"subscription","status":"publish","type":"page","link":"https:\/\/www.taubenmarkt-kassel.de\/fr\/subscription\/","title":{"rendered":"Subscription"},"content":{"rendered":"\n<span class=\"scroll-to\" data-label=\"Scroll to: #head\" data-bullet=\"false\" data-link=\"#head\" data-title=\"Change this\"><a name=\"head\"><\/a><\/span>\n\n\t<div id=\"gap-553931724\" class=\"gap-element clearfix\" style=\"display:block; height:auto;\">\n\t\t\n<style>\n#gap-553931724 {\n  padding-top: 30px;\n}\n<\/style>\n\t<\/div>\n\t\n\n<div class=\"row\"  id=\"row-48673852\">\n\n\n\t<div id=\"col-186793777\" class=\"col small-12 large-12\"  >\n\t\t\t\t<div class=\"col-inner\"  >\n\t\t\t\n\t\t\t\n\n<div class=\"container section-title-container\" ><h3 class=\"section-title section-title-center\"><b><\/b><span class=\"section-title-main\" >La revue - TaubenMarkt\/Die Sporttaube<\/span><b><\/b><\/h3><\/div>\n\n\n  <div class=\"banner has-hover\" id=\"banner-1355177362\">\n          <div class=\"banner-inner fill\">\n        <div class=\"banner-bg fill\" >\n            <div class=\"bg fill bg-fill \"><\/div>\n                                    \n                    <\/div>\n\t\t\n        <div class=\"banner-layers container\">\n            <div class=\"fill banner-link\"><\/div>            \n\n   <div id=\"text-box-1571503305\" class=\"text-box banner-layer x5 md-x5 lg-x5 y10 md-y10 lg-y10 res-text\">\n                                <div class=\"text-box-content text \">\n              \n              <div class=\"text-inner text-left\">\n                  \n\n<p>Pour seulement 52,- \u20ac par an, vous recevez une fois par mois:<\/p>\n<div class=\"text \">\n<div class=\"text-inner text-left\">\n<ul>\n<li>Des informations actuelles et sp\u00e9cialis\u00e9es<\/li>\n<li>Des contributions pertinentes par des \u00e9leveurs exp\u00e9riment\u00e9s<\/li>\n<li>Des rapports sur des pigeonniers du pays et de l\u2019\u00e9tranger<\/li>\n<li>Des pistes de r\u00e9flexion sur le pr\u00e9sent et l\u2019avenir de la pratique<br \/>de la colombophilie<\/li>\n<li>Des informations sur des \u00e9v\u00e9nements nationaux et internationaux<br \/>de la colombophilie<\/li>\n<li>Chaque \u00e9dition en quadrichromie moderne<\/li>\n<\/ul>\n<\/div>\n<\/div>\n\n              <\/div>\n           <\/div>\n                            \n<style>\n#text-box-1571503305 {\n  width: 60%;\n}\n#text-box-1571503305 .text-box-content {\n  font-size: 100%;\n}\n<\/style>\n    <\/div>\n \n\t<div class=\"img has-hover x90 md-x90 lg-x90 y10 md-y10 lg-y10\" id=\"image_1748467601\">\n\t\t\t\t\t\t\t\t<div class=\"img-inner dark\" >\n\t\t\t<img loading=\"lazy\" decoding=\"async\" width=\"250\" height=\"354\" src=\"https:\/\/www.taubenmarkt-kassel.de\/wp-content\/uploads\/2024\/11\/Titel.png\" class=\"attachment-original size-original\" alt=\"\" srcset=\"https:\/\/www.taubenmarkt-kassel.de\/wp-content\/uploads\/2024\/11\/Titel.png 250w, https:\/\/www.taubenmarkt-kassel.de\/wp-content\/uploads\/2024\/11\/Titel-212x300.png 212w\" sizes=\"auto, (max-width: 250px) 100vw, 250px\" \/>\t\t\t\t\t\t\n\t\t\t\t\t<\/div>\n\t\t\t\t\t\t\t\t\n<style>\n#image_1748467601 {\n  width: 25%;\n}\n<\/style>\n\t<\/div>\n\t\n\n\n        <\/div>\n      <\/div>\n\n            \n<style>\n#banner-1355177362 {\n  padding-top: 500px;\n  background-color: rgb(255,255,255);\n}\n#banner-1355177362 .ux-shape-divider--top svg {\n  height: 150px;\n  --divider-top-width: 100%;\n}\n#banner-1355177362 .ux-shape-divider--bottom svg {\n  height: 150px;\n  --divider-width: 100%;\n}\n<\/style>\n  <\/div>\n\n\n\n\t\t<\/div>\n\t\t\t\t\t<\/div>\n\n\t\n\n<\/div>\n\t<div id=\"gap-2008811328\" class=\"gap-element clearfix\" style=\"display:block; height:auto;\">\n\t\t\n<style>\n#gap-2008811328 {\n  padding-top: 30px;\n}\n<\/style>\n\t<\/div>\n\t\n\n\t<section class=\"section has-mask mask-angled-large has-parallax\" id=\"section_1238309809\">\n\t\t<div class=\"bg section-bg fill bg-fill  \" data-parallax-container=\".section\" data-parallax-background data-parallax=\"-2\">\n\n\t\t\t\n\t\t\t\n\t\t\t\n\n\t\t<\/div>\n\n\t\t\n\n\t\t<div class=\"section-content relative\">\n\t\t\t\n\n\n\t\t<\/div>\n\n\t\t\n<style>\n#section_1238309809 {\n  padding-top: 100px;\n  padding-bottom: 100px;\n}\n#section_1238309809 .section-bg.bg-loaded {\n  background-image: url(https:\/\/www.taubenmarkt-kassel.de\/wp-content\/uploads\/2017\/11\/IMG_2379.jpg);\n}\n#section_1238309809 .section-bg {\n  background-position: 30% 32%;\n}\n#section_1238309809 .ux-shape-divider--top svg {\n  height: 150px;\n  --divider-top-width: 100%;\n}\n#section_1238309809 .ux-shape-divider--bottom svg {\n  height: 150px;\n  --divider-width: 100%;\n}\n<\/style>\n\t<\/section>\n\t\n<span class=\"scroll-to\" data-label=\"Scroll to: #karten\" data-bullet=\"false\" data-link=\"#karten\" data-title=\"Karten\"><a name=\"karten\"><\/a><\/span>\n\n<span class=\"scroll-to\" data-label=\"Scroll to: #abo\" data-bullet=\"false\" data-link=\"#abo\" data-title=\"Abo\"><a name=\"abo\"><\/a><\/span>\n\n<div class=\"is-divider divider clearfix\" style=\"max-width:100%;background-color:rgb(210, 37, 17);\"><\/div>\n\n\t<div id=\"gap-417741861\" class=\"gap-element clearfix\" style=\"display:block; height:auto;\">\n\t\t\n<style>\n#gap-417741861 {\n  padding-top: 30px;\n}\n<\/style>\n\t<\/div>\n\t\n\n<div class=\"row\"  id=\"row-1873373073\">\n\n\n\t<div id=\"col-218902866\" class=\"col small-12 large-12\"  >\n\t\t\t\t<div class=\"col-inner\"  >\n\t\t\t\n\t\t\t\n\n<div class=\"container section-title-container\" ><h3 class=\"section-title section-title-center\"><b><\/b><span class=\"section-title-main\" >Subscribtion<\/span><b><\/b><\/h3><\/div>\n\n\n<div class=\"wpcf7 no-js\" id=\"wpcf7-f6015-o1\" lang=\"de-DE\" dir=\"ltr\" data-wpcf7-id=\"6015\">\n<div class=\"screen-reader-response\"><p role=\"status\" aria-live=\"polite\" aria-atomic=\"true\"><\/p> <ul><\/ul><\/div>\n<form action=\"\/fr\/wp-json\/wp\/v2\/pages\/5708#wpcf7-f6015-o1\" method=\"post\" class=\"wpcf7-form init\" aria-label=\"Kontaktformular\" novalidate=\"novalidate\" data-status=\"init\">\n<fieldset class=\"hidden-fields-container\"><input type=\"hidden\" name=\"_wpcf7\" value=\"6015\" \/><input type=\"hidden\" name=\"_wpcf7_version\" value=\"6.1.5\" \/><input type=\"hidden\" name=\"_wpcf7_locale\" value=\"de_DE\" \/><input type=\"hidden\" name=\"_wpcf7_unit_tag\" value=\"wpcf7-f6015-o1\" \/><input type=\"hidden\" name=\"_wpcf7_container_post\" value=\"0\" \/><input type=\"hidden\" name=\"_wpcf7_posted_data_hash\" value=\"\" \/>\n<\/fieldset>\n<p><span class=\"wpcf7-form-control-wrap\" data-name=\"Name\"><input size=\"40\" maxlength=\"400\" class=\"wpcf7-form-control wpcf7-text wpcf7-validates-as-required\" aria-required=\"true\" aria-invalid=\"false\" placeholder=\"Pr\u00e9nom et nom\" value=\"\" type=\"text\" name=\"Name\" \/><\/span><br \/>\n<span class=\"wpcf7-form-control-wrap\" data-name=\"Strasse\"><input size=\"40\" maxlength=\"400\" class=\"wpcf7-form-control wpcf7-text wpcf7-validates-as-required\" aria-required=\"true\" aria-invalid=\"false\" placeholder=\"Rue et num\u00e9ro de maison\" value=\"\" type=\"text\" name=\"Strasse\" \/><\/span><br \/>\n<span class=\"wpcf7-form-control-wrap\" data-name=\"Ort\"><input size=\"40\" maxlength=\"400\" class=\"wpcf7-form-control wpcf7-text wpcf7-validates-as-required\" aria-required=\"true\" aria-invalid=\"false\" placeholder=\"Code postal et ville\" value=\"\" type=\"text\" name=\"Ort\" \/><\/span><br \/>\n<span class=\"wpcf7-form-control-wrap\" data-name=\"Telefon\"><input size=\"40\" maxlength=\"400\" class=\"wpcf7-form-control wpcf7-text wpcf7-validates-as-required\" aria-required=\"true\" aria-invalid=\"false\" placeholder=\"T\u00e9l\u00e9phone\" value=\"\" type=\"text\" name=\"Telefon\" \/><\/span><br \/>\n<span class=\"wpcf7-form-control-wrap\" data-name=\"your-email\"><input size=\"40\" maxlength=\"400\" class=\"wpcf7-form-control wpcf7-email wpcf7-validates-as-required wpcf7-text wpcf7-validates-as-email\" aria-required=\"true\" aria-invalid=\"false\" placeholder=\"E-Mail\" value=\"\" type=\"email\" name=\"your-email\" \/><\/span><br \/>\n<span class=\"wpcf7-form-control-wrap\" data-name=\"radio-210\"><span class=\"wpcf7-form-control wpcf7-radio\"><span class=\"wpcf7-list-item first\"><input type=\"radio\" name=\"radio-210\" value=\"Je paye le 52,- \u20ac par virement bancaire apr\u00e8s r\u00e9ception de la facture.\" checked=\"checked\" \/><span class=\"wpcf7-list-item-label\">Je paye le 52,- \u20ac par virement bancaire apr\u00e8s r\u00e9ception de la facture.<\/span><\/span><span class=\"wpcf7-list-item last\"><input type=\"radio\" name=\"radio-210\" value=\"Je voudrais payer le 52,- \u20ac confortablement par d\u00e9bit direct.\" \/><span class=\"wpcf7-list-item-label\">Je voudrais payer le 52,- \u20ac confortablement par d\u00e9bit direct.<\/span><\/span><\/span><\/span>\n<\/p>\n<p>Si vous avez s\u00e9lectionn\u00e9 \"pr\u00e9l\u00e8vement automatique\", merci de nous communiquer vos coordonn\u00e9es bancaires.\n<\/p>\n<p><span class=\"wpcf7-form-control-wrap\" data-name=\"Iban\"><input size=\"40\" maxlength=\"400\" class=\"wpcf7-form-control wpcf7-text\" aria-invalid=\"false\" placeholder=\"IBAN\" value=\"\" type=\"text\" name=\"Iban\" \/><\/span><br \/>\n<span class=\"wpcf7-form-control-wrap\" data-name=\"Bic\"><input size=\"40\" maxlength=\"400\" class=\"wpcf7-form-control wpcf7-text\" aria-invalid=\"false\" placeholder=\"BIC\" value=\"\" type=\"text\" name=\"Bic\" \/><\/span><br \/>\n<span class=\"wpcf7-form-control-wrap\" data-name=\"Bank\"><input size=\"40\" maxlength=\"400\" class=\"wpcf7-form-control wpcf7-text\" aria-invalid=\"false\" placeholder=\"Banque\" value=\"\" type=\"text\" name=\"Bank\" \/><\/span><br \/>\n<span class=\"wpcf7-form-control-wrap\" data-name=\"checkbox-997\"><span class=\"wpcf7-form-control wpcf7-checkbox wpcf7-validates-as-required\"><span class=\"wpcf7-list-item first last\"><input type=\"checkbox\" name=\"checkbox-997[]\" value=\"Je sais que je peux retirer cet abonnement dans les 10 jours\n(veuillez cocher pour confirmation).\" \/><span class=\"wpcf7-list-item-label\">Je sais que je peux retirer cet abonnement dans les 10 jours\n(veuillez cocher pour confirmation).<\/span><\/span><\/span><\/span>\n<\/p>\n<p><span class=\"wpcf7-form-control-wrap\" data-name=\"your-message\"><textarea cols=\"40\" rows=\"10\" maxlength=\"2000\" class=\"wpcf7-form-control wpcf7-textarea\" aria-invalid=\"false\" placeholder=\"Remarque \/ souhaits\" name=\"your-message\"><\/textarea><\/span>\n<\/p>\n<p><span class=\"wpcf7-form-control-wrap kc_captcha\" data-name=\"kc_captcha\"><span class=\"wpcf7-form-control wpcf7-radio\"><span class=\"captcha-image\" ><span class=\"cf7ic_instructions\">Bitte w\u00e4hlen Sie <span> Stern<\/span>.<\/span><label><input aria-label=\"1\" type=\"radio\" name=\"kc_captcha\" value=\"bot\" \/><svg aria-hidden=\"true\" role=\"img\" xmlns=\"http:\/\/www.w3.org\/2000\/svg\" viewBox=\"0 0 576 512\"><path fill=\"currentColor\" d=\"M415 24c-53 0-103 42-127 65-24-23-74-65-127-65C70 24 16 77 16 166c0 72 67 133 69 135l187 181c9 8 23 8 32 0l187-180c2-3 69-64 69-136 0-89-54-142-145-142z\"\/><\/svg><\/label><label><input aria-label=\"2\" type=\"radio\" name=\"kc_captcha\" value=\"kc_human\" \/><svg aria-hidden=\"true\" role=\"img\" xmlns=\"http:\/\/www.w3.org\/2000\/svg\" viewBox=\"0 0 576 512\"><path fill=\"currentColor\" d=\"M259 18l-65 132-146 22c-26 3-37 36-18 54l106 103-25 146c-5 26 23 46 46 33l131-68 131 68c23 13 51-7 46-33l-25-146 106-103c19-18 8-51-18-54l-146-22-65-132a32 32 0 00-58 0z\"\/><\/svg><\/label><label><input aria-label=\"3\" type=\"radio\" name=\"kc_captcha\" value=\"bot\" \/><svg aria-hidden=\"true\" role=\"img\" xmlns=\"http:\/\/www.w3.org\/2000\/svg\" viewBox=\"0 0 640 512\"><path fill=\"currentColor\" d=\"M192 384h192c53 0 96-43 96-96h32a128 128 0 000-256H120c-13 0-24 11-24 24v232c0 53 43 96 96 96zM512 96a64 64 0 010 128h-32V96h32zm48 384H48c-47 0-61-64-36-64h584c25 0 11 64-36 64z\"\/><\/svg><\/label>\r\n    <\/span>\r\n    <span style=\"display:none\">\r\n        <input type=\"text\" name=\"kc_honeypot\">\r\n    <\/span><\/span><\/span><br \/>\n<input class=\"wpcf7-form-control wpcf7-submit has-spinner button\" type=\"submit\" value=\"envoyer\" \/>\n<\/p><div class=\"wpcf7-response-output\" aria-hidden=\"true\"><\/div>\n<\/form>\n<\/div>\n\n\n\n\t\t<\/div>\n\t\t\t\t\t<\/div>\n\n\t\n\n\t<div id=\"col-1386836223\" class=\"col show-for-small small-12 large-12\"  >\n\t\t\t\t<div class=\"col-inner\"  >\n\t\t\t\n\t\t\t\n\n<a rel=\"noopener noreferrer\" href=\"https:\/\/taubenmarkt-diesporttaube.1000grad.com\" target=\"_blank\" class=\"button primary lowercase expand\" style=\"border-radius:99px;\">\n    <span>Lesen Sie unser ePaper auch online<\/span>\n  <\/a>\n\n\n\n\t\t<\/div>\n\t\t\t\t\t<\/div>\n\n\t\n\n<\/div>\n\n","protected":false},"excerpt":{"rendered":"","protected":false},"author":5,"featured_media":0,"parent":0,"menu_order":0,"comment_status":"closed","ping_status":"closed","template":"page-blank.php","meta":{"footnotes":""},"class_list":["post-5708","page","type-page","status-publish","hentry"],"_links":{"self":[{"href":"https:\/\/www.taubenmarkt-kassel.de\/fr\/wp-json\/wp\/v2\/pages\/5708","targetHints":{"allow":["GET"]}}],"collection":[{"href":"https:\/\/www.taubenmarkt-kassel.de\/fr\/wp-json\/wp\/v2\/pages"}],"about":[{"href":"https:\/\/www.taubenmarkt-kassel.de\/fr\/wp-json\/wp\/v2\/types\/page"}],"author":[{"embeddable":true,"href":"https:\/\/www.taubenmarkt-kassel.de\/fr\/wp-json\/wp\/v2\/users\/5"}],"replies":[{"embeddable":true,"href":"https:\/\/www.taubenmarkt-kassel.de\/fr\/wp-json\/wp\/v2\/comments?post=5708"}],"version-history":[{"count":20,"href":"https:\/\/www.taubenmarkt-kassel.de\/fr\/wp-json\/wp\/v2\/pages\/5708\/revisions"}],"predecessor-version":[{"id":27689,"href":"https:\/\/www.taubenmarkt-kassel.de\/fr\/wp-json\/wp\/v2\/pages\/5708\/revisions\/27689"}],"wp:attachment":[{"href":"https:\/\/www.taubenmarkt-kassel.de\/fr\/wp-json\/wp\/v2\/media?parent=5708"}],"curies":[{"name":"wp","href":"https:\/\/api.w.org\/{rel}","templated":true}]}}