{"id":937,"date":"2017-12-02T18:27:28","date_gmt":"2017-12-02T17:27:28","guid":{"rendered":"http:\/\/6.myplusone.de\/?page_id=937"},"modified":"2026-01-08T18:48:28","modified_gmt":"2026-01-08T17:48:28","slug":"acceso","status":"publish","type":"page","link":"https:\/\/www.taubenmarkt-kassel.de\/es\/acceso\/","title":{"rendered":"Acceso"},"content":{"rendered":"\n\n  <div class=\"banner has-hover\" id=\"banner-733310334\">\n          <div class=\"banner-inner fill\">\n        <div class=\"banner-bg fill\" >\n            <div class=\"bg fill bg-fill \"><\/div>\n                                    \n                    <\/div>\n\t\t\n        <div class=\"banner-layers container\">\n            <div class=\"fill banner-link\"><\/div>            \n\n\t<div class=\"img has-hover x50 md-x50 lg-x50 y20 md-y20 lg-y20\" id=\"image_276970565\">\n\t\t\t\t\t\t\t\t<div class=\"img-inner dark\" >\n\t\t\t<img loading=\"lazy\" decoding=\"async\" width=\"111\" height=\"112\" src=\"https:\/\/www.taubenmarkt-kassel.de\/wp-content\/uploads\/2017\/11\/logo-messe-kassel.png\" class=\"attachment-large size-large\" alt=\"\" \/>\t\t\t\t\t\t\n\t\t\t\t\t<\/div>\n\t\t\t\t\t\t\t\t\n<style>\n#image_276970565 {\n  width: 10%;\n}\n<\/style>\n\t<\/div>\n\t\n\n   <div id=\"text-box-799971457\" class=\"text-box banner-layer x50 md-x50 lg-x50 y85 md-y85 lg-y85 res-text\">\n                                <div class=\"text-box-content text \">\n              \n              <div class=\"text-inner text-center\">\n                  \n\n<h3><strong>Messe Kassel<\/strong><\/h3>\n<h4>Damaschkestrasse 55, 34121 Kassel<\/h4>\n\n              <\/div>\n           <\/div>\n                            \n<style>\n#text-box-799971457 {\n  width: 49%;\n}\n#text-box-799971457 .text-box-content {\n  font-size: 100%;\n}\n<\/style>\n    <\/div>\n \n\n        <\/div>\n      <\/div>\n\n            \n<style>\n#banner-733310334 {\n  padding-top: 350px;\n  background-color: rgb(255,255,255);\n}\n#banner-733310334 .ux-shape-divider--top svg {\n  height: 150px;\n  --divider-top-width: 100%;\n}\n#banner-733310334 .ux-shape-divider--bottom svg {\n  height: 150px;\n  --divider-width: 100%;\n}\n<\/style>\n  <\/div>\n\n\n\n\n <div class=\"brlbs-cmpnt-container brlbs-cmpnt-content-blocker brlbs-cmpnt-with-individual-styles\" data-borlabs-cookie-content-blocker-id=\"google-maps\" data-borlabs-cookie-content=\"CjxkaXYgaWQ9IndyYXBwZXItOWNkMTk5YjljYzU0MTBjZDNiMWFkMjFjYWIyZTU0ZDMiPgo8ZGl2IGlkPSJtYXAtOWNkMTk5YjljYzU0MTBjZDNiMWFkMjFjYWIyZTU0ZDMiPjwvZGl2Pgo8cD48c2NyaXB0PihmdW5jdGlvbiAoKSB7CiAgICAgICAgdmFyIHNldHRpbmcgPSB7ImhlaWdodCI6NDIwLCJ3aWR0aCI6MTkyMCwiem9vbSI6MTAsInF1ZXJ5U3RyaW5nIjoiSW50ZXJuYXRpb25hbGVyIFRhdWJlbk1hcmt0IEthc3NlbCwgRGFtYXNjaGtlc3RyYcOfZSA1NSwgMzQxMjEgS2Fzc2VsLCBHZXJtYW55IiwicGxhY2VfaWQiOiJDaElKZDduQnlHYlJ2a2NSb1YyNjFpbEVKMmciLCJzYXRlbGxpdGUiOmZhbHNlLCJjZW50ZXJDb29yZCI6WzUxLjI4Nzg2ODUxOTgxMzI4LDkuNDk0MDkzMDk5OTk5OTk1XSwiY2lkIjoiMHg2ODI3NDQyOWQ2YmE1ZGExIiwibGFuZyI6ImVuIiwiY2l0eVVybCI6Ii9nZXJtYW55L2thc3NlbC0xODgzMCIsImNpdHlBbmNob3JUZXh0IjoiTWFwIG9mIEthc3NlbCwgSGVzc2UsIEdlcm1hbnkiLCJpZCI6Im1hcC05Y2QxOTliOWNjNTQxMGNkM2IxYWQyMWNhYjJlNTRkMyIsImVtYmVkX2lkIjoiOTIxOTg0In07CiAgICAgICAgdmFyIGQgPSBkb2N1bWVudDsKICAgICAgICB2YXIgcyA9IGQuY3JlYXRlRWxlbWVudCgnc2NyaXB0Jyk7CiAgICAgICAgcy5zcmMgPSAnaHR0cHM6Ly8xbWFwLmNvbS9qcy9zY3JpcHQtZm9yLXVzZXIuanM\/ZW1iZWRfaWQ9OTIxOTg0JzsKICAgICAgICBzLmFzeW5jID0gdHJ1ZTsKICAgICAgICBzLm9ubG9hZCA9IGZ1bmN0aW9uIChlKSB7CiAgICAgICAgICB3aW5kb3cuT25lTWFwLmluaXRNYXAoc2V0dGluZykKICAgICAgICB9OwogICAgICAgIHZhciB0byA9IGQuZ2V0RWxlbWVudHNCeVRhZ05hbWUoJ3NjcmlwdCcpWzBdOwogICAgICAgIHRvLnBhcmVudE5vZGUuaW5zZXJ0QmVmb3JlKHMsIHRvKTsKICAgICAgfSkoKTs8L3NjcmlwdD48YSBocmVmPSJodHRwczovLzFtYXAuY29tL21hcC1lbWJlZCI+MSBNYXA8L2E+PC9kaXY+Cg==\"><div class=\"brlbs-cmpnt-cb-preset-b brlbs-cmpnt-cb-google-maps\"> <div class=\"brlbs-cmpnt-cb-thumbnail\" style=\"background-image: url('https:\/\/www.taubenmarkt-kassel.de\/wp-content\/uploads\/borlabs-cookie\/1\/brlbs-cb-google-maps-main.png')\"><\/div> <div class=\"brlbs-cmpnt-cb-main\"> <div class=\"brlbs-cmpnt-cb-content\"> <p class=\"brlbs-cmpnt-cb-description\">Est\u00e1s viendo un contenido de marcador de posici\u00f3n de <strong>Google Maps<\/strong>. Para acceder al contenido real, haz clic en el siguiente bot\u00f3n. Ten en cuenta que al hacerlo compartir\u00e1s datos con terceros proveedores.<\/p> <a class=\"brlbs-cmpnt-cb-provider-toggle\" href=\"#\" data-borlabs-cookie-show-provider-information role=\"button\">M\u00e1s informaci\u00f3n<\/a> <\/div> <div class=\"brlbs-cmpnt-cb-buttons\"> <a class=\"brlbs-cmpnt-cb-btn\" href=\"#\" data-borlabs-cookie-unblock role=\"button\">Desbloquear contenido<\/a> <a class=\"brlbs-cmpnt-cb-btn\" href=\"#\" data-borlabs-cookie-accept-service role=\"button\" style=\"display: inherit\">Aceptar el servicio requerido y desbloquear los contenidos<\/a> <\/div> <\/div> <\/div><\/div>\n\n\t<div id=\"text-4241489874\" class=\"text hidden\">\n\t\t\n\n<div id=\"wrapper-9cd199b9cc5410cd3b1ad21cab2e54d3\">\n<div id=\"map-9cd199b9cc5410cd3b1ad21cab2e54d3\"><\/div>\n<p><script>(function () {\n        var setting = {\"height\":420,\"width\":1920,\"zoom\":10,\"queryString\":\"Internationaler TaubenMarkt Kassel, Damaschkestra\u00dfe 55, 34121 Kassel, Germany\",\"place_id\":\"ChIJd7nByGbRvkcRoV261ilEJ2g\",\"satellite\":false,\"centerCoord\":[51.28786851981328,9.494093099999995],\"cid\":\"0x68274429d6ba5da1\",\"lang\":\"en\",\"cityUrl\":\"\/germany\/kassel-18830\",\"cityAnchorText\":\"Map of Kassel, Hesse, Germany\",\"id\":\"map-9cd199b9cc5410cd3b1ad21cab2e54d3\",\"embed_id\":\"921984\"};\n        var d = document;\n        var s = d.createElement('script');\n        s.src = 'https:\/\/1map.com\/js\/script-for-user.js?embed_id=921984';\n        s.async = true;\n        s.onload = function (e) {\n          window.OneMap.initMap(setting)\n        };\n        var to = d.getElementsByTagName('script')[0];\n        to.parentNode.insertBefore(s, to);\n      })();<\/script><a href=\"https:\/\/1map.com\/map-embed\" target=\"_blank\" rel=\"noopener\">1 Map<\/a><\/div>\n\t\t\t<\/div>\n\t\n<div class=\"row\"  id=\"row-1997574020\">\n\n\n\t<div id=\"col-1903418711\" class=\"col small-12 large-12\"  >\n\t\t\t\t<div class=\"col-inner\"  >\n\t\t\t\n\t\t\t\n\n\t<div id=\"gap-132348978\" class=\"gap-element clearfix\" style=\"display:block; height:auto;\">\n\t\t\n<style>\n#gap-132348978 {\n  padding-top: 30px;\n}\n<\/style>\n\t<\/div>\n\t\n\n<div class=\"container section-title-container\" ><h3 class=\"section-title section-title-center\"><b><\/b><span class=\"section-title-main\" >Muchos caminos les llevan a Kassel - encuentra el suyo<\/span><b><\/b><\/h3><\/div>\n\n\n\t\t<div class=\"tabbed-content\">\n\t\t\t\n\t\t\t<ul class=\"nav nav-line nav-vertical nav-normal nav-size-normal nav-center\" role=\"tablist\"><li id=\"tab-direcci\u00f3n-de-destino\" class=\"tab active has-icon\" role=\"presentation\"><a href=\"#tab_direcci\u00f3n-de-destino\" role=\"tab\" aria-selected=\"true\" aria-controls=\"tab_direcci\u00f3n-de-destino\"><span>Direcci\u00f3n de destino<\/span><\/a><\/li>\n<li id=\"tab-del-norte\" class=\"tab has-icon\" role=\"presentation\"><a href=\"#tab_del-norte\" tabindex=\"-1\" role=\"tab\" aria-selected=\"false\" aria-controls=\"tab_del-norte\"><span>del norte<\/span><\/a><\/li>\n<li id=\"tab-del-oeste\" class=\"tab has-icon\" role=\"presentation\"><a href=\"#tab_del-oeste\" tabindex=\"-1\" role=\"tab\" aria-selected=\"false\" aria-controls=\"tab_del-oeste\"><span>del oeste<\/span><\/a><\/li>\n<li id=\"tab-del-suroeste\" class=\"tab has-icon\" role=\"presentation\"><a href=\"#tab_del-suroeste\" tabindex=\"-1\" role=\"tab\" aria-selected=\"false\" aria-controls=\"tab_del-suroeste\"><span>del suroeste<\/span><\/a><\/li>\n<li id=\"tab-del-sur\" class=\"tab has-icon\" role=\"presentation\"><a href=\"#tab_del-sur\" tabindex=\"-1\" role=\"tab\" aria-selected=\"false\" aria-controls=\"tab_del-sur\"><span>del sur<\/span><\/a><\/li>\n<li id=\"tab-del-este\" class=\"tab has-icon\" role=\"presentation\"><a href=\"#tab_del-este\" tabindex=\"-1\" role=\"tab\" aria-selected=\"false\" aria-controls=\"tab_del-este\"><span>del este<\/span><\/a><\/li>\n<li id=\"tab-llegada-por-tren-ice\" class=\"tab has-icon\" role=\"presentation\"><a href=\"#tab_llegada-por-tren-ice\" tabindex=\"-1\" role=\"tab\" aria-selected=\"false\" aria-controls=\"tab_llegada-por-tren-ice\"><span>Llegada por tren ICE<\/span><\/a><\/li>\n<li id=\"tab-desde-la-estaci\u00f3n-principal\" class=\"tab has-icon\" role=\"presentation\"><a href=\"#tab_desde-la-estaci\u00f3n-principal\" tabindex=\"-1\" role=\"tab\" aria-selected=\"false\" aria-controls=\"tab_desde-la-estaci\u00f3n-principal\"><span>desde la estaci\u00f3n principal<\/span><\/a><\/li><\/ul><div class=\"tab-panels\"><div id=\"tab_direcci\u00f3n-de-destino\" class=\"panel active entry-content\" role=\"tabpanel\" aria-labelledby=\"tab-direcci\u00f3n-de-destino\">\n\n<p>Ingrese la siguiente direcci\u00f3n como destino en su dispositivo de navegaci\u00f3n:<br \/>\n<strong>34121 Kassel, Damaschkestra\u00dfe 55<\/strong><\/p>\n\n<\/div>\n<div id=\"tab_del-norte\" class=\"panel entry-content\" role=\"tabpanel\" aria-labelledby=\"tab-del-norte\">\n\n<p>Salga de la A7 en \u00abKreuz Kassel-Mitte\u00bb hacia la A49 en direcci\u00f3n a Marburg. Salida \u00abKassel-Waldau \/ Messehallen\u00bb<\/p>\n\n<\/div>\n<div id=\"tab_del-oeste\" class=\"panel entry-content\" role=\"tabpanel\" aria-labelledby=\"tab-del-oeste\">\n\n<p>Deje la A44 en \u00abKreuz Kassel-West\u00bb en la A49 direcci\u00f3n Kassel-Zentrum, a continuaci\u00f3n salida \u00bb Auestadion \/ Messehallen\u00bby despu\u00e9s de 1700 metros gire a la derecha (se\u00f1alizaci\u00f3n) de Aparcamiento Fuldaauen).<\/p>\n\n<\/div>\n<div id=\"tab_del-suroeste\" class=\"panel entry-content\" role=\"tabpanel\" aria-labelledby=\"tab-del-suroeste\">\n\n<p>Deje la A49 salida \u00bb Auestadion \/ Messehallen\u00bb y despu\u00e9s de 1700 metros gire a la derecha se\u00f1alizaci\u00f3n) Aparcamiento Fuldaauen).<\/p>\n\n<\/div>\n<div id=\"tab_del-sur\" class=\"panel entry-content\" role=\"tabpanel\" aria-labelledby=\"tab-del-sur\">\n\n<p>Salga de la A7 en \u00abKreuz Kassel-Mitte\u00bb hacia la A49 en direcci\u00f3n a Marburg. Salida \u00abKassel-Waldau \/Messehallen\u00bb.<\/p>\n\n<\/div>\n<div id=\"tab_del-este\" class=\"panel entry-content\" role=\"tabpanel\" aria-labelledby=\"tab-del-este\">\n\n<p>En la B 7 direcci\u00f3n Kassel, en la rampa \u00abKassel-Ost\u00bb en la A7 direcci\u00f3n Frankfurt \/ W\u00fcrzburg. Salga de la A7 en \u00abKreuz Kassel-Mitte\u00bb hacia la A49 en direcci\u00f3n a Marburg. Salida \u00abKassel-Waldau \/Messehallen\u00bb.<\/p>\n\n<\/div>\n<div id=\"tab_llegada-por-tren-ice\" class=\"panel entry-content\" role=\"tabpanel\" aria-labelledby=\"tab-llegada-por-tren-ice\">\n\n<p>Tome la l\u00ednea de tranv\u00eda 1, 3 o 7 hasta la parada Kirchweg. Cambie a la l\u00ednea de autob\u00fas 25 para detener Messehallen.<\/p>\n\n<\/div>\n<div id=\"tab_desde-la-estaci\u00f3n-principal\" class=\"panel entry-content\" role=\"tabpanel\" aria-labelledby=\"tab-desde-la-estaci\u00f3n-principal\">\n\n<p>Tome la RT3 (RT5 temporalmente) hasta la parada \u00bb Auestadion\u00bb &#8211; cambie a la l\u00ednea 25 de autob\u00fas &#8211; b\u00e1jese en la parada \u00abMessehallen\u00bb<\/p>\n<p>&nbsp;<\/p>\n<p><strong>o<\/strong><\/p>\n<p>&nbsp;<\/p>\n<p>conducir con una de las l\u00edneas de autobuses enumerados arriba &#8211; parada K\u00f6nigsplatz \/ Mauerstra\u00dfe- 2 minutos a pie hasta K\u00f6nigsplatz &#8211; para entonces la l\u00ednea de tranv\u00eda 5, 6 o 9 a la parada \u00abAuestadion\u00bb y pues la linea 25 &#8211; parada \u00abMessehallen\u00bb<\/p>\n\n<\/div><\/div><\/div>\n\n\t\t<\/div>\n\t\t\t\t\t<\/div>\n\n\t\n\n<\/div>\n\t<div id=\"gap-1172285361\" class=\"gap-element clearfix\" style=\"display:block; height:auto;\">\n\t\t\n<style>\n#gap-1172285361 {\n  padding-top: 30px;\n}\n<\/style>\n\t<\/div>\n\t\n\n<div class=\"row\"  id=\"row-969103202\">\n\n\n\t<div id=\"col-130716652\" class=\"col small-12 large-12\"  >\n\t\t\t\t<div class=\"col-inner text-center\"  >\n\t\t\t\n\t\t\t\n\n\t<div class=\"img has-hover x md-x lg-x y md-y lg-y\" id=\"image_253162495\">\n\t\t\t\t\t\t\t\t<div class=\"img-inner dark\" >\n\t\t\t<img loading=\"lazy\" decoding=\"async\" width=\"990\" height=\"325\" src=\"https:\/\/www.taubenmarkt-kassel.de\/wp-content\/uploads\/2017\/11\/itm_logo-2.png\" class=\"attachment-large size-large\" alt=\"\" srcset=\"https:\/\/www.taubenmarkt-kassel.de\/wp-content\/uploads\/2017\/11\/itm_logo-2.png 990w, https:\/\/www.taubenmarkt-kassel.de\/wp-content\/uploads\/2017\/11\/itm_logo-2-300x98.png 300w, https:\/\/www.taubenmarkt-kassel.de\/wp-content\/uploads\/2017\/11\/itm_logo-2-768x252.png 768w\" sizes=\"auto, (max-width: 990px) 100vw, 990px\" \/>\t\t\t\t\t\t\n\t\t\t\t\t<\/div>\n\t\t\t\t\t\t\t\t\n<style>\n#image_253162495 {\n  width: 25%;\n}\n<\/style>\n\t<\/div>\n\t\n\n\n\t\t<\/div>\n\t\t\t\t\t<\/div>\n\n\t\n\n<\/div>\n\t<div id=\"gap-142238406\" class=\"gap-element clearfix\" style=\"display:block; height:auto;\">\n\t\t\n<style>\n#gap-142238406 {\n  padding-top: 30px;\n}\n<\/style>\n\t<\/div>\n\t\n\n\t<section class=\"section dark\" id=\"section_1853462341\">\n\t\t<div class=\"bg section-bg fill bg-fill  bg-loaded\" >\n\n\t\t\t\n\t\t\t\n\t\t\t\n\n\t\t<\/div>\n\n\t\t\n\n\t\t<div class=\"section-content relative\">\n\t\t\t\n\n<h1 style=\"text-align: center;\">Alrededor del recinto ferial encontrar\u00e1 un amplio estacionamiento gratuito<br \/>\n<\/h1>\n\n\t\t<\/div>\n\n\t\t\n<style>\n#section_1853462341 {\n  padding-top: 50px;\n  padding-bottom: 50px;\n  background-color: #D22511;\n}\n#section_1853462341 .ux-shape-divider--top svg {\n  height: 150px;\n  --divider-top-width: 100%;\n}\n#section_1853462341 .ux-shape-divider--bottom svg {\n  height: 150px;\n  --divider-width: 100%;\n}\n<\/style>\n\t<\/section>\n\t\n<div class=\"row row-full-width\"  id=\"row-1715978482\">\n\n\n<\/div>\n\t<div id=\"gap-710815500\" class=\"gap-element clearfix\" style=\"display:block; height:auto;\">\n\t\t\n<style>\n#gap-710815500 {\n  padding-top: 30px;\n}\n<\/style>\n\t<\/div>\n\t\n\n<div class=\"row\"  id=\"row-1662984959\">\n\n\n\t<div id=\"col-1483023306\" class=\"col small-12 large-12\"  >\n\t\t\t\t<div class=\"col-inner\"  >\n\t\t\t\n\t\t\t\n\n<div class=\"row\"  id=\"row-1633400439\">\n\n\n\t<div id=\"col-158236909\" class=\"col medium-2 small-12 large-2\"  >\n\t\t\t\t<div class=\"col-inner\"  >\n\t\t\t\n\t\t\t\n\n\n\t\t<\/div>\n\t\t\t\t\t<\/div>\n\n\t\n\n\t<div id=\"col-338479521\" class=\"col medium-8 small-12 large-8\"  >\n\t\t\t\t<div class=\"col-inner\"  >\n\t\t\t\n\t\t\t\n\n<p>\u2022Los autobuses pueden conducir hasta las salas de exposiciones y aparcar en el estacionamiento D.<br \/>\n\u2022 Los autobuses toman la salida Kassel-Waldau.<br \/>\n\u2022 Si el estacionamiento D est\u00e1 ocupado, los autobuses vac\u00edos pueden continuar estacionando en Auedamm.<br \/>\n\u2022 El puente sobre el Fulda a\u00fan est\u00e1 cerrado para todos los veh\u00edculos de m\u00e1s de 12 toneladas.<\/p>\n\n\t\t<\/div>\n\t\t\t\t\t<\/div>\n\n\t\n\n<\/div>\n<p><center>Indicio: Los encargados de autobuses y las asociaciones piden<br \/>\ndel organizador las entradas en r\u00e9gimen de venta anticipada. <br \/>\nEsto ahorra tiempos de espera en las taquillas.<\/center><\/p>\n\n\t\t<\/div>\n\t\t\t\t\t<\/div>\n\n\t\n\n\t<div id=\"col-1596832916\" class=\"col small-12 large-12\"  >\n\t\t\t\t<div class=\"col-inner text-center\"  >\n\t\t\t\n\t\t\t\n\n<div class=\"row align-center\"  id=\"row-1905611467\">\n\n\n\t<div id=\"col-1899746975\" class=\"col medium-1 small-12 large-1\"  >\n\t\t\t\t<div class=\"col-inner\"  >\n\t\t\t\n\t\t\t\n\n\n\t\t<\/div>\n\t\t\t\t\t<\/div>\n\n\t\n\n\t<div id=\"col-189585786\" class=\"col medium-3 small-12 large-3\"  >\n\t\t\t\t<div class=\"col-inner\"  >\n\t\t\t\n\t\t\t\n\n\t<div id=\"gap-338133346\" class=\"gap-element clearfix\" style=\"display:block; height:auto;\">\n\t\t\n<style>\n#gap-338133346 {\n  padding-top: 40px;\n}\n<\/style>\n\t<\/div>\n\t\n\n<p style=\"text-align: right;\">Nos complace ayudarle a planificar su visita a la feria.<\/p>\n\n\t\t<\/div>\n\t\t\t\t\t<\/div>\n\n\t\n\n\t<div id=\"col-2028077009\" class=\"col medium-6 small-12 large-6\"  >\n\t\t\t\t<div class=\"col-inner text-center\"  >\n\t\t\t\n\t\t\t\n\n<blockquote>\n<p>\u00a0<\/p>\n<table border=\"0\" width=\"400\" cellspacing=\"1\" cellpadding=\"1\">\n<tbody>\n<tr>\n<td class=\"tabellentext\" width=\"70\">tel\u00e9fono<\/td>\n<td class=\"tabellentext\" width=\"323\">+49-2268-1591<\/td>\n<\/tr>\n<tr>\n<td class=\"tabellentext\">correo electr\u00f3nico<\/td>\n<td class=\"tabellentext\">info@taubenmarkt-kassel.de<\/td>\n<\/tr>\n<\/tbody>\n<\/table>\n<p>\u00a0<\/p>\n<\/blockquote>\n\n\n\t\t<\/div>\n\t\t\t\t\t<\/div>\n\n\t\n\n<\/div>\n\n\t\t<\/div>\n\t\t\t\t\t<\/div>\n\n\t\n\n<\/div>\n<div class=\"container section-title-container\" ><h3 class=\"section-title section-title-center\"><b><\/b><span class=\"section-title-main\" >\u00a1Esperamos verle!<\/span><b><\/b><\/h3><\/div>\n\n\n","protected":false},"excerpt":{"rendered":"","protected":false},"author":5,"featured_media":0,"parent":0,"menu_order":0,"comment_status":"closed","ping_status":"closed","template":"page-blank.php","meta":{"footnotes":""},"class_list":["post-937","page","type-page","status-publish","hentry"],"_links":{"self":[{"href":"https:\/\/www.taubenmarkt-kassel.de\/es\/wp-json\/wp\/v2\/pages\/937","targetHints":{"allow":["GET"]}}],"collection":[{"href":"https:\/\/www.taubenmarkt-kassel.de\/es\/wp-json\/wp\/v2\/pages"}],"about":[{"href":"https:\/\/www.taubenmarkt-kassel.de\/es\/wp-json\/wp\/v2\/types\/page"}],"author":[{"embeddable":true,"href":"https:\/\/www.taubenmarkt-kassel.de\/es\/wp-json\/wp\/v2\/users\/5"}],"replies":[{"embeddable":true,"href":"https:\/\/www.taubenmarkt-kassel.de\/es\/wp-json\/wp\/v2\/comments?post=937"}],"version-history":[{"count":6,"href":"https:\/\/www.taubenmarkt-kassel.de\/es\/wp-json\/wp\/v2\/pages\/937\/revisions"}],"predecessor-version":[{"id":31853,"href":"https:\/\/www.taubenmarkt-kassel.de\/es\/wp-json\/wp\/v2\/pages\/937\/revisions\/31853"}],"wp:attachment":[{"href":"https:\/\/www.taubenmarkt-kassel.de\/es\/wp-json\/wp\/v2\/media?parent=937"}],"curies":[{"name":"wp","href":"https:\/\/api.w.org\/{rel}","templated":true}]}}