{"id":5719,"date":"2018-07-02T23:45:08","date_gmt":"2018-07-02T21:45:08","guid":{"rendered":"https:\/\/www.taubenmarktkassel.de\/?page_id=5719"},"modified":"2025-12-01T21:58:45","modified_gmt":"2025-12-01T20:58:45","slug":"subscription","status":"publish","type":"page","link":"https:\/\/www.taubenmarkt-kassel.de\/es\/subscription\/","title":{"rendered":"Subscription"},"content":{"rendered":"\n<span class=\"scroll-to\" data-label=\"Scroll to: #head\" data-bullet=\"false\" data-link=\"#head\" data-title=\"Change this\"><a name=\"head\"><\/a><\/span>\n\n\t<div id=\"gap-643053829\" class=\"gap-element clearfix\" style=\"display:block; height:auto;\">\n\t\t\n<style>\n#gap-643053829 {\n  padding-top: 30px;\n}\n<\/style>\n\t<\/div>\n\t\n\n<div class=\"row\"  id=\"row-1434681693\">\n\n\n\t<div id=\"col-1120593696\" class=\"col small-12 large-12\"  >\n\t\t\t\t<div class=\"col-inner\"  >\n\t\t\t\n\t\t\t\n\n<div class=\"container section-title-container\" ><h3 class=\"section-title section-title-center\"><b><\/b><span class=\"section-title-main\" >La revista - TaubenMarkt\/Die Sporttaube<\/span><b><\/b><\/h3><\/div>\n\n\n  <div class=\"banner has-hover\" id=\"banner-1310673108\">\n          <div class=\"banner-inner fill\">\n        <div class=\"banner-bg fill\" >\n            <div class=\"bg fill bg-fill \"><\/div>\n                                    \n                    <\/div>\n\t\t\n        <div class=\"banner-layers container\">\n            <div class=\"fill banner-link\"><\/div>            \n\n   <div id=\"text-box-1944806176\" class=\"text-box banner-layer x5 md-x5 lg-x5 y10 md-y10 lg-y10 res-text\">\n                                <div class=\"text-box-content text \">\n              \n              <div class=\"text-inner text-left\">\n                  \n\n<p>Por solo 52,- \u20ac por a\u00f1o, recibe una vez al mes:<\/p>\n<div class=\"text \">\n<div class=\"text-inner text-left\">\n<ul>\n<li>Informaciones actuales y especializadas<\/li>\n<li>Reportajes significativos de criadores experimentados<\/li>\n<li>Relatos del palomar del interior y exterior<\/li>\n<li>Pensamientos sobre el presente y el futuro del deporte de las<br \/>palomas mensajeras<\/li>\n<li>Informaciones sobre eventos deportivos de palomas mensajeras<br \/>nacionales y internacionales<\/li>\n<li>Cada edici\u00f3n imprimido con una t\u00e9cnica moderna de 4 colores<\/li>\n<\/ul>\n<\/div>\n<\/div>\n\n              <\/div>\n           <\/div>\n                            \n<style>\n#text-box-1944806176 {\n  width: 60%;\n}\n#text-box-1944806176 .text-box-content {\n  font-size: 100%;\n}\n<\/style>\n    <\/div>\n \n\t<div class=\"img has-hover x90 md-x90 lg-x90 y10 md-y10 lg-y10\" id=\"image_185105974\">\n\t\t\t\t\t\t\t\t<div class=\"img-inner dark\" >\n\t\t\t<img loading=\"lazy\" decoding=\"async\" width=\"250\" height=\"354\" src=\"https:\/\/www.taubenmarkt-kassel.de\/wp-content\/uploads\/2024\/11\/Titel.png\" class=\"attachment-original size-original\" alt=\"\" srcset=\"https:\/\/www.taubenmarkt-kassel.de\/wp-content\/uploads\/2024\/11\/Titel.png 250w, https:\/\/www.taubenmarkt-kassel.de\/wp-content\/uploads\/2024\/11\/Titel-212x300.png 212w\" sizes=\"auto, (max-width: 250px) 100vw, 250px\" \/>\t\t\t\t\t\t\n\t\t\t\t\t<\/div>\n\t\t\t\t\t\t\t\t\n<style>\n#image_185105974 {\n  width: 25%;\n}\n<\/style>\n\t<\/div>\n\t\n\n\n        <\/div>\n      <\/div>\n\n            \n<style>\n#banner-1310673108 {\n  padding-top: 500px;\n  background-color: rgb(255,255,255);\n}\n#banner-1310673108 .ux-shape-divider--top svg {\n  height: 150px;\n  --divider-top-width: 100%;\n}\n#banner-1310673108 .ux-shape-divider--bottom svg {\n  height: 150px;\n  --divider-width: 100%;\n}\n<\/style>\n  <\/div>\n\n\n\n\t\t<\/div>\n\t\t\t\t\t<\/div>\n\n\t\n\n<\/div>\n\t<div id=\"gap-464505482\" class=\"gap-element clearfix\" style=\"display:block; height:auto;\">\n\t\t\n<style>\n#gap-464505482 {\n  padding-top: 30px;\n}\n<\/style>\n\t<\/div>\n\t\n\n\t<section class=\"section has-mask mask-angled-large has-parallax\" id=\"section_71677374\">\n\t\t<div class=\"bg section-bg fill bg-fill  \" data-parallax-container=\".section\" data-parallax-background data-parallax=\"-2\">\n\n\t\t\t\n\t\t\t\n\t\t\t\n\n\t\t<\/div>\n\n\t\t\n\n\t\t<div class=\"section-content relative\">\n\t\t\t\n\n\n\t\t<\/div>\n\n\t\t\n<style>\n#section_71677374 {\n  padding-top: 100px;\n  padding-bottom: 100px;\n}\n#section_71677374 .section-bg.bg-loaded {\n  background-image: url(https:\/\/www.taubenmarkt-kassel.de\/wp-content\/uploads\/2017\/11\/IMG_2379.jpg);\n}\n#section_71677374 .section-bg {\n  background-position: 30% 32%;\n}\n#section_71677374 .ux-shape-divider--top svg {\n  height: 150px;\n  --divider-top-width: 100%;\n}\n#section_71677374 .ux-shape-divider--bottom svg {\n  height: 150px;\n  --divider-width: 100%;\n}\n<\/style>\n\t<\/section>\n\t\n<span class=\"scroll-to\" data-label=\"Scroll to: #karten\" data-bullet=\"false\" data-link=\"#karten\" data-title=\"Karten\"><a name=\"karten\"><\/a><\/span>\n\n<span class=\"scroll-to\" data-label=\"Scroll to: #abo\" data-bullet=\"false\" data-link=\"#abo\" data-title=\"Abo\"><a name=\"abo\"><\/a><\/span>\n\n<div class=\"is-divider divider clearfix\" style=\"max-width:100%;background-color:rgb(210, 37, 17);\"><\/div>\n\n\t<div id=\"gap-574756183\" class=\"gap-element clearfix\" style=\"display:block; height:auto;\">\n\t\t\n<style>\n#gap-574756183 {\n  padding-top: 30px;\n}\n<\/style>\n\t<\/div>\n\t\n\n<div class=\"row\"  id=\"row-1359527572\">\n\n\n\t<div id=\"col-1499333825\" class=\"col small-12 large-12\"  >\n\t\t\t\t<div class=\"col-inner\"  >\n\t\t\t\n\t\t\t\n\n<div class=\"container section-title-container\" ><h3 class=\"section-title section-title-center\"><b><\/b><span class=\"section-title-main\" >Subscription<\/span><b><\/b><\/h3><\/div>\n\n\n<div class=\"wpcf7 no-js\" id=\"wpcf7-f6014-o1\" lang=\"de-DE\" dir=\"ltr\" data-wpcf7-id=\"6014\">\n<div class=\"screen-reader-response\"><p role=\"status\" aria-live=\"polite\" aria-atomic=\"true\"><\/p> <ul><\/ul><\/div>\n<form action=\"\/es\/wp-json\/wp\/v2\/pages\/5719#wpcf7-f6014-o1\" method=\"post\" class=\"wpcf7-form init\" aria-label=\"Kontaktformular\" novalidate=\"novalidate\" data-status=\"init\">\n<fieldset class=\"hidden-fields-container\"><input type=\"hidden\" name=\"_wpcf7\" value=\"6014\" \/><input type=\"hidden\" name=\"_wpcf7_version\" value=\"6.1.5\" \/><input type=\"hidden\" name=\"_wpcf7_locale\" value=\"de_DE\" \/><input type=\"hidden\" name=\"_wpcf7_unit_tag\" value=\"wpcf7-f6014-o1\" \/><input type=\"hidden\" name=\"_wpcf7_container_post\" value=\"0\" \/><input type=\"hidden\" name=\"_wpcf7_posted_data_hash\" value=\"\" \/>\n<\/fieldset>\n<p><span class=\"wpcf7-form-control-wrap\" data-name=\"Name\"><input size=\"40\" maxlength=\"400\" class=\"wpcf7-form-control wpcf7-text wpcf7-validates-as-required\" aria-required=\"true\" aria-invalid=\"false\" placeholder=\"Nombre y nombre\" value=\"\" type=\"text\" name=\"Name\" \/><\/span><br \/>\n<span class=\"wpcf7-form-control-wrap\" data-name=\"Strasse\"><input size=\"40\" maxlength=\"400\" class=\"wpcf7-form-control wpcf7-text wpcf7-validates-as-required\" aria-required=\"true\" aria-invalid=\"false\" placeholder=\"Calle y n\u00famero de casa\" value=\"\" type=\"text\" name=\"Strasse\" \/><\/span><br \/>\n<span class=\"wpcf7-form-control-wrap\" data-name=\"Ort\"><input size=\"40\" maxlength=\"400\" class=\"wpcf7-form-control wpcf7-text wpcf7-validates-as-required\" aria-required=\"true\" aria-invalid=\"false\" placeholder=\"C\u00f3digo postal y ciudad\" value=\"\" type=\"text\" name=\"Ort\" \/><\/span><br \/>\n<span class=\"wpcf7-form-control-wrap\" data-name=\"Telefon\"><input size=\"40\" maxlength=\"400\" class=\"wpcf7-form-control wpcf7-text wpcf7-validates-as-required\" aria-required=\"true\" aria-invalid=\"false\" placeholder=\"Tel\u00e9fono\" value=\"\" type=\"text\" name=\"Telefon\" \/><\/span><br \/>\n<span class=\"wpcf7-form-control-wrap\" data-name=\"your-email\"><input size=\"40\" maxlength=\"400\" class=\"wpcf7-form-control wpcf7-email wpcf7-validates-as-required wpcf7-text wpcf7-validates-as-email\" aria-required=\"true\" aria-invalid=\"false\" placeholder=\"correo electr\u00f3nico\" value=\"\" type=\"email\" name=\"your-email\" \/><\/span><br \/>\n<span class=\"wpcf7-form-control-wrap\" data-name=\"radio-210\"><span class=\"wpcf7-form-control wpcf7-radio\"><span class=\"wpcf7-list-item first\"><input type=\"radio\" name=\"radio-210\" value=\"Pago el 52,- \u20ac por transferencia bancaria despu\u00e9s del recibo de la factura.\" checked=\"checked\" \/><span class=\"wpcf7-list-item-label\">Pago el 52,- \u20ac por transferencia bancaria despu\u00e9s del recibo de la factura.<\/span><\/span><span class=\"wpcf7-list-item last\"><input type=\"radio\" name=\"radio-210\" value=\"Me gustar\u00eda pagar los 52,- \u20ac c\u00f3modamente mediante d\u00e9bito directo.\" \/><span class=\"wpcf7-list-item-label\">Me gustar\u00eda pagar los 52,- \u20ac c\u00f3modamente mediante d\u00e9bito directo.<\/span><\/span><\/span><\/span>\n<\/p>\n<p>Si ha seleccionado \"d\u00e9bito directo\", por favor, h\u00e1ganos saber sus datos bancarios.\n<\/p>\n<p><span class=\"wpcf7-form-control-wrap\" data-name=\"Iban\"><input size=\"40\" maxlength=\"400\" class=\"wpcf7-form-control wpcf7-text\" aria-invalid=\"false\" placeholder=\"IBAN\" value=\"\" type=\"text\" name=\"Iban\" \/><\/span><br \/>\n<span class=\"wpcf7-form-control-wrap\" data-name=\"Bic\"><input size=\"40\" maxlength=\"400\" class=\"wpcf7-form-control wpcf7-text\" aria-invalid=\"false\" placeholder=\"BIC\" value=\"\" type=\"text\" name=\"Bic\" \/><\/span><br \/>\n<span class=\"wpcf7-form-control-wrap\" data-name=\"Bank\"><input size=\"40\" maxlength=\"400\" class=\"wpcf7-form-control wpcf7-text\" aria-invalid=\"false\" placeholder=\"Banco\" value=\"\" type=\"text\" name=\"Bank\" \/><\/span><br \/>\n<span class=\"wpcf7-form-control-wrap\" data-name=\"checkbox-997\"><span class=\"wpcf7-form-control wpcf7-checkbox wpcf7-validates-as-required\"><span class=\"wpcf7-list-item first last\"><input type=\"checkbox\" name=\"checkbox-997[]\" value=\"S\u00e9 que puedo retirar esta suscripci\u00f3n en 10 d\u00edas \n(marque la confirmaci\u00f3n).\" \/><span class=\"wpcf7-list-item-label\">S\u00e9 que puedo retirar esta suscripci\u00f3n en 10 d\u00edas \n(marque la confirmaci\u00f3n).<\/span><\/span><\/span><\/span>\n<\/p>\n<p><span class=\"wpcf7-form-control-wrap\" data-name=\"your-message\"><textarea cols=\"40\" rows=\"10\" maxlength=\"2000\" class=\"wpcf7-form-control wpcf7-textarea\" aria-invalid=\"false\" placeholder=\"Observaci\u00f3n \/ deseos\" name=\"your-message\"><\/textarea><\/span>\n<\/p>\n<p><span class=\"wpcf7-form-control-wrap kc_captcha\" data-name=\"kc_captcha\"><span class=\"wpcf7-form-control wpcf7-radio\"><span class=\"captcha-image\" ><span class=\"cf7ic_instructions\">Bitte w\u00e4hlen Sie <span> LKW<\/span>.<\/span><label><input aria-label=\"1\" type=\"radio\" name=\"kc_captcha\" value=\"bot\" \/><svg aria-hidden=\"true\" role=\"img\" xmlns=\"http:\/\/www.w3.org\/2000\/svg\" viewBox=\"0 0 576 512\"><path fill=\"currentColor\" d=\"M259 18l-65 132-146 22c-26 3-37 36-18 54l106 103-25 146c-5 26 23 46 46 33l131-68 131 68c23 13 51-7 46-33l-25-146 106-103c19-18 8-51-18-54l-146-22-65-132a32 32 0 00-58 0z\"\/><\/svg><\/label><label><input aria-label=\"2\" type=\"radio\" name=\"kc_captcha\" value=\"bot\" \/><svg aria-hidden=\"true\" role=\"img\" xmlns=\"http:\/\/www.w3.org\/2000\/svg\" viewBox=\"0 0 512 512\"><path fill=\"currentColor\" d=\"M512 176a176 176 0 01-209 173l-24 27a24 24 0 01-18 8h-37v40c0 13-11 24-24 24h-40v40c0 13-11 24-24 24H24c-13 0-24-11-24-24v-78c0-6 3-13 7-17l162-162a176 176 0 11343-55zm-176-48a48 48 0 1096 0 48 48 0 00-96 0z\"\/><\/svg><\/label><label><input aria-label=\"3\" type=\"radio\" name=\"kc_captcha\" value=\"kc_human\" \/><svg aria-hidden=\"true\" role=\"img\" xmlns=\"http:\/\/www.w3.org\/2000\/svg\" viewBox=\"0 0 640 512\"><path fill=\"currentColor\" d=\"M624 352h-16V244c0-13-5-25-14-34L494 110c-9-9-21-14-34-14h-44V48c0-26-21-48-48-48H48C22 0 0 22 0 48v320c0 27 22 48 48 48h16a96 96 0 00192 0h128a96 96 0 00192 0h48c9 0 16-7 16-16v-32c0-9-7-16-16-16zM160 464a48 48 0 110-96 48 48 0 010 96zm320 0a48 48 0 110-96 48 48 0 010 96zm80-208H416V144h44l100 100v12z\"\/><\/svg><\/label>\r\n    <\/span>\r\n    <span style=\"display:none\">\r\n        <input type=\"text\" name=\"kc_honeypot\">\r\n    <\/span><\/span><\/span>\n<\/p>\n<p><input class=\"wpcf7-form-control wpcf7-submit has-spinner button\" type=\"submit\" value=\"enviar\" \/>\n<\/p><div class=\"wpcf7-response-output\" aria-hidden=\"true\"><\/div>\n<\/form>\n<\/div>\n\n\n\n\t\t<\/div>\n\t\t\t\t\t<\/div>\n\n\t\n\n\t<div id=\"col-249998507\" class=\"col show-for-small small-12 large-12\"  >\n\t\t\t\t<div class=\"col-inner\"  >\n\t\t\t\n\t\t\t\n\n<a rel=\"noopener noreferrer\" href=\"https:\/\/taubenmarkt-diesporttaube.1000grad.com\" target=\"_blank\" class=\"button primary lowercase expand\" style=\"border-radius:99px;\">\n    <span>Lesen Sie unser ePaper auch online<\/span>\n  <\/a>\n\n\n\n\t\t<\/div>\n\t\t\t\t\t<\/div>\n\n\t\n\n\t<div id=\"col-960557792\" class=\"col hide-for-small small-12 large-12\"  >\n\t\t\t\t<div class=\"col-inner\"  >\n\t\t\t\n\t\t\t\n\n\n\t\t<\/div>\n\t\t\t\t\t<\/div>\n\n\t\n\n<\/div>\n\n","protected":false},"excerpt":{"rendered":"","protected":false},"author":5,"featured_media":0,"parent":0,"menu_order":0,"comment_status":"closed","ping_status":"closed","template":"page-blank.php","meta":{"footnotes":""},"class_list":["post-5719","page","type-page","status-publish","hentry"],"_links":{"self":[{"href":"https:\/\/www.taubenmarkt-kassel.de\/es\/wp-json\/wp\/v2\/pages\/5719","targetHints":{"allow":["GET"]}}],"collection":[{"href":"https:\/\/www.taubenmarkt-kassel.de\/es\/wp-json\/wp\/v2\/pages"}],"about":[{"href":"https:\/\/www.taubenmarkt-kassel.de\/es\/wp-json\/wp\/v2\/types\/page"}],"author":[{"embeddable":true,"href":"https:\/\/www.taubenmarkt-kassel.de\/es\/wp-json\/wp\/v2\/users\/5"}],"replies":[{"embeddable":true,"href":"https:\/\/www.taubenmarkt-kassel.de\/es\/wp-json\/wp\/v2\/comments?post=5719"}],"version-history":[{"count":16,"href":"https:\/\/www.taubenmarkt-kassel.de\/es\/wp-json\/wp\/v2\/pages\/5719\/revisions"}],"predecessor-version":[{"id":27693,"href":"https:\/\/www.taubenmarkt-kassel.de\/es\/wp-json\/wp\/v2\/pages\/5719\/revisions\/27693"}],"wp:attachment":[{"href":"https:\/\/www.taubenmarkt-kassel.de\/es\/wp-json\/wp\/v2\/media?parent=5719"}],"curies":[{"name":"wp","href":"https:\/\/api.w.org\/{rel}","templated":true}]}}