{"id":17801,"date":"2019-12-19T22:06:51","date_gmt":"2019-12-19T21:06:51","guid":{"rendered":"https:\/\/www.taubenmarktkassel.de\/subscription\/epaper\/"},"modified":"2019-12-19T22:06:51","modified_gmt":"2019-12-19T21:06:51","slug":"epaper","status":"publish","type":"page","link":"https:\/\/www.taubenmarkt-kassel.de\/es\/subscription\/epaper\/","title":{"rendered":"ePaper"},"content":{"rendered":"<span class=\"scroll-to\" data-label=\"Scroll to: #head\" data-bullet=\"false\" data-link=\"#head\" data-title=\"head\"><a name=\"head\"><\/a><\/span>\n<div class=\"row\"  id=\"row-1377435536\">\n\n\t<div id=\"col-1623048082\" class=\"col small-12 large-12\"  >\n\t\t\t\t<div class=\"col-inner text-center\"  >\n\t\t\t\n\t\t\t\n\t<div class=\"img has-hover x md-x lg-x y md-y lg-y\" id=\"image_1206705127\">\n\t\t\t\t\t\t\t\t<div class=\"img-inner dark\" >\n\t\t\t<img loading=\"lazy\" decoding=\"async\" width=\"1000\" height=\"272\" src=\"https:\/\/www.taubenmarkt-kassel.de\/wp-content\/uploads\/2019\/12\/epaper_taubenmarkt-2.png\" class=\"attachment-large size-large\" alt=\"\" srcset=\"https:\/\/www.taubenmarkt-kassel.de\/wp-content\/uploads\/2019\/12\/epaper_taubenmarkt-2.png 1000w, https:\/\/www.taubenmarkt-kassel.de\/wp-content\/uploads\/2019\/12\/epaper_taubenmarkt-2-300x82.png 300w, https:\/\/www.taubenmarkt-kassel.de\/wp-content\/uploads\/2019\/12\/epaper_taubenmarkt-2-768x209.png 768w\" sizes=\"auto, (max-width: 1000px) 100vw, 1000px\" \/>\t\t\t\t\t\t\n\t\t\t\t\t<\/div>\n\t\t\t\t\t\t\t\t\n<style>\n#image_1206705127 {\n  width: 40%;\n}\n<\/style>\n\t<\/div>\n\t\n\t\t<\/div>\n\t\t\t\t\t<\/div>\n\n\t\n<\/div>\n<div class=\"brlbs-cmpnt-container brlbs-cmpnt-content-blocker brlbs-cmpnt-with-individual-styles\" data-borlabs-cookie-content-blocker-id=\"default\" data-borlabs-cookie-content=\"PGlmcmFtZSBzcmM9Imh0dHBzOi8vdGF1YmVubWFya3QtZGllc3BvcnR0YXViZS4xMDAwZ3JhZC5jb20vaW5kZXgucGhwP2xhbmc9ZW4iIHdpZHRoPSIxMDAlIiBoZWlnaHQ9IjgzMHB4Ij48L2lmcmFtZT4=\">\n<div class=\"brlbs-cmpnt-cb-preset-a\">\n<p class=\"brlbs-cmpnt-cb-description\">Est\u00e1s viendo un contenido de marcador de posici\u00f3n de <strong>Predeterminado<\/strong>. Para acceder al contenido real, haz clic en el siguiente bot\u00f3n. Ten en cuenta que al hacerlo compartir\u00e1s datos con terceros proveedores.<\/p>\n<div class=\"brlbs-cmpnt-cb-buttons\"> <a class=\"brlbs-cmpnt-cb-btn\" href=\"#\" data-borlabs-cookie-unblock role=\"button\">Desbloquear contenido<\/a> <a class=\"brlbs-cmpnt-cb-btn\" href=\"#\" data-borlabs-cookie-accept-service role=\"button\" style=\"display: none\">Aceptar el servicio requerido y desbloquear los contenidos<\/a> <\/div>\n<p> <a class=\"brlbs-cmpnt-cb-provider-toggle\" href=\"#\" data-borlabs-cookie-show-provider-information role=\"button\">M\u00e1s informaci\u00f3n<\/a> <\/div>\n<\/div>\n","protected":false},"excerpt":{"rendered":"<p>Est\u00e1s viendo un contenido de marcador de posici\u00f3n de Predeterminado. Para acceder al contenido real, haz clic en el siguiente bot\u00f3n. Ten en cuenta que al hacerlo compartir\u00e1s datos con terceros proveedores. Desbloquear contenido Aceptar el servicio requerido y desbloquear los contenidos M\u00e1s informaci\u00f3n<\/p>\n","protected":false},"author":5,"featured_media":0,"parent":5719,"menu_order":0,"comment_status":"closed","ping_status":"closed","template":"","meta":{"footnotes":""},"class_list":["post-17801","page","type-page","status-publish","hentry"],"_links":{"self":[{"href":"https:\/\/www.taubenmarkt-kassel.de\/es\/wp-json\/wp\/v2\/pages\/17801","targetHints":{"allow":["GET"]}}],"collection":[{"href":"https:\/\/www.taubenmarkt-kassel.de\/es\/wp-json\/wp\/v2\/pages"}],"about":[{"href":"https:\/\/www.taubenmarkt-kassel.de\/es\/wp-json\/wp\/v2\/types\/page"}],"author":[{"embeddable":true,"href":"https:\/\/www.taubenmarkt-kassel.de\/es\/wp-json\/wp\/v2\/users\/5"}],"replies":[{"embeddable":true,"href":"https:\/\/www.taubenmarkt-kassel.de\/es\/wp-json\/wp\/v2\/comments?post=17801"}],"version-history":[{"count":0,"href":"https:\/\/www.taubenmarkt-kassel.de\/es\/wp-json\/wp\/v2\/pages\/17801\/revisions"}],"up":[{"embeddable":true,"href":"https:\/\/www.taubenmarkt-kassel.de\/es\/wp-json\/wp\/v2\/pages\/5719"}],"wp:attachment":[{"href":"https:\/\/www.taubenmarkt-kassel.de\/es\/wp-json\/wp\/v2\/media?parent=17801"}],"curies":[{"name":"wp","href":"https:\/\/api.w.org\/{rel}","templated":true}]}}